{"id":5518,"date":"2021-08-27T16:54:23","date_gmt":"2021-08-27T13:54:23","guid":{"rendered":"https:\/\/www.champagnelombardi.com\/?post_type=product&#038;p=5518"},"modified":"2025-09-22T19:15:21","modified_gmt":"2025-09-22T16:15:21","slug":"the-award-winners-90","status":"publish","type":"product","link":"https:\/\/www.champagnelombardi.com\/en\/nos-champagnes\/the-award-winners-90\/","title":{"rendered":"The Award winners 91+"},"content":{"rendered":"","protected":false},"excerpt":{"rendered":"<p><strong>Free Shipping<\/strong><\/p>\n<p>You will be getting 6 bottles. 2 of each of our highly awarded Champagnes tasted by recognized professionals and loved by our clients!<\/p>\n<p>You can find these cuv\u00e9es at <a href=\"https:\/\/lyon.intercontinental.com\/\" target=\"_blank\" rel=\"noopener\">Intercontinental Lyon<\/a>, <a href=\"https:\/\/www.danielnyc.com\/\" target=\"_blank\" rel=\"noopener\">Daniel Boulud NYC<\/a>, <a href=\"https:\/\/www.legourmetdeseze.com\/\" target=\"_blank\" rel=\"noopener\">LE Gourmet de S\u00e8ze<\/a>, <a href=\"https:\/\/www.marriott.com\/hotels\/travel\/shawh-w-shanghai-the-bund\/\" target=\"_blank\" rel=\"noopener\">W-Hotel Shanghai&#8230;<\/a><\/p>\n<p>2 <a href=\"https:\/\/www.champagnelombardi.com\/nos-champagnes\/le-blanc-de-noirs\/\" target=\"_blank\" rel=\"noopener\">Cuv\u00e9es Blanc de Noirs<\/a> \/ 100% Pinot Noirs \/ 91 points Wine Enthusiast <strong><em>&#8220;Vivino.com:\u00a0 Among top 2% of all wines in the world&#8221;<\/em><\/strong><\/p>\n<p>2 <a href=\"https:\/\/www.champagnelombardi.com\/nos-champagnes\/blanc-de-blanc\/\" target=\"_blank\" rel=\"noopener\">Cuv\u00e9es Blanc de Blancs<\/a> \/ 100% Chardonnay \/ 91 points Wine Spectator <strong><em>&#8220;Vivino.com:\u00a0 Among top 9% of all wines in the world&#8221;<\/em><\/strong><\/p>\n<p>2 <a href=\"https:\/\/www.champagnelombardi.com\/nos-champagnes\/hymenee\/\" target=\"_blank\" rel=\"noopener\">Cuv\u00e9es Hym\u00e9n\u00e9es<\/a> \/ 50% Pinot Noirs 50% Chardonnay\/ 92 points Robert Parker <strong><em>&#8220;Vivino.com:\u00a0 Among top 6% of all wines in the world&#8221;<\/em><\/strong><\/p>\n<p><a href=\"https:\/\/www.arts-et-gastronomie.com\/recette\/homard-bleu-petits-pois-brebis-des-monts-du-lyonnais-oeufs-de-caille-poches-jambon-jabugo-soupe-glacee\/\" target=\"_blank\" rel=\"noopener\">Photo: Michelin Star Chef Jean Fran\u00e7ois Malle, La Rotonde.<\/a><\/p>\n<p><strong>Good to know:<\/strong> All our champagnes are said to be &#8220;cuv\u00e9es&#8221; because they are exclusively made with first-press juices. As the name suggests, these most qualitative juices are obtained from the first pressing. Less qualitative size juices (second and third press) do not enter into the production of our champagnes.<\/p>\n","protected":false},"featured_media":5546,"comment_status":"closed","ping_status":"closed","template":"","meta":[],"product_brand":[],"product_cat":[61],"product_tag":[],"class_list":{"0":"post-5518","1":"product","2":"type-product","3":"status-publish","4":"has-post-thumbnail","6":"product_cat-champagne","8":"first","9":"instock","10":"shipping-taxable","11":"purchasable","12":"product-type-simple"},"yoast_head":"<!-- This site is optimized with the Yoast SEO plugin v27.2 - https:\/\/yoast.com\/product\/yoast-seo-wordpress\/ -->\n<title>The Award winners 91+ - Champagne Lombardi<\/title>\n<meta name=\"robots\" content=\"index, follow, max-snippet:-1, max-image-preview:large, max-video-preview:-1\" \/>\n<link rel=\"canonical\" href=\"https:\/\/www.champagnelombardi.com\/nos-champagnes\/the-award-winners-90\/\" \/>\n<meta property=\"og:locale\" content=\"en_US\" \/>\n<meta property=\"og:type\" content=\"article\" \/>\n<meta property=\"og:title\" content=\"The Award winners 91+ - Champagne Lombardi\" \/>\n<meta property=\"og:description\" content=\"[:en]Free Shipping  You will be getting 6 bottles. 2 of each of our highly awarded Champagnes tasted by recognized professionals and loved by our clients!  You can find these cuv\u00e9es at Intercontinental Lyon, Daniel Boulud NYC, LE Gourmet de S\u00e8ze, W-Hotel Shanghai...  2 Cuv\u00e9es Blanc de Noirs \/ 100% Pinot Noirs \/ 91 points Wine Enthusiast &quot;Vivino.com:\u00a0 Among top 2% of all wines in the world&quot;  2 Cuv\u00e9es Blanc de Blancs \/ 100% Chardonnay \/ 91 points Wine Spectator &quot;Vivino.com:\u00a0 Among top 9% of all wines in the world&quot;  2 Cuv\u00e9es Hym\u00e9n\u00e9es \/ 50% Pinot Noirs 50% Chardonnay\/ 92 points Robert Parker &quot;Vivino.com:\u00a0 Among top 6% of all wines in the world&quot;  Photo: Michelin Star Chef Jean Fran\u00e7ois Malle, La Rotonde.  Good to know: All our champagnes are said to be &quot;cuv\u00e9es&quot; because they are exclusively made with first-press juices. As the name suggests, these most qualitative juices are obtained from the first pressing. Less qualitative size juices (second and third press) do not enter into the production of our champagnes.[:fr]Free Shipping Vous recevrez 6 bouteilles, 2 de chacune de nos cuv\u00e9es aux notes dithyrambiques d\u00e9cern\u00e9es par les professionnels reconnus et tant aim\u00e9 par nos clients. Vous pouvez trouver ces cuv\u00e9es chez Intercontinental Lyon, Daniel Boulud NYC, LE Gourmet de S\u00e8ze, W-Hotel Shanghai...  2 Cuv\u00e9es Blanc de Noirs \/ 100% Pinot Noirs \/ 91 points Wine Enthusiast &quot;Vivino.com: Parmi le top 2 % des vins du monde entier&quot;  2 Cuv\u00e9es Blanc de Blancs \/ 100% Chardonnay \/ 91 points Wine Spectator &quot;Vivino.com: Parmi le top 9 % des vins du monde entier&quot;  2 Cuv\u00e9es Hym\u00e9n\u00e9es \/ 50% Pinot Noirs 50% Chardonnay\/ 92 points Robert Parker &quot;Vivino.com: Parmi le top 6 % des vins du monde entier&quot;  Photo: Michelin Star Chef Jean Fran\u00e7ois Malle, La Rotonde.  \u00c0 savoir: Tous nos champagnes sont dits de &quot;cuv\u00e9es&quot; car exclusivement \u00e9labor\u00e9s avec les jus de premi\u00e8re presse. Comme sont nom l&#039;indique ces jus les plus qualitatifs sont obtenus lors de la premi\u00e8re presse. Les jus de taille (seconde et troisi\u00e8me presse) moins qualitatifs n&#039;entrent pas dans l&#039;\u00e9laboration de nos champagnes.[:]\" \/>\n<meta property=\"og:url\" content=\"https:\/\/www.champagnelombardi.com\/nos-champagnes\/the-award-winners-90\/\" \/>\n<meta property=\"og:site_name\" content=\"Champagne Lombardi\" \/>\n<meta property=\"article:modified_time\" content=\"2025-09-22T16:15:21+00:00\" \/>\n<meta property=\"og:image\" content=\"https:\/\/www.champagnelombardi.com\/wp-content\/uploads\/2021\/08\/La-Rotonde.jpg\" \/>\n\t<meta property=\"og:image:width\" content=\"2012\" \/>\n\t<meta property=\"og:image:height\" content=\"2470\" \/>\n\t<meta property=\"og:image:type\" content=\"image\/jpeg\" \/>\n<meta name=\"twitter:card\" content=\"summary_large_image\" \/>\n<meta name=\"twitter:label1\" content=\"Est. reading time\" \/>\n\t<meta name=\"twitter:data1\" content=\"1 minute\" \/>\n<script type=\"application\/ld+json\" class=\"yoast-schema-graph\">{\"@context\":\"https:\/\/schema.org\",\"@graph\":[{\"@type\":\"WebPage\",\"@id\":\"https:\/\/www.champagnelombardi.com\/nos-champagnes\/the-award-winners-90\/\",\"url\":\"https:\/\/www.champagnelombardi.com\/nos-champagnes\/the-award-winners-90\/\",\"name\":\"The Award winners 91+ - Champagne Lombardi\",\"isPartOf\":{\"@id\":\"https:\/\/www.champagnelombardi.com\/fr\/#website\"},\"primaryImageOfPage\":{\"@id\":\"https:\/\/www.champagnelombardi.com\/nos-champagnes\/the-award-winners-90\/#primaryimage\"},\"image\":{\"@id\":\"https:\/\/www.champagnelombardi.com\/nos-champagnes\/the-award-winners-90\/#primaryimage\"},\"thumbnailUrl\":\"https:\/\/www.champagnelombardi.com\/wp-content\/uploads\/2021\/08\/La-Rotonde.jpg\",\"datePublished\":\"2021-08-27T13:54:23+00:00\",\"dateModified\":\"2025-09-22T16:15:21+00:00\",\"breadcrumb\":{\"@id\":\"https:\/\/www.champagnelombardi.com\/nos-champagnes\/the-award-winners-90\/#breadcrumb\"},\"inLanguage\":\"en-US\",\"potentialAction\":[{\"@type\":\"ReadAction\",\"target\":[\"https:\/\/www.champagnelombardi.com\/nos-champagnes\/the-award-winners-90\/\"]}]},{\"@type\":\"ImageObject\",\"inLanguage\":\"en-US\",\"@id\":\"https:\/\/www.champagnelombardi.com\/nos-champagnes\/the-award-winners-90\/#primaryimage\",\"url\":\"https:\/\/www.champagnelombardi.com\/wp-content\/uploads\/2021\/08\/La-Rotonde.jpg\",\"contentUrl\":\"https:\/\/www.champagnelombardi.com\/wp-content\/uploads\/2021\/08\/La-Rotonde.jpg\",\"width\":2012,\"height\":2470},{\"@type\":\"BreadcrumbList\",\"@id\":\"https:\/\/www.champagnelombardi.com\/nos-champagnes\/the-award-winners-90\/#breadcrumb\",\"itemListElement\":[{\"@type\":\"ListItem\",\"position\":1,\"name\":\"Accueil\",\"item\":\"https:\/\/www.champagnelombardi.com\/\"},{\"@type\":\"ListItem\",\"position\":2,\"name\":\"La boutique\",\"item\":\"https:\/\/www.champagnelombardi.com\/wines\/\"},{\"@type\":\"ListItem\",\"position\":3,\"name\":\"Les cuv\u00e9es \u00e9toil\u00e9s\"}]},{\"@type\":\"WebSite\",\"@id\":\"https:\/\/www.champagnelombardi.com\/fr\/#website\",\"url\":\"https:\/\/www.champagnelombardi.com\/fr\/\",\"name\":\"Champagne Lombardi\",\"description\":\"\",\"publisher\":{\"@id\":\"https:\/\/www.champagnelombardi.com\/fr\/#organization\"},\"potentialAction\":[{\"@type\":\"SearchAction\",\"target\":{\"@type\":\"EntryPoint\",\"urlTemplate\":\"https:\/\/www.champagnelombardi.com\/fr\/?s={search_term_string}\"},\"query-input\":{\"@type\":\"PropertyValueSpecification\",\"valueRequired\":true,\"valueName\":\"search_term_string\"}}],\"inLanguage\":\"en-US\"},{\"@type\":\"Organization\",\"@id\":\"https:\/\/www.champagnelombardi.com\/fr\/#organization\",\"name\":\"Champagne Lombardi\",\"url\":\"https:\/\/www.champagnelombardi.com\/fr\/\",\"logo\":{\"@type\":\"ImageObject\",\"inLanguage\":\"en-US\",\"@id\":\"https:\/\/www.champagnelombardi.com\/fr\/#\/schema\/logo\/image\/\",\"url\":\"https:\/\/www.champagnelombardi.com\/wp-content\/uploads\/2017\/10\/logo_footer.png\",\"contentUrl\":\"https:\/\/www.champagnelombardi.com\/wp-content\/uploads\/2017\/10\/logo_footer.png\",\"width\":714,\"height\":552,\"caption\":\"Champagne Lombardi\"},\"image\":{\"@id\":\"https:\/\/www.champagnelombardi.com\/fr\/#\/schema\/logo\/image\/\"}}]}<\/script>\n<!-- \/ Yoast SEO plugin. -->","yoast_head_json":{"title":"The Award winners 91+ - Champagne Lombardi","robots":{"index":"index","follow":"follow","max-snippet":"max-snippet:-1","max-image-preview":"max-image-preview:large","max-video-preview":"max-video-preview:-1"},"canonical":"https:\/\/www.champagnelombardi.com\/nos-champagnes\/the-award-winners-90\/","og_locale":"en_US","og_type":"article","og_title":"The Award winners 91+ - Champagne Lombardi","og_description":"[:en]Free Shipping  You will be getting 6 bottles. 2 of each of our highly awarded Champagnes tasted by recognized professionals and loved by our clients!  You can find these cuv\u00e9es at Intercontinental Lyon, Daniel Boulud NYC, LE Gourmet de S\u00e8ze, W-Hotel Shanghai...  2 Cuv\u00e9es Blanc de Noirs \/ 100% Pinot Noirs \/ 91 points Wine Enthusiast \"Vivino.com:\u00a0 Among top 2% of all wines in the world\"  2 Cuv\u00e9es Blanc de Blancs \/ 100% Chardonnay \/ 91 points Wine Spectator \"Vivino.com:\u00a0 Among top 9% of all wines in the world\"  2 Cuv\u00e9es Hym\u00e9n\u00e9es \/ 50% Pinot Noirs 50% Chardonnay\/ 92 points Robert Parker \"Vivino.com:\u00a0 Among top 6% of all wines in the world\"  Photo: Michelin Star Chef Jean Fran\u00e7ois Malle, La Rotonde.  Good to know: All our champagnes are said to be \"cuv\u00e9es\" because they are exclusively made with first-press juices. As the name suggests, these most qualitative juices are obtained from the first pressing. Less qualitative size juices (second and third press) do not enter into the production of our champagnes.[:fr]Free Shipping Vous recevrez 6 bouteilles, 2 de chacune de nos cuv\u00e9es aux notes dithyrambiques d\u00e9cern\u00e9es par les professionnels reconnus et tant aim\u00e9 par nos clients. Vous pouvez trouver ces cuv\u00e9es chez Intercontinental Lyon, Daniel Boulud NYC, LE Gourmet de S\u00e8ze, W-Hotel Shanghai...  2 Cuv\u00e9es Blanc de Noirs \/ 100% Pinot Noirs \/ 91 points Wine Enthusiast \"Vivino.com: Parmi le top 2 % des vins du monde entier\"  2 Cuv\u00e9es Blanc de Blancs \/ 100% Chardonnay \/ 91 points Wine Spectator \"Vivino.com: Parmi le top 9 % des vins du monde entier\"  2 Cuv\u00e9es Hym\u00e9n\u00e9es \/ 50% Pinot Noirs 50% Chardonnay\/ 92 points Robert Parker \"Vivino.com: Parmi le top 6 % des vins du monde entier\"  Photo: Michelin Star Chef Jean Fran\u00e7ois Malle, La Rotonde.  \u00c0 savoir: Tous nos champagnes sont dits de \"cuv\u00e9es\" car exclusivement \u00e9labor\u00e9s avec les jus de premi\u00e8re presse. Comme sont nom l'indique ces jus les plus qualitatifs sont obtenus lors de la premi\u00e8re presse. Les jus de taille (seconde et troisi\u00e8me presse) moins qualitatifs n'entrent pas dans l'\u00e9laboration de nos champagnes.[:]","og_url":"https:\/\/www.champagnelombardi.com\/nos-champagnes\/the-award-winners-90\/","og_site_name":"Champagne Lombardi","article_modified_time":"2025-09-22T16:15:21+00:00","og_image":[{"width":2012,"height":2470,"url":"https:\/\/www.champagnelombardi.com\/wp-content\/uploads\/2021\/08\/La-Rotonde.jpg","type":"image\/jpeg"}],"twitter_card":"summary_large_image","twitter_misc":{"Est. reading time":"1 minute"},"schema":{"@context":"https:\/\/schema.org","@graph":[{"@type":"WebPage","@id":"https:\/\/www.champagnelombardi.com\/nos-champagnes\/the-award-winners-90\/","url":"https:\/\/www.champagnelombardi.com\/nos-champagnes\/the-award-winners-90\/","name":"The Award winners 91+ - Champagne Lombardi","isPartOf":{"@id":"https:\/\/www.champagnelombardi.com\/fr\/#website"},"primaryImageOfPage":{"@id":"https:\/\/www.champagnelombardi.com\/nos-champagnes\/the-award-winners-90\/#primaryimage"},"image":{"@id":"https:\/\/www.champagnelombardi.com\/nos-champagnes\/the-award-winners-90\/#primaryimage"},"thumbnailUrl":"https:\/\/www.champagnelombardi.com\/wp-content\/uploads\/2021\/08\/La-Rotonde.jpg","datePublished":"2021-08-27T13:54:23+00:00","dateModified":"2025-09-22T16:15:21+00:00","breadcrumb":{"@id":"https:\/\/www.champagnelombardi.com\/nos-champagnes\/the-award-winners-90\/#breadcrumb"},"inLanguage":"en-US","potentialAction":[{"@type":"ReadAction","target":["https:\/\/www.champagnelombardi.com\/nos-champagnes\/the-award-winners-90\/"]}]},{"@type":"ImageObject","inLanguage":"en-US","@id":"https:\/\/www.champagnelombardi.com\/nos-champagnes\/the-award-winners-90\/#primaryimage","url":"https:\/\/www.champagnelombardi.com\/wp-content\/uploads\/2021\/08\/La-Rotonde.jpg","contentUrl":"https:\/\/www.champagnelombardi.com\/wp-content\/uploads\/2021\/08\/La-Rotonde.jpg","width":2012,"height":2470},{"@type":"BreadcrumbList","@id":"https:\/\/www.champagnelombardi.com\/nos-champagnes\/the-award-winners-90\/#breadcrumb","itemListElement":[{"@type":"ListItem","position":1,"name":"Accueil","item":"https:\/\/www.champagnelombardi.com\/"},{"@type":"ListItem","position":2,"name":"La boutique","item":"https:\/\/www.champagnelombardi.com\/wines\/"},{"@type":"ListItem","position":3,"name":"Les cuv\u00e9es \u00e9toil\u00e9s"}]},{"@type":"WebSite","@id":"https:\/\/www.champagnelombardi.com\/fr\/#website","url":"https:\/\/www.champagnelombardi.com\/fr\/","name":"Champagne Lombardi","description":"","publisher":{"@id":"https:\/\/www.champagnelombardi.com\/fr\/#organization"},"potentialAction":[{"@type":"SearchAction","target":{"@type":"EntryPoint","urlTemplate":"https:\/\/www.champagnelombardi.com\/fr\/?s={search_term_string}"},"query-input":{"@type":"PropertyValueSpecification","valueRequired":true,"valueName":"search_term_string"}}],"inLanguage":"en-US"},{"@type":"Organization","@id":"https:\/\/www.champagnelombardi.com\/fr\/#organization","name":"Champagne Lombardi","url":"https:\/\/www.champagnelombardi.com\/fr\/","logo":{"@type":"ImageObject","inLanguage":"en-US","@id":"https:\/\/www.champagnelombardi.com\/fr\/#\/schema\/logo\/image\/","url":"https:\/\/www.champagnelombardi.com\/wp-content\/uploads\/2017\/10\/logo_footer.png","contentUrl":"https:\/\/www.champagnelombardi.com\/wp-content\/uploads\/2017\/10\/logo_footer.png","width":714,"height":552,"caption":"Champagne Lombardi"},"image":{"@id":"https:\/\/www.champagnelombardi.com\/fr\/#\/schema\/logo\/image\/"}}]}},"_links":{"self":[{"href":"https:\/\/www.champagnelombardi.com\/en\/wp-json\/wp\/v2\/product\/5518","targetHints":{"allow":["GET"]}}],"collection":[{"href":"https:\/\/www.champagnelombardi.com\/en\/wp-json\/wp\/v2\/product"}],"about":[{"href":"https:\/\/www.champagnelombardi.com\/en\/wp-json\/wp\/v2\/types\/product"}],"replies":[{"embeddable":true,"href":"https:\/\/www.champagnelombardi.com\/en\/wp-json\/wp\/v2\/comments?post=5518"}],"wp:featuredmedia":[{"embeddable":true,"href":"https:\/\/www.champagnelombardi.com\/en\/wp-json\/wp\/v2\/media\/5546"}],"wp:attachment":[{"href":"https:\/\/www.champagnelombardi.com\/en\/wp-json\/wp\/v2\/media?parent=5518"}],"wp:term":[{"taxonomy":"product_brand","embeddable":true,"href":"https:\/\/www.champagnelombardi.com\/en\/wp-json\/wp\/v2\/product_brand?post=5518"},{"taxonomy":"product_cat","embeddable":true,"href":"https:\/\/www.champagnelombardi.com\/en\/wp-json\/wp\/v2\/product_cat?post=5518"},{"taxonomy":"product_tag","embeddable":true,"href":"https:\/\/www.champagnelombardi.com\/en\/wp-json\/wp\/v2\/product_tag?post=5518"}],"curies":[{"name":"wp","href":"https:\/\/api.w.org\/{rel}","templated":true}]}}