{"id":2833,"date":"2021-07-02T19:29:34","date_gmt":"2021-07-02T16:29:34","guid":{"rendered":"https:\/\/www.champagnelombardi.com\/?post_type=product&#038;p=2833"},"modified":"2025-09-22T19:54:56","modified_gmt":"2025-09-22T16:54:56","slug":"our-gift-cards","status":"publish","type":"product","link":"https:\/\/www.champagnelombardi.com\/en\/nos-champagnes\/our-gift-cards\/","title":{"rendered":"GIVE A GIFT"},"content":{"rendered":"","protected":false},"excerpt":{"rendered":"<p>A special event to celebrate, or just a little something to brighten a loved one\u2019s day? Gift <a href=\"https:\/\/www.champagnelombardi.com\/en\/nos-champagnes\/the-award-winners-90\/\">the award winners<\/a> to your friends, family and coworkers!<\/p>\n<p>Before checking out, you can create a personal note to be added to your gift card and if you would rather send an paper version of your gift card, just let us know by adding this information in &#8220;personal note&#8221; before validating your purchase.<\/p>\n<p><strong>Do you wish to offer one or several different cuv\u00e9es? Please <a href=\"https:\/\/www.champagnelombardi.com\/contact\/\" target=\"_blank\" rel=\"noopener\">contact us here<\/a> in order to personalize your gift.<\/strong><\/p>\n<p><strong>Good to know:<\/strong> All our champagnes are said to be &#8220;cuv\u00e9es&#8221; because they are exclusively made with first-press juices. As the name suggests, these most qualitative juices are obtained from the first pressing. Less qualitative size juices (second and third press) do not enter into the production of our champagnes.<\/p>\n","protected":false},"featured_media":5557,"comment_status":"closed","ping_status":"closed","template":"","meta":[],"product_brand":[],"product_cat":[61],"product_tag":[],"class_list":{"0":"post-2833","1":"product","2":"type-product","3":"status-publish","4":"has-post-thumbnail","6":"product_cat-champagne","8":"first","9":"instock","10":"shipping-taxable","11":"purchasable","12":"product-type-simple"},"yoast_head":"<!-- This site is optimized with the Yoast SEO plugin v27.2 - https:\/\/yoast.com\/product\/yoast-seo-wordpress\/ -->\n<title>GIVE A GIFT - Champagne Lombardi<\/title>\n<meta name=\"robots\" content=\"index, follow, max-snippet:-1, max-image-preview:large, max-video-preview:-1\" \/>\n<link rel=\"canonical\" href=\"https:\/\/www.champagnelombardi.com\/nos-champagnes\/our-gift-cards\/\" \/>\n<meta property=\"og:locale\" content=\"en_US\" \/>\n<meta property=\"og:type\" content=\"article\" \/>\n<meta property=\"og:title\" content=\"GIVE A GIFT - Champagne Lombardi\" \/>\n<meta property=\"og:description\" content=\"[:en]A special event to celebrate, or just a little something to brighten a loved one\u2019s day? Gift the award winners to your friends, family and coworkers!  Before checking out, you can create a personal note to be added to your gift card and if you would rather send an paper version of your gift card, just let us know by adding this information in &quot;personal note&quot; before validating your purchase.  Do you wish to offer one or several different cuv\u00e9es? Please contact us here in order to personalize your gift.  Good to know: All our champagnes are said to be &quot;cuv\u00e9es&quot; because they are exclusively made with first-press juices. As the name suggests, these most qualitative juices are obtained from the first pressing. Less qualitative size juices (second and third press) do not enter into the production of our champagnes.[:fr]Un \u00e9v\u00e8nement sp\u00e9cial \u00e0 c\u00e9l\u00e9brer, ou simplement un petit quelque chose pour \u00e9gayer la journ\u00e9e d&#039;un \u00eatre cher ? Offrez notre cuv\u00e9e Blanc de Noirs \u00e0 vos amis et \u00e0 votre famille !  En achetant votre carte cadeau, vous recevrez un code exclusif correspondant \u00e0 votre achat et \u00e0 utiliser sur notre boutique.  Vous souhaitez offrir une ou plusieurs autres cuv\u00e9es? Contacter nous ici afin de personnaliser votre cadeau.  Avant de r\u00e9gler vos achats, vous pourrez cr\u00e9er une note personnelle \u00e0 ajouter \u00e0 votre carte-cadeau. Si vous pr\u00e9f\u00e9rez envoyer une version papier de votre carte cadeau, faites le nous savoir en ajoutant cette information dans &quot;consignes de livraison&quot; avant la finalisation de votre achat.  \u00c0 savoir: Tous nos champagnes sont dits de &quot;cuv\u00e9es&quot; car exclusivement \u00e9labor\u00e9s avec les jus de premi\u00e8re presse. Comme son nom l&#039;indique ces jus les plus qualitatifs sont obtenus lors de la premi\u00e8re presse. Les jus de taille (seconde et troisi\u00e8me presse) moins qualitatifs n&#039;entrent pas dans l&#039;\u00e9laboration de nos champagnes.[:]\" \/>\n<meta property=\"og:url\" content=\"https:\/\/www.champagnelombardi.com\/nos-champagnes\/our-gift-cards\/\" \/>\n<meta property=\"og:site_name\" content=\"Champagne Lombardi\" \/>\n<meta property=\"article:modified_time\" content=\"2025-09-22T16:54:56+00:00\" \/>\n<meta property=\"og:image\" content=\"https:\/\/www.champagnelombardi.com\/wp-content\/uploads\/2021\/09\/cadeaux.jpg\" \/>\n\t<meta property=\"og:image:width\" content=\"2012\" \/>\n\t<meta property=\"og:image:height\" content=\"2470\" \/>\n\t<meta property=\"og:image:type\" content=\"image\/jpeg\" \/>\n<meta name=\"twitter:card\" content=\"summary_large_image\" \/>\n<meta name=\"twitter:label1\" content=\"Est. reading time\" \/>\n\t<meta name=\"twitter:data1\" content=\"1 minute\" \/>\n<script type=\"application\/ld+json\" class=\"yoast-schema-graph\">{\"@context\":\"https:\/\/schema.org\",\"@graph\":[{\"@type\":\"WebPage\",\"@id\":\"https:\/\/www.champagnelombardi.com\/nos-champagnes\/our-gift-cards\/\",\"url\":\"https:\/\/www.champagnelombardi.com\/nos-champagnes\/our-gift-cards\/\",\"name\":\"GIVE A GIFT - Champagne Lombardi\",\"isPartOf\":{\"@id\":\"https:\/\/www.champagnelombardi.com\/fr\/#website\"},\"primaryImageOfPage\":{\"@id\":\"https:\/\/www.champagnelombardi.com\/nos-champagnes\/our-gift-cards\/#primaryimage\"},\"image\":{\"@id\":\"https:\/\/www.champagnelombardi.com\/nos-champagnes\/our-gift-cards\/#primaryimage\"},\"thumbnailUrl\":\"https:\/\/www.champagnelombardi.com\/wp-content\/uploads\/2021\/09\/cadeaux.jpg\",\"datePublished\":\"2021-07-02T16:29:34+00:00\",\"dateModified\":\"2025-09-22T16:54:56+00:00\",\"breadcrumb\":{\"@id\":\"https:\/\/www.champagnelombardi.com\/nos-champagnes\/our-gift-cards\/#breadcrumb\"},\"inLanguage\":\"en-US\",\"potentialAction\":[{\"@type\":\"ReadAction\",\"target\":[\"https:\/\/www.champagnelombardi.com\/nos-champagnes\/our-gift-cards\/\"]}]},{\"@type\":\"ImageObject\",\"inLanguage\":\"en-US\",\"@id\":\"https:\/\/www.champagnelombardi.com\/nos-champagnes\/our-gift-cards\/#primaryimage\",\"url\":\"https:\/\/www.champagnelombardi.com\/wp-content\/uploads\/2021\/09\/cadeaux.jpg\",\"contentUrl\":\"https:\/\/www.champagnelombardi.com\/wp-content\/uploads\/2021\/09\/cadeaux.jpg\",\"width\":2012,\"height\":2470},{\"@type\":\"BreadcrumbList\",\"@id\":\"https:\/\/www.champagnelombardi.com\/nos-champagnes\/our-gift-cards\/#breadcrumb\",\"itemListElement\":[{\"@type\":\"ListItem\",\"position\":1,\"name\":\"Accueil\",\"item\":\"https:\/\/www.champagnelombardi.com\/\"},{\"@type\":\"ListItem\",\"position\":2,\"name\":\"La boutique\",\"item\":\"https:\/\/www.champagnelombardi.com\/wines\/\"},{\"@type\":\"ListItem\",\"position\":3,\"name\":\"LE PLAISIR D&rsquo;OFFRIR\"}]},{\"@type\":\"WebSite\",\"@id\":\"https:\/\/www.champagnelombardi.com\/fr\/#website\",\"url\":\"https:\/\/www.champagnelombardi.com\/fr\/\",\"name\":\"Champagne Lombardi\",\"description\":\"\",\"publisher\":{\"@id\":\"https:\/\/www.champagnelombardi.com\/fr\/#organization\"},\"potentialAction\":[{\"@type\":\"SearchAction\",\"target\":{\"@type\":\"EntryPoint\",\"urlTemplate\":\"https:\/\/www.champagnelombardi.com\/fr\/?s={search_term_string}\"},\"query-input\":{\"@type\":\"PropertyValueSpecification\",\"valueRequired\":true,\"valueName\":\"search_term_string\"}}],\"inLanguage\":\"en-US\"},{\"@type\":\"Organization\",\"@id\":\"https:\/\/www.champagnelombardi.com\/fr\/#organization\",\"name\":\"Champagne Lombardi\",\"url\":\"https:\/\/www.champagnelombardi.com\/fr\/\",\"logo\":{\"@type\":\"ImageObject\",\"inLanguage\":\"en-US\",\"@id\":\"https:\/\/www.champagnelombardi.com\/fr\/#\/schema\/logo\/image\/\",\"url\":\"https:\/\/www.champagnelombardi.com\/wp-content\/uploads\/2017\/10\/logo_footer.png\",\"contentUrl\":\"https:\/\/www.champagnelombardi.com\/wp-content\/uploads\/2017\/10\/logo_footer.png\",\"width\":714,\"height\":552,\"caption\":\"Champagne Lombardi\"},\"image\":{\"@id\":\"https:\/\/www.champagnelombardi.com\/fr\/#\/schema\/logo\/image\/\"}}]}<\/script>\n<!-- \/ Yoast SEO plugin. -->","yoast_head_json":{"title":"GIVE A GIFT - Champagne Lombardi","robots":{"index":"index","follow":"follow","max-snippet":"max-snippet:-1","max-image-preview":"max-image-preview:large","max-video-preview":"max-video-preview:-1"},"canonical":"https:\/\/www.champagnelombardi.com\/nos-champagnes\/our-gift-cards\/","og_locale":"en_US","og_type":"article","og_title":"GIVE A GIFT - Champagne Lombardi","og_description":"[:en]A special event to celebrate, or just a little something to brighten a loved one\u2019s day? Gift the award winners to your friends, family and coworkers!  Before checking out, you can create a personal note to be added to your gift card and if you would rather send an paper version of your gift card, just let us know by adding this information in \"personal note\" before validating your purchase.  Do you wish to offer one or several different cuv\u00e9es? Please contact us here in order to personalize your gift.  Good to know: All our champagnes are said to be \"cuv\u00e9es\" because they are exclusively made with first-press juices. As the name suggests, these most qualitative juices are obtained from the first pressing. Less qualitative size juices (second and third press) do not enter into the production of our champagnes.[:fr]Un \u00e9v\u00e8nement sp\u00e9cial \u00e0 c\u00e9l\u00e9brer, ou simplement un petit quelque chose pour \u00e9gayer la journ\u00e9e d'un \u00eatre cher ? Offrez notre cuv\u00e9e Blanc de Noirs \u00e0 vos amis et \u00e0 votre famille !  En achetant votre carte cadeau, vous recevrez un code exclusif correspondant \u00e0 votre achat et \u00e0 utiliser sur notre boutique.  Vous souhaitez offrir une ou plusieurs autres cuv\u00e9es? Contacter nous ici afin de personnaliser votre cadeau.  Avant de r\u00e9gler vos achats, vous pourrez cr\u00e9er une note personnelle \u00e0 ajouter \u00e0 votre carte-cadeau. Si vous pr\u00e9f\u00e9rez envoyer une version papier de votre carte cadeau, faites le nous savoir en ajoutant cette information dans \"consignes de livraison\" avant la finalisation de votre achat.  \u00c0 savoir: Tous nos champagnes sont dits de \"cuv\u00e9es\" car exclusivement \u00e9labor\u00e9s avec les jus de premi\u00e8re presse. Comme son nom l'indique ces jus les plus qualitatifs sont obtenus lors de la premi\u00e8re presse. Les jus de taille (seconde et troisi\u00e8me presse) moins qualitatifs n'entrent pas dans l'\u00e9laboration de nos champagnes.[:]","og_url":"https:\/\/www.champagnelombardi.com\/nos-champagnes\/our-gift-cards\/","og_site_name":"Champagne Lombardi","article_modified_time":"2025-09-22T16:54:56+00:00","og_image":[{"width":2012,"height":2470,"url":"https:\/\/www.champagnelombardi.com\/wp-content\/uploads\/2021\/09\/cadeaux.jpg","type":"image\/jpeg"}],"twitter_card":"summary_large_image","twitter_misc":{"Est. reading time":"1 minute"},"schema":{"@context":"https:\/\/schema.org","@graph":[{"@type":"WebPage","@id":"https:\/\/www.champagnelombardi.com\/nos-champagnes\/our-gift-cards\/","url":"https:\/\/www.champagnelombardi.com\/nos-champagnes\/our-gift-cards\/","name":"GIVE A GIFT - Champagne Lombardi","isPartOf":{"@id":"https:\/\/www.champagnelombardi.com\/fr\/#website"},"primaryImageOfPage":{"@id":"https:\/\/www.champagnelombardi.com\/nos-champagnes\/our-gift-cards\/#primaryimage"},"image":{"@id":"https:\/\/www.champagnelombardi.com\/nos-champagnes\/our-gift-cards\/#primaryimage"},"thumbnailUrl":"https:\/\/www.champagnelombardi.com\/wp-content\/uploads\/2021\/09\/cadeaux.jpg","datePublished":"2021-07-02T16:29:34+00:00","dateModified":"2025-09-22T16:54:56+00:00","breadcrumb":{"@id":"https:\/\/www.champagnelombardi.com\/nos-champagnes\/our-gift-cards\/#breadcrumb"},"inLanguage":"en-US","potentialAction":[{"@type":"ReadAction","target":["https:\/\/www.champagnelombardi.com\/nos-champagnes\/our-gift-cards\/"]}]},{"@type":"ImageObject","inLanguage":"en-US","@id":"https:\/\/www.champagnelombardi.com\/nos-champagnes\/our-gift-cards\/#primaryimage","url":"https:\/\/www.champagnelombardi.com\/wp-content\/uploads\/2021\/09\/cadeaux.jpg","contentUrl":"https:\/\/www.champagnelombardi.com\/wp-content\/uploads\/2021\/09\/cadeaux.jpg","width":2012,"height":2470},{"@type":"BreadcrumbList","@id":"https:\/\/www.champagnelombardi.com\/nos-champagnes\/our-gift-cards\/#breadcrumb","itemListElement":[{"@type":"ListItem","position":1,"name":"Accueil","item":"https:\/\/www.champagnelombardi.com\/"},{"@type":"ListItem","position":2,"name":"La boutique","item":"https:\/\/www.champagnelombardi.com\/wines\/"},{"@type":"ListItem","position":3,"name":"LE PLAISIR D&rsquo;OFFRIR"}]},{"@type":"WebSite","@id":"https:\/\/www.champagnelombardi.com\/fr\/#website","url":"https:\/\/www.champagnelombardi.com\/fr\/","name":"Champagne Lombardi","description":"","publisher":{"@id":"https:\/\/www.champagnelombardi.com\/fr\/#organization"},"potentialAction":[{"@type":"SearchAction","target":{"@type":"EntryPoint","urlTemplate":"https:\/\/www.champagnelombardi.com\/fr\/?s={search_term_string}"},"query-input":{"@type":"PropertyValueSpecification","valueRequired":true,"valueName":"search_term_string"}}],"inLanguage":"en-US"},{"@type":"Organization","@id":"https:\/\/www.champagnelombardi.com\/fr\/#organization","name":"Champagne Lombardi","url":"https:\/\/www.champagnelombardi.com\/fr\/","logo":{"@type":"ImageObject","inLanguage":"en-US","@id":"https:\/\/www.champagnelombardi.com\/fr\/#\/schema\/logo\/image\/","url":"https:\/\/www.champagnelombardi.com\/wp-content\/uploads\/2017\/10\/logo_footer.png","contentUrl":"https:\/\/www.champagnelombardi.com\/wp-content\/uploads\/2017\/10\/logo_footer.png","width":714,"height":552,"caption":"Champagne Lombardi"},"image":{"@id":"https:\/\/www.champagnelombardi.com\/fr\/#\/schema\/logo\/image\/"}}]}},"_links":{"self":[{"href":"https:\/\/www.champagnelombardi.com\/en\/wp-json\/wp\/v2\/product\/2833","targetHints":{"allow":["GET"]}}],"collection":[{"href":"https:\/\/www.champagnelombardi.com\/en\/wp-json\/wp\/v2\/product"}],"about":[{"href":"https:\/\/www.champagnelombardi.com\/en\/wp-json\/wp\/v2\/types\/product"}],"replies":[{"embeddable":true,"href":"https:\/\/www.champagnelombardi.com\/en\/wp-json\/wp\/v2\/comments?post=2833"}],"wp:featuredmedia":[{"embeddable":true,"href":"https:\/\/www.champagnelombardi.com\/en\/wp-json\/wp\/v2\/media\/5557"}],"wp:attachment":[{"href":"https:\/\/www.champagnelombardi.com\/en\/wp-json\/wp\/v2\/media?parent=2833"}],"wp:term":[{"taxonomy":"product_brand","embeddable":true,"href":"https:\/\/www.champagnelombardi.com\/en\/wp-json\/wp\/v2\/product_brand?post=2833"},{"taxonomy":"product_cat","embeddable":true,"href":"https:\/\/www.champagnelombardi.com\/en\/wp-json\/wp\/v2\/product_cat?post=2833"},{"taxonomy":"product_tag","embeddable":true,"href":"https:\/\/www.champagnelombardi.com\/en\/wp-json\/wp\/v2\/product_tag?post=2833"}],"curies":[{"name":"wp","href":"https:\/\/api.w.org\/{rel}","templated":true}]}}