{"id":2827,"date":"2021-07-02T13:31:32","date_gmt":"2021-07-02T10:31:32","guid":{"rendered":"https:\/\/www.champagnelombardi.com\/?post_type=product&#038;p=2827"},"modified":"2025-09-22T19:23:05","modified_gmt":"2025-09-22T16:23:05","slug":"sampler-case-of-6-with-free-shipping","status":"publish","type":"product","link":"https:\/\/www.champagnelombardi.com\/en\/nos-champagnes\/sampler-case-of-6-with-free-shipping\/","title":{"rendered":"Sampler case"},"content":{"rendered":"","protected":false},"excerpt":{"rendered":"<p>Having trouble deciding which cuvee to choose?<\/p>\n<p>Don\u2019t worry, our sampler case is the solution to this dilemma.\u00a0 Experience the full universe of Champagne Lombardi\u2026 a collection of 3 of our cuvees, including our<\/p>\n<p><span style=\"color: #0000ff;\"><a style=\"color: #0000ff;\" href=\"https:\/\/www.champagnelombardi.com\/en\/nos-champagnes\/axiome\/\">Cuv\u00e9e Axiome<\/a><\/span> \/ 90% Pinot Noir \/ 20% Chardonnay<\/p>\n<p><a href=\"https:\/\/www.champagnelombardi.com\/nos-champagnes\/blanc-de-noirs-extra-brut\/\" target=\"_blank\" rel=\"noopener\">Cuv\u00e9e Blanc de Noirs Extra Brut<\/a>, \/ 100% Pinot Noirs<\/p>\n<p><a href=\"https:\/\/www.champagnelombardi.com\/nos-champagnes\/anthese\/\" target=\"_blank\" rel=\"noopener\">Cuv\u00e9e Anth\u00e8se ros\u00e9<\/a>, \/ 80% Pinot Noir \/ 10% Chardonnay<\/p>\n<p>A true experience to share with friends and family.<\/p>\n<p><strong>Good to know:<\/strong> All our champagnes are said to be &#8220;cuv\u00e9es&#8221; because they are exclusively made with first-press juices. As the name suggests, these most qualitative juices are obtained from the first pressing. Less qualitative size juices (second and third press) do not enter into the production of our champagnes.<\/p>\n","protected":false},"featured_media":5550,"comment_status":"closed","ping_status":"closed","template":"","meta":[],"product_brand":[],"product_cat":[61],"product_tag":[],"class_list":{"0":"post-2827","1":"product","2":"type-product","3":"status-publish","4":"has-post-thumbnail","6":"product_cat-champagne","8":"first","9":"instock","10":"shipping-taxable","11":"purchasable","12":"product-type-simple"},"yoast_head":"<!-- This site is optimized with the Yoast SEO plugin v27.2 - https:\/\/yoast.com\/product\/yoast-seo-wordpress\/ -->\n<title>Sampler case - Champagne Lombardi<\/title>\n<meta name=\"robots\" content=\"index, follow, max-snippet:-1, max-image-preview:large, max-video-preview:-1\" \/>\n<link rel=\"canonical\" href=\"https:\/\/www.champagnelombardi.com\/nos-champagnes\/sampler-case-of-6-with-free-shipping\/\" \/>\n<meta property=\"og:locale\" content=\"en_US\" \/>\n<meta property=\"og:type\" content=\"article\" \/>\n<meta property=\"og:title\" content=\"Sampler case - Champagne Lombardi\" \/>\n<meta property=\"og:description\" content=\"[:en]Having trouble deciding which cuvee to choose?  Don\u2019t worry, our sampler case is the solution to this dilemma.\u00a0 Experience the full universe of Champagne Lombardi\u2026 a collection of 3 of our cuvees, including our  Cuv\u00e9e Axiome \/ 90% Pinot Noir \/ 20% Chardonnay  Cuv\u00e9e Blanc de Noirs Extra Brut, \/ 100% Pinot Noirs  Cuv\u00e9e Anth\u00e8se ros\u00e9, \/ 80% Pinot Noir \/ 10% Chardonnay  A true experience to share with friends and family.  Good to know: All our champagnes are said to be &quot;cuv\u00e9es&quot; because they are exclusively made with first-press juices. As the name suggests, these most qualitative juices are obtained from the first pressing. Less qualitative size juices (second and third press) do not enter into the production of our champagnes.[:fr]Vous ne savez pas quelles cuv\u00e9es choisir?\u00a0 Pas d&#039;inqui\u00e9tudes notre offre d\u00e9gustation d\u00e9couverte est la solution \u00e0 ce dilemme.  D\u00e9couvrez tout l&#039;univers du Champagne Lombardi\u2026 une collection de 6 de nos cuv\u00e9es, dont notre Mill\u00e9sime 2012 qui vieillit lentement depuis 9 ans, le tout pour moins de 30\u20ac la bouteille!  Une v\u00e9ritable exp\u00e9rience \u00e0 partager entre amis et en famille.  \u00c0 savoir: Tous nos champagnes sont dits de &quot;cuv\u00e9es&quot; car exclusivement \u00e9labor\u00e9s avec les jus de premi\u00e8re presse. Comme sont nom l&#039;indique ces jus les plus qualitatifs sont obtenus lors de la premi\u00e8re presse. Les jus de taille (seconde et troisi\u00e8me presse) moins qualitatifs n&#039;entrent pas dans l&#039;\u00e9laboration de nos champagnes.[:]\" \/>\n<meta property=\"og:url\" content=\"https:\/\/www.champagnelombardi.com\/nos-champagnes\/sampler-case-of-6-with-free-shipping\/\" \/>\n<meta property=\"og:site_name\" content=\"Champagne Lombardi\" \/>\n<meta property=\"article:modified_time\" content=\"2025-09-22T16:23:05+00:00\" \/>\n<meta property=\"og:image\" content=\"https:\/\/www.champagnelombardi.com\/wp-content\/uploads\/2021\/07\/sampler.jpg\" \/>\n\t<meta property=\"og:image:width\" content=\"2012\" \/>\n\t<meta property=\"og:image:height\" content=\"2470\" \/>\n\t<meta property=\"og:image:type\" content=\"image\/jpeg\" \/>\n<meta name=\"twitter:card\" content=\"summary_large_image\" \/>\n<meta name=\"twitter:label1\" content=\"Est. reading time\" \/>\n\t<meta name=\"twitter:data1\" content=\"1 minute\" \/>\n<script type=\"application\/ld+json\" class=\"yoast-schema-graph\">{\"@context\":\"https:\/\/schema.org\",\"@graph\":[{\"@type\":\"WebPage\",\"@id\":\"https:\/\/www.champagnelombardi.com\/nos-champagnes\/sampler-case-of-6-with-free-shipping\/\",\"url\":\"https:\/\/www.champagnelombardi.com\/nos-champagnes\/sampler-case-of-6-with-free-shipping\/\",\"name\":\"Sampler case - Champagne Lombardi\",\"isPartOf\":{\"@id\":\"https:\/\/www.champagnelombardi.com\/fr\/#website\"},\"primaryImageOfPage\":{\"@id\":\"https:\/\/www.champagnelombardi.com\/nos-champagnes\/sampler-case-of-6-with-free-shipping\/#primaryimage\"},\"image\":{\"@id\":\"https:\/\/www.champagnelombardi.com\/nos-champagnes\/sampler-case-of-6-with-free-shipping\/#primaryimage\"},\"thumbnailUrl\":\"https:\/\/www.champagnelombardi.com\/wp-content\/uploads\/2021\/07\/sampler.jpg\",\"datePublished\":\"2021-07-02T10:31:32+00:00\",\"dateModified\":\"2025-09-22T16:23:05+00:00\",\"breadcrumb\":{\"@id\":\"https:\/\/www.champagnelombardi.com\/nos-champagnes\/sampler-case-of-6-with-free-shipping\/#breadcrumb\"},\"inLanguage\":\"en-US\",\"potentialAction\":[{\"@type\":\"ReadAction\",\"target\":[\"https:\/\/www.champagnelombardi.com\/nos-champagnes\/sampler-case-of-6-with-free-shipping\/\"]}]},{\"@type\":\"ImageObject\",\"inLanguage\":\"en-US\",\"@id\":\"https:\/\/www.champagnelombardi.com\/nos-champagnes\/sampler-case-of-6-with-free-shipping\/#primaryimage\",\"url\":\"https:\/\/www.champagnelombardi.com\/wp-content\/uploads\/2021\/07\/sampler.jpg\",\"contentUrl\":\"https:\/\/www.champagnelombardi.com\/wp-content\/uploads\/2021\/07\/sampler.jpg\",\"width\":2012,\"height\":2470},{\"@type\":\"BreadcrumbList\",\"@id\":\"https:\/\/www.champagnelombardi.com\/nos-champagnes\/sampler-case-of-6-with-free-shipping\/#breadcrumb\",\"itemListElement\":[{\"@type\":\"ListItem\",\"position\":1,\"name\":\"Accueil\",\"item\":\"https:\/\/www.champagnelombardi.com\/\"},{\"@type\":\"ListItem\",\"position\":2,\"name\":\"La boutique\",\"item\":\"https:\/\/www.champagnelombardi.com\/wines\/\"},{\"@type\":\"ListItem\",\"position\":3,\"name\":\"Carton d\u00e9couverte\"}]},{\"@type\":\"WebSite\",\"@id\":\"https:\/\/www.champagnelombardi.com\/fr\/#website\",\"url\":\"https:\/\/www.champagnelombardi.com\/fr\/\",\"name\":\"Champagne Lombardi\",\"description\":\"\",\"publisher\":{\"@id\":\"https:\/\/www.champagnelombardi.com\/fr\/#organization\"},\"potentialAction\":[{\"@type\":\"SearchAction\",\"target\":{\"@type\":\"EntryPoint\",\"urlTemplate\":\"https:\/\/www.champagnelombardi.com\/fr\/?s={search_term_string}\"},\"query-input\":{\"@type\":\"PropertyValueSpecification\",\"valueRequired\":true,\"valueName\":\"search_term_string\"}}],\"inLanguage\":\"en-US\"},{\"@type\":\"Organization\",\"@id\":\"https:\/\/www.champagnelombardi.com\/fr\/#organization\",\"name\":\"Champagne Lombardi\",\"url\":\"https:\/\/www.champagnelombardi.com\/fr\/\",\"logo\":{\"@type\":\"ImageObject\",\"inLanguage\":\"en-US\",\"@id\":\"https:\/\/www.champagnelombardi.com\/fr\/#\/schema\/logo\/image\/\",\"url\":\"https:\/\/www.champagnelombardi.com\/wp-content\/uploads\/2017\/10\/logo_footer.png\",\"contentUrl\":\"https:\/\/www.champagnelombardi.com\/wp-content\/uploads\/2017\/10\/logo_footer.png\",\"width\":714,\"height\":552,\"caption\":\"Champagne Lombardi\"},\"image\":{\"@id\":\"https:\/\/www.champagnelombardi.com\/fr\/#\/schema\/logo\/image\/\"}}]}<\/script>\n<!-- \/ Yoast SEO plugin. -->","yoast_head_json":{"title":"Sampler case - Champagne Lombardi","robots":{"index":"index","follow":"follow","max-snippet":"max-snippet:-1","max-image-preview":"max-image-preview:large","max-video-preview":"max-video-preview:-1"},"canonical":"https:\/\/www.champagnelombardi.com\/nos-champagnes\/sampler-case-of-6-with-free-shipping\/","og_locale":"en_US","og_type":"article","og_title":"Sampler case - Champagne Lombardi","og_description":"[:en]Having trouble deciding which cuvee to choose?  Don\u2019t worry, our sampler case is the solution to this dilemma.\u00a0 Experience the full universe of Champagne Lombardi\u2026 a collection of 3 of our cuvees, including our  Cuv\u00e9e Axiome \/ 90% Pinot Noir \/ 20% Chardonnay  Cuv\u00e9e Blanc de Noirs Extra Brut, \/ 100% Pinot Noirs  Cuv\u00e9e Anth\u00e8se ros\u00e9, \/ 80% Pinot Noir \/ 10% Chardonnay  A true experience to share with friends and family.  Good to know: All our champagnes are said to be \"cuv\u00e9es\" because they are exclusively made with first-press juices. As the name suggests, these most qualitative juices are obtained from the first pressing. Less qualitative size juices (second and third press) do not enter into the production of our champagnes.[:fr]Vous ne savez pas quelles cuv\u00e9es choisir?\u00a0 Pas d'inqui\u00e9tudes notre offre d\u00e9gustation d\u00e9couverte est la solution \u00e0 ce dilemme.  D\u00e9couvrez tout l'univers du Champagne Lombardi\u2026 une collection de 6 de nos cuv\u00e9es, dont notre Mill\u00e9sime 2012 qui vieillit lentement depuis 9 ans, le tout pour moins de 30\u20ac la bouteille!  Une v\u00e9ritable exp\u00e9rience \u00e0 partager entre amis et en famille.  \u00c0 savoir: Tous nos champagnes sont dits de \"cuv\u00e9es\" car exclusivement \u00e9labor\u00e9s avec les jus de premi\u00e8re presse. Comme sont nom l'indique ces jus les plus qualitatifs sont obtenus lors de la premi\u00e8re presse. Les jus de taille (seconde et troisi\u00e8me presse) moins qualitatifs n'entrent pas dans l'\u00e9laboration de nos champagnes.[:]","og_url":"https:\/\/www.champagnelombardi.com\/nos-champagnes\/sampler-case-of-6-with-free-shipping\/","og_site_name":"Champagne Lombardi","article_modified_time":"2025-09-22T16:23:05+00:00","og_image":[{"width":2012,"height":2470,"url":"https:\/\/www.champagnelombardi.com\/wp-content\/uploads\/2021\/07\/sampler.jpg","type":"image\/jpeg"}],"twitter_card":"summary_large_image","twitter_misc":{"Est. reading time":"1 minute"},"schema":{"@context":"https:\/\/schema.org","@graph":[{"@type":"WebPage","@id":"https:\/\/www.champagnelombardi.com\/nos-champagnes\/sampler-case-of-6-with-free-shipping\/","url":"https:\/\/www.champagnelombardi.com\/nos-champagnes\/sampler-case-of-6-with-free-shipping\/","name":"Sampler case - Champagne Lombardi","isPartOf":{"@id":"https:\/\/www.champagnelombardi.com\/fr\/#website"},"primaryImageOfPage":{"@id":"https:\/\/www.champagnelombardi.com\/nos-champagnes\/sampler-case-of-6-with-free-shipping\/#primaryimage"},"image":{"@id":"https:\/\/www.champagnelombardi.com\/nos-champagnes\/sampler-case-of-6-with-free-shipping\/#primaryimage"},"thumbnailUrl":"https:\/\/www.champagnelombardi.com\/wp-content\/uploads\/2021\/07\/sampler.jpg","datePublished":"2021-07-02T10:31:32+00:00","dateModified":"2025-09-22T16:23:05+00:00","breadcrumb":{"@id":"https:\/\/www.champagnelombardi.com\/nos-champagnes\/sampler-case-of-6-with-free-shipping\/#breadcrumb"},"inLanguage":"en-US","potentialAction":[{"@type":"ReadAction","target":["https:\/\/www.champagnelombardi.com\/nos-champagnes\/sampler-case-of-6-with-free-shipping\/"]}]},{"@type":"ImageObject","inLanguage":"en-US","@id":"https:\/\/www.champagnelombardi.com\/nos-champagnes\/sampler-case-of-6-with-free-shipping\/#primaryimage","url":"https:\/\/www.champagnelombardi.com\/wp-content\/uploads\/2021\/07\/sampler.jpg","contentUrl":"https:\/\/www.champagnelombardi.com\/wp-content\/uploads\/2021\/07\/sampler.jpg","width":2012,"height":2470},{"@type":"BreadcrumbList","@id":"https:\/\/www.champagnelombardi.com\/nos-champagnes\/sampler-case-of-6-with-free-shipping\/#breadcrumb","itemListElement":[{"@type":"ListItem","position":1,"name":"Accueil","item":"https:\/\/www.champagnelombardi.com\/"},{"@type":"ListItem","position":2,"name":"La boutique","item":"https:\/\/www.champagnelombardi.com\/wines\/"},{"@type":"ListItem","position":3,"name":"Carton d\u00e9couverte"}]},{"@type":"WebSite","@id":"https:\/\/www.champagnelombardi.com\/fr\/#website","url":"https:\/\/www.champagnelombardi.com\/fr\/","name":"Champagne Lombardi","description":"","publisher":{"@id":"https:\/\/www.champagnelombardi.com\/fr\/#organization"},"potentialAction":[{"@type":"SearchAction","target":{"@type":"EntryPoint","urlTemplate":"https:\/\/www.champagnelombardi.com\/fr\/?s={search_term_string}"},"query-input":{"@type":"PropertyValueSpecification","valueRequired":true,"valueName":"search_term_string"}}],"inLanguage":"en-US"},{"@type":"Organization","@id":"https:\/\/www.champagnelombardi.com\/fr\/#organization","name":"Champagne Lombardi","url":"https:\/\/www.champagnelombardi.com\/fr\/","logo":{"@type":"ImageObject","inLanguage":"en-US","@id":"https:\/\/www.champagnelombardi.com\/fr\/#\/schema\/logo\/image\/","url":"https:\/\/www.champagnelombardi.com\/wp-content\/uploads\/2017\/10\/logo_footer.png","contentUrl":"https:\/\/www.champagnelombardi.com\/wp-content\/uploads\/2017\/10\/logo_footer.png","width":714,"height":552,"caption":"Champagne Lombardi"},"image":{"@id":"https:\/\/www.champagnelombardi.com\/fr\/#\/schema\/logo\/image\/"}}]}},"_links":{"self":[{"href":"https:\/\/www.champagnelombardi.com\/en\/wp-json\/wp\/v2\/product\/2827","targetHints":{"allow":["GET"]}}],"collection":[{"href":"https:\/\/www.champagnelombardi.com\/en\/wp-json\/wp\/v2\/product"}],"about":[{"href":"https:\/\/www.champagnelombardi.com\/en\/wp-json\/wp\/v2\/types\/product"}],"replies":[{"embeddable":true,"href":"https:\/\/www.champagnelombardi.com\/en\/wp-json\/wp\/v2\/comments?post=2827"}],"wp:featuredmedia":[{"embeddable":true,"href":"https:\/\/www.champagnelombardi.com\/en\/wp-json\/wp\/v2\/media\/5550"}],"wp:attachment":[{"href":"https:\/\/www.champagnelombardi.com\/en\/wp-json\/wp\/v2\/media?parent=2827"}],"wp:term":[{"taxonomy":"product_brand","embeddable":true,"href":"https:\/\/www.champagnelombardi.com\/en\/wp-json\/wp\/v2\/product_brand?post=2827"},{"taxonomy":"product_cat","embeddable":true,"href":"https:\/\/www.champagnelombardi.com\/en\/wp-json\/wp\/v2\/product_cat?post=2827"},{"taxonomy":"product_tag","embeddable":true,"href":"https:\/\/www.champagnelombardi.com\/en\/wp-json\/wp\/v2\/product_tag?post=2827"}],"curies":[{"name":"wp","href":"https:\/\/api.w.org\/{rel}","templated":true}]}}