{"id":2642,"date":"2021-05-22T18:55:54","date_gmt":"2021-05-22T15:55:54","guid":{"rendered":"https:\/\/www.champagnelombardi.com\/?post_type=product&#038;p=2642"},"modified":"2025-09-22T19:31:57","modified_gmt":"2025-09-22T16:31:57","slug":"producerselection","status":"publish","type":"product","link":"https:\/\/www.champagnelombardi.com\/en\/nos-champagnes\/producerselection\/","title":{"rendered":"&#8220;My Perfect 6&#8221;"},"content":{"rendered":"<p>[vc_row][vc_column width=&#8221;1\/2&#8243;][vc_column_text]<\/p>\n<h3 class=\"text mb-4\">The details.<\/h3>\n<p class=\"text mb-4\">In your first box you will receive 1 bottle of each of our cuv\u00e9es, after that you can either let us surprise you or you can tell us which champagne you prefer to receive or not to receive!<\/p>\n<p><strong>What\u2019s inside?<\/strong>\u00a02 bottles of Cuv\u00e9e\u00a0<a href=\"https:\/\/www.champagnelombardi.com\/nos-champagnes\/axiome\/\" target=\"_blank\" rel=\"noopener\">Axiome<\/a>,\u00a0<a href=\"https:\/\/www.champagnelombardi.com\/nos-champagnes\/le-blanc-de-noirs\/\" target=\"_blank\" rel=\"noopener\">Blanc de Noirs<\/a>,\u00a0<a href=\"https:\/\/www.champagnelombardi.com\/nos-champagnes\/blanc-de-noirs-extra-brut\/\" target=\"_blank\" rel=\"noopener\">Blanc de Noirs Extra Brut<\/a>,\u00a0<a href=\"https:\/\/www.champagnelombardi.com\/nos-champagnes\/blanc-de-blanc\/\" target=\"_blank\" rel=\"noopener\">Blanc de Blancs<\/a>,\u00a0<a href=\"https:\/\/www.champagnelombardi.com\/nos-champagnes\/anthese\/\" target=\"_blank\" rel=\"noopener\">Anth\u00e8se Ros\u00e9<\/a>,\u00a0<a href=\"https:\/\/www.champagnelombardi.com\/nos-champagnes\/hymenee\/\" target=\"_blank\" rel=\"noopener\">Hym\u00e9n\u00e9e<\/a><\/p>\n<p><strong>No commitments!<\/strong>\u00a0At any time you can switch to another box, choose the champagnes you only want to receive, cancel your membership\u2026 simply tell us![\/vc_column_text][\/vc_column][vc_column width=&#8221;1\/2&#8243;][vc_single_image image=&#8221;5535&#8243; img_size=&#8221;full&#8221; alignment=&#8221;center&#8221;][\/vc_column][\/vc_row]<\/p>\n","protected":false},"excerpt":{"rendered":"<p>Wouldn\u2019t it be just perfect if you don\u2019t need to think about keeping your champagne cellar stocked?<\/p>\n<p>You can choose our package &#8220;My Perfect 6&#8221; and receive 6 bottles every month. We&#8217;ll ship one cuv\u00e9e of each. After your first shipment feel free to tell us which cuv\u00e9es you want to receive.<\/p>\n<p>Keep the bubbly flowing!<\/p>\n<p><a href=\"https:\/\/www.aubergedelile.com\/en\/gallery\/\" target=\"_blank\" rel=\"noopener\">Photo: Auberge de l&#8217;ile Barbe World&#8217;s top 100 restaurants. Chef Jean-Christophe Ansannay\u00a0<\/a><\/p>\n<p><strong>Good to know:<\/strong> All our champagnes are said to be &#8220;cuv\u00e9es&#8221; because they are exclusively made with first-press juices. As the name suggests, these most qualitative juices are obtained from the first pressing. Less qualitative size juices (second and third press) do not enter into the production of our champagnes.<\/p>\n","protected":false},"featured_media":5548,"comment_status":"closed","ping_status":"closed","template":"","meta":[],"product_brand":[],"product_cat":[61],"product_tag":[],"class_list":{"0":"post-2642","1":"product","2":"type-product","3":"status-publish","4":"has-post-thumbnail","6":"product_cat-champagne","8":"first","9":"instock","10":"shipping-taxable","11":"purchasable","12":"product-type-simple"},"yoast_head":"<!-- This site is optimized with the Yoast SEO plugin v27.2 - https:\/\/yoast.com\/product\/yoast-seo-wordpress\/ -->\n<title>&quot;My Perfect 6&quot; - Champagne Lombardi<\/title>\n<meta name=\"robots\" content=\"index, follow, max-snippet:-1, max-image-preview:large, max-video-preview:-1\" \/>\n<link rel=\"canonical\" href=\"https:\/\/www.champagnelombardi.com\/nos-champagnes\/producerselection\/\" \/>\n<meta property=\"og:locale\" content=\"en_US\" \/>\n<meta property=\"og:type\" content=\"article\" \/>\n<meta property=\"og:title\" content=\"&quot;My Perfect 6&quot; - Champagne Lombardi\" \/>\n<meta property=\"og:description\" content=\"[:en]Wouldn\u2019t it be just perfect if you don\u2019t need to think about keeping your champagne cellar stocked?  You can choose our package &quot;My Perfect 6&quot; and receive 6 bottles every month. We&#039;ll ship one cuv\u00e9e of each. After your first shipment feel free to tell us which cuv\u00e9es you want to receive.  Keep the bubbly flowing!  Photo: Auberge de l&#039;ile Barbe World&#039;s top 100 restaurants. Chef Jean-Christophe Ansannay\u00a0  Good to know: All our champagnes are said to be &quot;cuv\u00e9es&quot; because they are exclusively made with first-press juices. As the name suggests, these most qualitative juices are obtained from the first pressing. Less qualitative size juices (second and third press) do not enter into the production of our champagnes.[:fr]Ne serait-ce pas parfait si vous n&#039;aviez pas besoin de penser \u00e0 approvisionner votre cave \u00e0 champagne ? Vous pouvez choisir notre forfait &quot;My Perfect 6&quot; et recevoir 6 bouteilles par mois. Ayez toujours du champagne au frais!  Photo: Auberge de l&#039;ile Barbe World&#039;s top 100 restaurants. Chef Jean-Christophe Ansannay\u00a0  \u00c0 savoir: Tous nos champagnes sont dits de &quot;cuv\u00e9es&quot; car exclusivement \u00e9labor\u00e9s avec les jus de premi\u00e8re presse. Comme sont nom l&#039;indique ces jus les plus qualitatifs sont obtenus lors de la premi\u00e8re presse. Les jus de taille (seconde et troisi\u00e8me presse) moins qualitatifs n&#039;entrent pas dans l&#039;\u00e9laboration de nos champagnes.[:]\" \/>\n<meta property=\"og:url\" content=\"https:\/\/www.champagnelombardi.com\/nos-champagnes\/producerselection\/\" \/>\n<meta property=\"og:site_name\" content=\"Champagne Lombardi\" \/>\n<meta property=\"article:modified_time\" content=\"2025-09-22T16:31:57+00:00\" \/>\n<meta property=\"og:image\" content=\"https:\/\/www.champagnelombardi.com\/wp-content\/uploads\/2021\/05\/Auberge-de-lIle.jpg\" \/>\n\t<meta property=\"og:image:width\" content=\"2012\" \/>\n\t<meta property=\"og:image:height\" content=\"2470\" \/>\n\t<meta property=\"og:image:type\" content=\"image\/jpeg\" \/>\n<meta name=\"twitter:card\" content=\"summary_large_image\" \/>\n<meta name=\"twitter:label1\" content=\"Est. reading time\" \/>\n\t<meta name=\"twitter:data1\" content=\"1 minute\" \/>\n<script type=\"application\/ld+json\" class=\"yoast-schema-graph\">{\"@context\":\"https:\/\/schema.org\",\"@graph\":[{\"@type\":\"WebPage\",\"@id\":\"https:\/\/www.champagnelombardi.com\/nos-champagnes\/producerselection\/\",\"url\":\"https:\/\/www.champagnelombardi.com\/nos-champagnes\/producerselection\/\",\"name\":\"\\\"My Perfect 6\\\" - Champagne Lombardi\",\"isPartOf\":{\"@id\":\"https:\/\/www.champagnelombardi.com\/fr\/#website\"},\"primaryImageOfPage\":{\"@id\":\"https:\/\/www.champagnelombardi.com\/nos-champagnes\/producerselection\/#primaryimage\"},\"image\":{\"@id\":\"https:\/\/www.champagnelombardi.com\/nos-champagnes\/producerselection\/#primaryimage\"},\"thumbnailUrl\":\"https:\/\/www.champagnelombardi.com\/wp-content\/uploads\/2021\/05\/Auberge-de-lIle.jpg\",\"datePublished\":\"2021-05-22T15:55:54+00:00\",\"dateModified\":\"2025-09-22T16:31:57+00:00\",\"breadcrumb\":{\"@id\":\"https:\/\/www.champagnelombardi.com\/nos-champagnes\/producerselection\/#breadcrumb\"},\"inLanguage\":\"en-US\",\"potentialAction\":[{\"@type\":\"ReadAction\",\"target\":[\"https:\/\/www.champagnelombardi.com\/nos-champagnes\/producerselection\/\"]}]},{\"@type\":\"ImageObject\",\"inLanguage\":\"en-US\",\"@id\":\"https:\/\/www.champagnelombardi.com\/nos-champagnes\/producerselection\/#primaryimage\",\"url\":\"https:\/\/www.champagnelombardi.com\/wp-content\/uploads\/2021\/05\/Auberge-de-lIle.jpg\",\"contentUrl\":\"https:\/\/www.champagnelombardi.com\/wp-content\/uploads\/2021\/05\/Auberge-de-lIle.jpg\",\"width\":2012,\"height\":2470},{\"@type\":\"BreadcrumbList\",\"@id\":\"https:\/\/www.champagnelombardi.com\/nos-champagnes\/producerselection\/#breadcrumb\",\"itemListElement\":[{\"@type\":\"ListItem\",\"position\":1,\"name\":\"Accueil\",\"item\":\"https:\/\/www.champagnelombardi.com\/\"},{\"@type\":\"ListItem\",\"position\":2,\"name\":\"La boutique\",\"item\":\"https:\/\/www.champagnelombardi.com\/wines\/\"},{\"@type\":\"ListItem\",\"position\":3,\"name\":\"\u00ab\u00a0My Perfect 6\u00a0\u00bb\"}]},{\"@type\":\"WebSite\",\"@id\":\"https:\/\/www.champagnelombardi.com\/fr\/#website\",\"url\":\"https:\/\/www.champagnelombardi.com\/fr\/\",\"name\":\"Champagne Lombardi\",\"description\":\"\",\"publisher\":{\"@id\":\"https:\/\/www.champagnelombardi.com\/fr\/#organization\"},\"potentialAction\":[{\"@type\":\"SearchAction\",\"target\":{\"@type\":\"EntryPoint\",\"urlTemplate\":\"https:\/\/www.champagnelombardi.com\/fr\/?s={search_term_string}\"},\"query-input\":{\"@type\":\"PropertyValueSpecification\",\"valueRequired\":true,\"valueName\":\"search_term_string\"}}],\"inLanguage\":\"en-US\"},{\"@type\":\"Organization\",\"@id\":\"https:\/\/www.champagnelombardi.com\/fr\/#organization\",\"name\":\"Champagne Lombardi\",\"url\":\"https:\/\/www.champagnelombardi.com\/fr\/\",\"logo\":{\"@type\":\"ImageObject\",\"inLanguage\":\"en-US\",\"@id\":\"https:\/\/www.champagnelombardi.com\/fr\/#\/schema\/logo\/image\/\",\"url\":\"https:\/\/www.champagnelombardi.com\/wp-content\/uploads\/2017\/10\/logo_footer.png\",\"contentUrl\":\"https:\/\/www.champagnelombardi.com\/wp-content\/uploads\/2017\/10\/logo_footer.png\",\"width\":714,\"height\":552,\"caption\":\"Champagne Lombardi\"},\"image\":{\"@id\":\"https:\/\/www.champagnelombardi.com\/fr\/#\/schema\/logo\/image\/\"}}]}<\/script>\n<!-- \/ Yoast SEO plugin. -->","yoast_head_json":{"title":"\"My Perfect 6\" - Champagne Lombardi","robots":{"index":"index","follow":"follow","max-snippet":"max-snippet:-1","max-image-preview":"max-image-preview:large","max-video-preview":"max-video-preview:-1"},"canonical":"https:\/\/www.champagnelombardi.com\/nos-champagnes\/producerselection\/","og_locale":"en_US","og_type":"article","og_title":"\"My Perfect 6\" - Champagne Lombardi","og_description":"[:en]Wouldn\u2019t it be just perfect if you don\u2019t need to think about keeping your champagne cellar stocked?  You can choose our package \"My Perfect 6\" and receive 6 bottles every month. We'll ship one cuv\u00e9e of each. After your first shipment feel free to tell us which cuv\u00e9es you want to receive.  Keep the bubbly flowing!  Photo: Auberge de l'ile Barbe World's top 100 restaurants. Chef Jean-Christophe Ansannay\u00a0  Good to know: All our champagnes are said to be \"cuv\u00e9es\" because they are exclusively made with first-press juices. As the name suggests, these most qualitative juices are obtained from the first pressing. Less qualitative size juices (second and third press) do not enter into the production of our champagnes.[:fr]Ne serait-ce pas parfait si vous n'aviez pas besoin de penser \u00e0 approvisionner votre cave \u00e0 champagne ? Vous pouvez choisir notre forfait \"My Perfect 6\" et recevoir 6 bouteilles par mois. Ayez toujours du champagne au frais!  Photo: Auberge de l'ile Barbe World's top 100 restaurants. Chef Jean-Christophe Ansannay\u00a0  \u00c0 savoir: Tous nos champagnes sont dits de \"cuv\u00e9es\" car exclusivement \u00e9labor\u00e9s avec les jus de premi\u00e8re presse. Comme sont nom l'indique ces jus les plus qualitatifs sont obtenus lors de la premi\u00e8re presse. Les jus de taille (seconde et troisi\u00e8me presse) moins qualitatifs n'entrent pas dans l'\u00e9laboration de nos champagnes.[:]","og_url":"https:\/\/www.champagnelombardi.com\/nos-champagnes\/producerselection\/","og_site_name":"Champagne Lombardi","article_modified_time":"2025-09-22T16:31:57+00:00","og_image":[{"width":2012,"height":2470,"url":"https:\/\/www.champagnelombardi.com\/wp-content\/uploads\/2021\/05\/Auberge-de-lIle.jpg","type":"image\/jpeg"}],"twitter_card":"summary_large_image","twitter_misc":{"Est. reading time":"1 minute"},"schema":{"@context":"https:\/\/schema.org","@graph":[{"@type":"WebPage","@id":"https:\/\/www.champagnelombardi.com\/nos-champagnes\/producerselection\/","url":"https:\/\/www.champagnelombardi.com\/nos-champagnes\/producerselection\/","name":"\"My Perfect 6\" - Champagne Lombardi","isPartOf":{"@id":"https:\/\/www.champagnelombardi.com\/fr\/#website"},"primaryImageOfPage":{"@id":"https:\/\/www.champagnelombardi.com\/nos-champagnes\/producerselection\/#primaryimage"},"image":{"@id":"https:\/\/www.champagnelombardi.com\/nos-champagnes\/producerselection\/#primaryimage"},"thumbnailUrl":"https:\/\/www.champagnelombardi.com\/wp-content\/uploads\/2021\/05\/Auberge-de-lIle.jpg","datePublished":"2021-05-22T15:55:54+00:00","dateModified":"2025-09-22T16:31:57+00:00","breadcrumb":{"@id":"https:\/\/www.champagnelombardi.com\/nos-champagnes\/producerselection\/#breadcrumb"},"inLanguage":"en-US","potentialAction":[{"@type":"ReadAction","target":["https:\/\/www.champagnelombardi.com\/nos-champagnes\/producerselection\/"]}]},{"@type":"ImageObject","inLanguage":"en-US","@id":"https:\/\/www.champagnelombardi.com\/nos-champagnes\/producerselection\/#primaryimage","url":"https:\/\/www.champagnelombardi.com\/wp-content\/uploads\/2021\/05\/Auberge-de-lIle.jpg","contentUrl":"https:\/\/www.champagnelombardi.com\/wp-content\/uploads\/2021\/05\/Auberge-de-lIle.jpg","width":2012,"height":2470},{"@type":"BreadcrumbList","@id":"https:\/\/www.champagnelombardi.com\/nos-champagnes\/producerselection\/#breadcrumb","itemListElement":[{"@type":"ListItem","position":1,"name":"Accueil","item":"https:\/\/www.champagnelombardi.com\/"},{"@type":"ListItem","position":2,"name":"La boutique","item":"https:\/\/www.champagnelombardi.com\/wines\/"},{"@type":"ListItem","position":3,"name":"\u00ab\u00a0My Perfect 6\u00a0\u00bb"}]},{"@type":"WebSite","@id":"https:\/\/www.champagnelombardi.com\/fr\/#website","url":"https:\/\/www.champagnelombardi.com\/fr\/","name":"Champagne Lombardi","description":"","publisher":{"@id":"https:\/\/www.champagnelombardi.com\/fr\/#organization"},"potentialAction":[{"@type":"SearchAction","target":{"@type":"EntryPoint","urlTemplate":"https:\/\/www.champagnelombardi.com\/fr\/?s={search_term_string}"},"query-input":{"@type":"PropertyValueSpecification","valueRequired":true,"valueName":"search_term_string"}}],"inLanguage":"en-US"},{"@type":"Organization","@id":"https:\/\/www.champagnelombardi.com\/fr\/#organization","name":"Champagne Lombardi","url":"https:\/\/www.champagnelombardi.com\/fr\/","logo":{"@type":"ImageObject","inLanguage":"en-US","@id":"https:\/\/www.champagnelombardi.com\/fr\/#\/schema\/logo\/image\/","url":"https:\/\/www.champagnelombardi.com\/wp-content\/uploads\/2017\/10\/logo_footer.png","contentUrl":"https:\/\/www.champagnelombardi.com\/wp-content\/uploads\/2017\/10\/logo_footer.png","width":714,"height":552,"caption":"Champagne Lombardi"},"image":{"@id":"https:\/\/www.champagnelombardi.com\/fr\/#\/schema\/logo\/image\/"}}]}},"_links":{"self":[{"href":"https:\/\/www.champagnelombardi.com\/en\/wp-json\/wp\/v2\/product\/2642","targetHints":{"allow":["GET"]}}],"collection":[{"href":"https:\/\/www.champagnelombardi.com\/en\/wp-json\/wp\/v2\/product"}],"about":[{"href":"https:\/\/www.champagnelombardi.com\/en\/wp-json\/wp\/v2\/types\/product"}],"replies":[{"embeddable":true,"href":"https:\/\/www.champagnelombardi.com\/en\/wp-json\/wp\/v2\/comments?post=2642"}],"wp:featuredmedia":[{"embeddable":true,"href":"https:\/\/www.champagnelombardi.com\/en\/wp-json\/wp\/v2\/media\/5548"}],"wp:attachment":[{"href":"https:\/\/www.champagnelombardi.com\/en\/wp-json\/wp\/v2\/media?parent=2642"}],"wp:term":[{"taxonomy":"product_brand","embeddable":true,"href":"https:\/\/www.champagnelombardi.com\/en\/wp-json\/wp\/v2\/product_brand?post=2642"},{"taxonomy":"product_cat","embeddable":true,"href":"https:\/\/www.champagnelombardi.com\/en\/wp-json\/wp\/v2\/product_cat?post=2642"},{"taxonomy":"product_tag","embeddable":true,"href":"https:\/\/www.champagnelombardi.com\/en\/wp-json\/wp\/v2\/product_tag?post=2642"}],"curies":[{"name":"wp","href":"https:\/\/api.w.org\/{rel}","templated":true}]}}