{"id":1452,"date":"2017-10-31T18:19:20","date_gmt":"2017-10-31T15:19:20","guid":{"rendered":"https:\/\/www.champagnelombardi.com\/?post_type=product&#038;p=1452"},"modified":"2025-11-06T16:29:36","modified_gmt":"2025-11-06T13:29:36","slug":"blanc-de-noirs-extra-brut","status":"publish","type":"product","link":"https:\/\/www.champagnelombardi.com\/en\/nos-champagnes\/blanc-de-noirs-extra-brut\/","title":{"rendered":"EXTRA BRUT"},"content":{"rendered":"<p>[vc_row content_placement=&#8221;middle&#8221; css=&#8221;.vc_custom_1460727920666{padding-top: 0px !important;padding-bottom: 0px !important;background-color: #f2f2f2 !important;}&#8221;][vc_column css=&#8221;.vc_custom_1460636569719{padding: 20% !important;}&#8221; offset=&#8221;vc_col-lg-6 vc_col-md-6&#8243;]\n\t<div class=\"title-subtitle-box \" style=\" text-align: left;\">\n\t\t<h1 style=\" font-weight: normal;\" >Tasting notes<\/h1>\n\t<\/div> [vc_column_text css=&#8221;.vc_custom_1588259157912{margin-bottom: 0px !important;}&#8221;]The bouquet is clear, bright, fresh and fruity, with delicate hazelnut, red berry and cherry aromas. Elegant and juicy on the palate, this is an intense and fruity yet fresh and vinous Champagne with remarkable finesse and a well-structured finish. Very fresh and again with hazelnut and cherry flavors in the aftertaste.<\/p>\n<p><strong>\u00a0<\/strong>[\/vc_column_text][\/vc_column][vc_column css=&#8221;.vc_custom_1460635864072{padding-top: 0px !important;padding-right: 0px !important;padding-bottom: 0px !important;padding-left: 0px !important;}&#8221; offset=&#8221;vc_col-lg-6 vc_col-md-6 vc_hidden-sm vc_hidden-xs&#8221;][vc_single_image image=&#8221;1784&#8243; img_size=&#8221;full&#8221; css=&#8221;.vc_custom_1595855835001{margin-bottom: 0px !important;}&#8221;][\/vc_column][\/vc_row][vc_row content_placement=&#8221;middle&#8221; css=&#8221;.vc_custom_1460727927848{padding-top: 0px !important;padding-bottom: 0px !important;background-color: #f2f2f2 !important;}&#8221;][vc_column css=&#8221;.vc_custom_1460635871252{padding-top: 0px !important;padding-right: 0px !important;padding-bottom: 0px !important;padding-left: 0px !important;}&#8221; offset=&#8221;vc_col-lg-6 vc_col-md-6 vc_hidden-sm vc_hidden-xs&#8221;][vc_single_image image=&#8221;2122&#8243; img_size=&#8221;full&#8221; css=&#8221;.vc_custom_1595855742837{margin-bottom: 0px !important;}&#8221;][\/vc_column][vc_column css=&#8221;.vc_custom_1460636579755{padding: 20% !important;}&#8221; offset=&#8221;vc_col-lg-6 vc_col-md-6&#8243;]\n\t<div class=\"title-subtitle-box \" style=\" text-align: left;\">\n\t\t<h1 style=\" font-weight: normal;\" >Food pairing notes<\/h1>\n\t<\/div> [vc_column_text]The perfect dish made by Chef Ansanay-Alex, top 100 best restaurants in the world and Michelin star chef for 25 years. His Saint-Pierre fish and Rouget like a bouillabaisse.[\/vc_column_text][\/vc_column][\/vc_row][vc_row content_placement=&#8221;middle&#8221; css=&#8221;.vc_custom_1460727935440{padding-top: 0px !important;padding-bottom: 0px !important;background-color: #f2f2f2 !important;}&#8221;][vc_column css=&#8221;.vc_custom_1460636587092{padding: 20% !important;}&#8221; offset=&#8221;vc_col-lg-6 vc_col-md-6&#8243;]\n\t<div class=\"title-subtitle-box \" style=\" text-align: left;\">\n\t\t<h1 style=\" font-weight: normal;\" >Advice from St\u00e9phane Lombardi<\/h1>\n\t<\/div> [vc_column_text]I\u2019ll be very happy to send you the chef\u2019s full detailed recipe to make at home!<\/p>\n<p><strong>Find this bottle at:<br \/>\n<\/strong>Auberge de l\u2019Ile Barbe &#8211; France &#8211; 1* Michelin, top 100 world best restaurants.[\/vc_column_text][\/vc_column][vc_column css=&#8221;.vc_custom_1460635878309{padding-top: 0px !important;padding-right: 0px !important;padding-bottom: 0px !important;padding-left: 0px !important;}&#8221; offset=&#8221;vc_col-lg-6 vc_col-md-6 vc_hidden-sm vc_hidden-xs&#8221;][vc_single_image image=&#8221;1782&#8243; img_size=&#8221;full&#8221; css=&#8221;.vc_custom_1516658047882{margin-bottom: 0px !important;}&#8221;][\/vc_column][\/vc_row]<\/p>","protected":false},"excerpt":{"rendered":"<p>With barely any sugar, this is a cuvee that can easily take on your meal journey, taking of at the aperitif, cruising during your starter and main course with a soft landing for dessert.<\/p>\n<p><strong>100% first press juice<\/strong><\/p>\n<p><strong>Good to know:<\/strong> All our champagnes are said to be &#8220;cuv\u00e9es&#8221; because they are exclusively made with first-press juices. As the name suggests, these most qualitative juices are obtained from the first pressing. Less qualitative size juices (second and third press) do not enter into the production of our champagnes.<\/p>\n","protected":false},"featured_media":5677,"comment_status":"closed","ping_status":"closed","template":"","meta":[],"product_brand":[],"product_cat":[62],"product_tag":[],"class_list":{"0":"post-1452","1":"product","2":"type-product","3":"status-publish","4":"has-post-thumbnail","6":"product_cat-non-classe","8":"first","9":"instock","10":"shipping-taxable","11":"purchasable","12":"product-type-simple"},"yoast_head":"<!-- This site is optimized with the Yoast SEO plugin v27.2 - https:\/\/yoast.com\/product\/yoast-seo-wordpress\/ -->\n<title>EXTRA BRUT - Champagne Lombardi<\/title>\n<meta name=\"description\" content=\"(Fran\u00e7ais) Ce mill\u00e9sime 2009 offre un bouquet clair et complexe, harmonis\u00e9 par des fruits d\u00e9licats, des ar\u00f4mes floraux, ainsi que des saveurs toast\u00e9es. Cors\u00e9, pur et plein de finesse en bouche, c\u2019est un champagne ample, ferme et frais.\" \/>\n<meta name=\"robots\" content=\"index, follow, max-snippet:-1, max-image-preview:large, max-video-preview:-1\" \/>\n<link rel=\"canonical\" href=\"https:\/\/www.champagnelombardi.com\/nos-champagnes\/blanc-de-noirs-extra-brut\/\" \/>\n<meta property=\"og:locale\" content=\"en_US\" \/>\n<meta property=\"og:type\" content=\"article\" \/>\n<meta property=\"og:title\" content=\"EXTRA BRUT - Champagne Lombardi\" \/>\n<meta property=\"og:description\" content=\"{:fr}Ce mill\u00e9sime 2009 offre un bouquet clair et complexe, harmonis\u00e9 par des fruits d\u00e9licats, des ar\u00f4mes floraux, ainsi que des saveurs toast\u00e9es. Cors\u00e9, pur et plein de finesse en bouche, c\u2019est un champagne ample, ferme et frais.{:}\" \/>\n<meta property=\"og:url\" content=\"https:\/\/www.champagnelombardi.com\/nos-champagnes\/blanc-de-noirs-extra-brut\/\" \/>\n<meta property=\"og:site_name\" content=\"Champagne Lombardi\" \/>\n<meta property=\"article:modified_time\" content=\"2025-11-06T13:29:36+00:00\" \/>\n<meta property=\"og:image\" content=\"https:\/\/www.champagnelombardi.com\/wp-content\/uploads\/2017\/10\/BDN-EXTRA-BRUT.jpg\" \/>\n\t<meta property=\"og:image:width\" content=\"2012\" \/>\n\t<meta property=\"og:image:height\" content=\"2472\" \/>\n\t<meta property=\"og:image:type\" content=\"image\/jpeg\" \/>\n<meta name=\"twitter:card\" content=\"summary_large_image\" \/>\n<meta name=\"twitter:label1\" content=\"Est. reading time\" \/>\n\t<meta name=\"twitter:data1\" content=\"2 minutes\" \/>\n<script type=\"application\/ld+json\" class=\"yoast-schema-graph\">{\"@context\":\"https:\/\/schema.org\",\"@graph\":[{\"@type\":\"WebPage\",\"@id\":\"https:\/\/www.champagnelombardi.com\/nos-champagnes\/blanc-de-noirs-extra-brut\/\",\"url\":\"https:\/\/www.champagnelombardi.com\/nos-champagnes\/blanc-de-noirs-extra-brut\/\",\"name\":\"EXTRA BRUT - Champagne Lombardi\",\"isPartOf\":{\"@id\":\"https:\/\/www.champagnelombardi.com\/fr\/#website\"},\"primaryImageOfPage\":{\"@id\":\"https:\/\/www.champagnelombardi.com\/nos-champagnes\/blanc-de-noirs-extra-brut\/#primaryimage\"},\"image\":{\"@id\":\"https:\/\/www.champagnelombardi.com\/nos-champagnes\/blanc-de-noirs-extra-brut\/#primaryimage\"},\"thumbnailUrl\":\"https:\/\/www.champagnelombardi.com\/wp-content\/uploads\/2017\/10\/BDN-EXTRA-BRUT.jpg\",\"datePublished\":\"2017-10-31T15:19:20+00:00\",\"dateModified\":\"2025-11-06T13:29:36+00:00\",\"description\":\"{:fr}Ce mill\u00e9sime 2009 offre un bouquet clair et complexe, harmonis\u00e9 par des fruits d\u00e9licats, des ar\u00f4mes floraux, ainsi que des saveurs toast\u00e9es. Cors\u00e9, pur et plein de finesse en bouche, c\u2019est un champagne ample, ferme et frais.{:}\",\"breadcrumb\":{\"@id\":\"https:\/\/www.champagnelombardi.com\/nos-champagnes\/blanc-de-noirs-extra-brut\/#breadcrumb\"},\"inLanguage\":\"en-US\",\"potentialAction\":[{\"@type\":\"ReadAction\",\"target\":[\"https:\/\/www.champagnelombardi.com\/nos-champagnes\/blanc-de-noirs-extra-brut\/\"]}]},{\"@type\":\"ImageObject\",\"inLanguage\":\"en-US\",\"@id\":\"https:\/\/www.champagnelombardi.com\/nos-champagnes\/blanc-de-noirs-extra-brut\/#primaryimage\",\"url\":\"https:\/\/www.champagnelombardi.com\/wp-content\/uploads\/2017\/10\/BDN-EXTRA-BRUT.jpg\",\"contentUrl\":\"https:\/\/www.champagnelombardi.com\/wp-content\/uploads\/2017\/10\/BDN-EXTRA-BRUT.jpg\",\"width\":2012,\"height\":2472},{\"@type\":\"BreadcrumbList\",\"@id\":\"https:\/\/www.champagnelombardi.com\/nos-champagnes\/blanc-de-noirs-extra-brut\/#breadcrumb\",\"itemListElement\":[{\"@type\":\"ListItem\",\"position\":1,\"name\":\"Accueil\",\"item\":\"https:\/\/www.champagnelombardi.com\/\"},{\"@type\":\"ListItem\",\"position\":2,\"name\":\"La boutique\",\"item\":\"https:\/\/www.champagnelombardi.com\/wines\/\"},{\"@type\":\"ListItem\",\"position\":3,\"name\":\"EXTRA BRUT\"}]},{\"@type\":\"WebSite\",\"@id\":\"https:\/\/www.champagnelombardi.com\/fr\/#website\",\"url\":\"https:\/\/www.champagnelombardi.com\/fr\/\",\"name\":\"Champagne Lombardi\",\"description\":\"\",\"publisher\":{\"@id\":\"https:\/\/www.champagnelombardi.com\/fr\/#organization\"},\"potentialAction\":[{\"@type\":\"SearchAction\",\"target\":{\"@type\":\"EntryPoint\",\"urlTemplate\":\"https:\/\/www.champagnelombardi.com\/fr\/?s={search_term_string}\"},\"query-input\":{\"@type\":\"PropertyValueSpecification\",\"valueRequired\":true,\"valueName\":\"search_term_string\"}}],\"inLanguage\":\"en-US\"},{\"@type\":\"Organization\",\"@id\":\"https:\/\/www.champagnelombardi.com\/fr\/#organization\",\"name\":\"Champagne Lombardi\",\"url\":\"https:\/\/www.champagnelombardi.com\/fr\/\",\"logo\":{\"@type\":\"ImageObject\",\"inLanguage\":\"en-US\",\"@id\":\"https:\/\/www.champagnelombardi.com\/fr\/#\/schema\/logo\/image\/\",\"url\":\"https:\/\/www.champagnelombardi.com\/wp-content\/uploads\/2017\/10\/logo_footer.png\",\"contentUrl\":\"https:\/\/www.champagnelombardi.com\/wp-content\/uploads\/2017\/10\/logo_footer.png\",\"width\":714,\"height\":552,\"caption\":\"Champagne Lombardi\"},\"image\":{\"@id\":\"https:\/\/www.champagnelombardi.com\/fr\/#\/schema\/logo\/image\/\"}}]}<\/script>\n<!-- \/ Yoast SEO plugin. -->","yoast_head_json":{"title":"EXTRA BRUT - Champagne Lombardi","description":"(Fran\u00e7ais) Ce mill\u00e9sime 2009 offre un bouquet clair et complexe, harmonis\u00e9 par des fruits d\u00e9licats, des ar\u00f4mes floraux, ainsi que des saveurs toast\u00e9es. Cors\u00e9, pur et plein de finesse en bouche, c\u2019est un champagne ample, ferme et frais.","robots":{"index":"index","follow":"follow","max-snippet":"max-snippet:-1","max-image-preview":"max-image-preview:large","max-video-preview":"max-video-preview:-1"},"canonical":"https:\/\/www.champagnelombardi.com\/nos-champagnes\/blanc-de-noirs-extra-brut\/","og_locale":"en_US","og_type":"article","og_title":"EXTRA BRUT - Champagne Lombardi","og_description":"{:fr}Ce mill\u00e9sime 2009 offre un bouquet clair et complexe, harmonis\u00e9 par des fruits d\u00e9licats, des ar\u00f4mes floraux, ainsi que des saveurs toast\u00e9es. Cors\u00e9, pur et plein de finesse en bouche, c\u2019est un champagne ample, ferme et frais.{:}","og_url":"https:\/\/www.champagnelombardi.com\/nos-champagnes\/blanc-de-noirs-extra-brut\/","og_site_name":"Champagne Lombardi","article_modified_time":"2025-11-06T13:29:36+00:00","og_image":[{"width":2012,"height":2472,"url":"https:\/\/www.champagnelombardi.com\/wp-content\/uploads\/2017\/10\/BDN-EXTRA-BRUT.jpg","type":"image\/jpeg"}],"twitter_card":"summary_large_image","twitter_misc":{"Est. reading time":"2 minutes"},"schema":{"@context":"https:\/\/schema.org","@graph":[{"@type":"WebPage","@id":"https:\/\/www.champagnelombardi.com\/nos-champagnes\/blanc-de-noirs-extra-brut\/","url":"https:\/\/www.champagnelombardi.com\/nos-champagnes\/blanc-de-noirs-extra-brut\/","name":"EXTRA BRUT - Champagne Lombardi","isPartOf":{"@id":"https:\/\/www.champagnelombardi.com\/fr\/#website"},"primaryImageOfPage":{"@id":"https:\/\/www.champagnelombardi.com\/nos-champagnes\/blanc-de-noirs-extra-brut\/#primaryimage"},"image":{"@id":"https:\/\/www.champagnelombardi.com\/nos-champagnes\/blanc-de-noirs-extra-brut\/#primaryimage"},"thumbnailUrl":"https:\/\/www.champagnelombardi.com\/wp-content\/uploads\/2017\/10\/BDN-EXTRA-BRUT.jpg","datePublished":"2017-10-31T15:19:20+00:00","dateModified":"2025-11-06T13:29:36+00:00","description":"{:fr}Ce mill\u00e9sime 2009 offre un bouquet clair et complexe, harmonis\u00e9 par des fruits d\u00e9licats, des ar\u00f4mes floraux, ainsi que des saveurs toast\u00e9es. Cors\u00e9, pur et plein de finesse en bouche, c\u2019est un champagne ample, ferme et frais.{:}","breadcrumb":{"@id":"https:\/\/www.champagnelombardi.com\/nos-champagnes\/blanc-de-noirs-extra-brut\/#breadcrumb"},"inLanguage":"en-US","potentialAction":[{"@type":"ReadAction","target":["https:\/\/www.champagnelombardi.com\/nos-champagnes\/blanc-de-noirs-extra-brut\/"]}]},{"@type":"ImageObject","inLanguage":"en-US","@id":"https:\/\/www.champagnelombardi.com\/nos-champagnes\/blanc-de-noirs-extra-brut\/#primaryimage","url":"https:\/\/www.champagnelombardi.com\/wp-content\/uploads\/2017\/10\/BDN-EXTRA-BRUT.jpg","contentUrl":"https:\/\/www.champagnelombardi.com\/wp-content\/uploads\/2017\/10\/BDN-EXTRA-BRUT.jpg","width":2012,"height":2472},{"@type":"BreadcrumbList","@id":"https:\/\/www.champagnelombardi.com\/nos-champagnes\/blanc-de-noirs-extra-brut\/#breadcrumb","itemListElement":[{"@type":"ListItem","position":1,"name":"Accueil","item":"https:\/\/www.champagnelombardi.com\/"},{"@type":"ListItem","position":2,"name":"La boutique","item":"https:\/\/www.champagnelombardi.com\/wines\/"},{"@type":"ListItem","position":3,"name":"EXTRA BRUT"}]},{"@type":"WebSite","@id":"https:\/\/www.champagnelombardi.com\/fr\/#website","url":"https:\/\/www.champagnelombardi.com\/fr\/","name":"Champagne Lombardi","description":"","publisher":{"@id":"https:\/\/www.champagnelombardi.com\/fr\/#organization"},"potentialAction":[{"@type":"SearchAction","target":{"@type":"EntryPoint","urlTemplate":"https:\/\/www.champagnelombardi.com\/fr\/?s={search_term_string}"},"query-input":{"@type":"PropertyValueSpecification","valueRequired":true,"valueName":"search_term_string"}}],"inLanguage":"en-US"},{"@type":"Organization","@id":"https:\/\/www.champagnelombardi.com\/fr\/#organization","name":"Champagne Lombardi","url":"https:\/\/www.champagnelombardi.com\/fr\/","logo":{"@type":"ImageObject","inLanguage":"en-US","@id":"https:\/\/www.champagnelombardi.com\/fr\/#\/schema\/logo\/image\/","url":"https:\/\/www.champagnelombardi.com\/wp-content\/uploads\/2017\/10\/logo_footer.png","contentUrl":"https:\/\/www.champagnelombardi.com\/wp-content\/uploads\/2017\/10\/logo_footer.png","width":714,"height":552,"caption":"Champagne Lombardi"},"image":{"@id":"https:\/\/www.champagnelombardi.com\/fr\/#\/schema\/logo\/image\/"}}]}},"_links":{"self":[{"href":"https:\/\/www.champagnelombardi.com\/en\/wp-json\/wp\/v2\/product\/1452","targetHints":{"allow":["GET"]}}],"collection":[{"href":"https:\/\/www.champagnelombardi.com\/en\/wp-json\/wp\/v2\/product"}],"about":[{"href":"https:\/\/www.champagnelombardi.com\/en\/wp-json\/wp\/v2\/types\/product"}],"replies":[{"embeddable":true,"href":"https:\/\/www.champagnelombardi.com\/en\/wp-json\/wp\/v2\/comments?post=1452"}],"wp:featuredmedia":[{"embeddable":true,"href":"https:\/\/www.champagnelombardi.com\/en\/wp-json\/wp\/v2\/media\/5677"}],"wp:attachment":[{"href":"https:\/\/www.champagnelombardi.com\/en\/wp-json\/wp\/v2\/media?parent=1452"}],"wp:term":[{"taxonomy":"product_brand","embeddable":true,"href":"https:\/\/www.champagnelombardi.com\/en\/wp-json\/wp\/v2\/product_brand?post=1452"},{"taxonomy":"product_cat","embeddable":true,"href":"https:\/\/www.champagnelombardi.com\/en\/wp-json\/wp\/v2\/product_cat?post=1452"},{"taxonomy":"product_tag","embeddable":true,"href":"https:\/\/www.champagnelombardi.com\/en\/wp-json\/wp\/v2\/product_tag?post=1452"}],"curies":[{"name":"wp","href":"https:\/\/api.w.org\/{rel}","templated":true}]}}