{"id":1449,"date":"2017-10-31T18:12:29","date_gmt":"2017-10-31T18:12:29","guid":{"rendered":"https:\/\/www.champagnelombardi.com\/?post_type=product&#038;p=1449"},"modified":"2025-11-06T16:21:39","modified_gmt":"2025-11-06T13:21:39","slug":"hymenee","status":"publish","type":"product","link":"https:\/\/www.champagnelombardi.com\/en\/nos-champagnes\/hymenee\/","title":{"rendered":"HYM\u00c9N\u00c9E"},"content":{"rendered":"<p>[vc_row content_placement=&#8221;middle&#8221; css=&#8221;.vc_custom_1460727920666{padding-top: 0px !important;padding-bottom: 0px !important;background-color: #f2f2f2 !important;}&#8221;][vc_column css=&#8221;.vc_custom_1460636569719{padding: 20% !important;}&#8221; offset=&#8221;vc_col-lg-6 vc_col-md-6&#8243;]\n\t<div class=\"title-subtitle-box \" style=\" text-align: left;\">\n\t\t<h1 style=\" font-weight: normal;\" >Tasting notes<\/h1>\n\t<\/div> [vc_column_text css=&#8221;.vc_custom_1588259599412{margin-bottom: 0px !important;}&#8221;]<\/p>\n<p class=\"BasicParagraph\"><span lang=\"EN-US\">The Cuv\u00e9e Hym\u00e9n\u00e9e presents a bouquet that is very clear, deep, rich, precise and elegant. It releases mineral flavors of herbs, almonds, yellow fruits and toasted sweetbread. This champagne is full-bodied and round, but pure, straight and fresh with full finesse on the palate. A delicate cuv\u00e9e, stimulating with refined fruits, it offers a complex structure and a persistent mineral finish. This is excellent.<\/span><\/p>\n<p>[\/vc_column_text][\/vc_column][vc_column css=&#8221;.vc_custom_1460635864072{padding-top: 0px !important;padding-right: 0px !important;padding-bottom: 0px !important;padding-left: 0px !important;}&#8221; offset=&#8221;vc_col-lg-6 vc_col-md-6 vc_hidden-sm vc_hidden-xs&#8221;][vc_single_image image=&#8221;1784&#8243; img_size=&#8221;full&#8221; css=&#8221;.vc_custom_1516658109452{margin-bottom: 0px !important;}&#8221;][\/vc_column][\/vc_row][vc_row content_placement=&#8221;middle&#8221; css=&#8221;.vc_custom_1460727927848{padding-top: 0px !important;padding-bottom: 0px !important;background-color: #f2f2f2 !important;}&#8221;][vc_column css=&#8221;.vc_custom_1460635871252{padding-top: 0px !important;padding-right: 0px !important;padding-bottom: 0px !important;padding-left: 0px !important;}&#8221; offset=&#8221;vc_col-lg-6 vc_col-md-6 vc_hidden-sm vc_hidden-xs&#8221;][vc_single_image image=&#8221;1976&#8243; img_size=&#8221;full&#8221; css=&#8221;.vc_custom_1589980087282{margin-bottom: 0px !important;}&#8221;][\/vc_column][vc_column css=&#8221;.vc_custom_1460636579755{padding: 20% !important;}&#8221; offset=&#8221;vc_col-lg-6 vc_col-md-6&#8243;]\n\t<div class=\"title-subtitle-box \" style=\" text-align: left;\">\n\t\t<h1 style=\" font-weight: normal;\" >Food pairing notes<\/h1>\n\t<\/div> [vc_column_text]<strong>The magnificient recipe form the Michelin Chef jean Fran\u00e7ois Malle.<\/strong><\/p>\n<p>Blue lobster &amp; green peas, sheep cheese, Poached quail egg &amp; Jabugo ham and cold pea soup<\/p>\n<p><strong>Ask for the recipe to make at home!<\/strong>[\/vc_column_text][\/vc_column][\/vc_row][vc_row content_placement=&#8221;middle&#8221; css=&#8221;.vc_custom_1460727935440{padding-top: 0px !important;padding-bottom: 0px !important;background-color: #f2f2f2 !important;}&#8221;][vc_column css=&#8221;.vc_custom_1460636587092{padding: 20% !important;}&#8221; offset=&#8221;vc_col-lg-6 vc_col-md-6&#8243;]\n\t<div class=\"title-subtitle-box \" style=\" text-align: left;\">\n\t\t<h1 style=\" font-weight: normal;\" >Advice from St\u00e9phane Lombardi<\/h1>\n\t<\/div> [vc_column_text]Let it aerate 20 to 30 minutes before tasting.<br \/>\nSimply pair this cuvee Hym\u00e9n\u00e9e with an aged parmesan cheese.<\/p>\n<p><strong>Find this bottle at:<br \/>\n<\/strong>Daniel Boulud New York City 2** Michelin[\/vc_column_text][\/vc_column][vc_column css=&#8221;.vc_custom_1460635878309{padding-top: 0px !important;padding-right: 0px !important;padding-bottom: 0px !important;padding-left: 0px !important;}&#8221; offset=&#8221;vc_col-lg-6 vc_col-md-6 vc_hidden-sm vc_hidden-xs&#8221;][vc_single_image image=&#8221;1782&#8243; img_size=&#8221;full&#8221; css=&#8221;.vc_custom_1516658123764{margin-bottom: 0px !important;}&#8221;][\/vc_column][\/vc_row]<\/p>","protected":false},"excerpt":{"rendered":"<p class=\"BasicParagraph\"><span lang=\"EN-US\">The mythical Greek god of marriage, signs this balanced association of two grape varietals contributing equal shares.<\/span><\/p>\n<p><strong>100% first press juice<\/strong><\/p>\n<p><strong>Good to know:<\/strong> All our champagnes are said to be &#8220;cuv\u00e9es&#8221; because they are exclusively made with first-press juices. As the name suggests, these most qualitative juices are obtained from the first pressing. Less qualitative size juices (second and third press) do not enter into the production of our champagnes.<\/p>\n","protected":false},"featured_media":5618,"comment_status":"closed","ping_status":"closed","template":"","meta":[],"product_brand":[],"product_cat":[62],"product_tag":[],"class_list":{"0":"post-1449","1":"product","2":"type-product","3":"status-publish","4":"has-post-thumbnail","6":"product_cat-non-classe","8":"first","9":"instock","10":"shipping-taxable","11":"purchasable","12":"product-type-simple"},"yoast_head":"<!-- This site is optimized with the Yoast SEO plugin v27.2 - https:\/\/yoast.com\/product\/yoast-seo-wordpress\/ -->\n<title>Cuv\u00e9e Hym\u00e9n\u00e9e - Champagnes Lombardi eshop<\/title>\n<meta name=\"description\" content=\"The mythical Greek god of marriage, signs this balanced association of two grape varietals contributing equal shares\" \/>\n<meta name=\"robots\" content=\"index, follow, max-snippet:-1, max-image-preview:large, max-video-preview:-1\" \/>\n<link rel=\"canonical\" href=\"https:\/\/www.champagnelombardi.com\/nos-champagnes\/hymenee\/\" \/>\n<meta property=\"og:locale\" content=\"en_US\" \/>\n<meta property=\"og:type\" content=\"article\" \/>\n<meta property=\"og:title\" content=\"[:en]Cuv\u00e9e Hym\u00e9n\u00e9e - Champagnes Lombardi eshop[:fr]Cuv\u00e9e HYM\u00c9N\u00c9E - Champagne Lombardi[:]\" \/>\n<meta property=\"og:description\" content=\"{:en}The mythical Greek god of marriage, signs this balanced association of two grape varietals contributing equal shares {:fr}La Cuv\u00e9e Hym\u00e9n\u00e9e pr\u00e9sente un bouquet tr\u00e8s clair, profond, riche, pr\u00e9cis et \u00e9l\u00e9gant. Il lib\u00e8re des ar\u00f4mes min\u00e9raux, d\u2019herbes, d\u2019amandes, de fruits jaunes et de brioche. Ce champagne est cors\u00e9 et rond, mais pur, droit, frais avec une pleine finesse au palet.{:}\" \/>\n<meta property=\"og:url\" content=\"https:\/\/www.champagnelombardi.com\/nos-champagnes\/hymenee\/\" \/>\n<meta property=\"og:site_name\" content=\"Champagne Lombardi\" \/>\n<meta property=\"article:modified_time\" content=\"2025-11-06T13:21:39+00:00\" \/>\n<meta property=\"og:image\" content=\"https:\/\/www.champagnelombardi.com\/wp-content\/uploads\/2022\/02\/Hymenee-2.jpg\" \/>\n\t<meta property=\"og:image:width\" content=\"2012\" \/>\n\t<meta property=\"og:image:height\" content=\"2470\" \/>\n\t<meta property=\"og:image:type\" content=\"image\/jpeg\" \/>\n<meta name=\"twitter:card\" content=\"summary_large_image\" \/>\n<meta name=\"twitter:label1\" content=\"Est. reading time\" \/>\n\t<meta name=\"twitter:data1\" content=\"2 minutes\" \/>\n<script type=\"application\/ld+json\" class=\"yoast-schema-graph\">{\"@context\":\"https:\/\/schema.org\",\"@graph\":[{\"@type\":\"WebPage\",\"@id\":\"https:\/\/www.champagnelombardi.com\/nos-champagnes\/hymenee\/\",\"url\":\"https:\/\/www.champagnelombardi.com\/nos-champagnes\/hymenee\/\",\"name\":\"[:en]Cuv\u00e9e Hym\u00e9n\u00e9e - Champagnes Lombardi eshop[:fr]Cuv\u00e9e HYM\u00c9N\u00c9E - Champagne Lombardi[:]\",\"isPartOf\":{\"@id\":\"https:\/\/www.champagnelombardi.com\/fr\/#website\"},\"primaryImageOfPage\":{\"@id\":\"https:\/\/www.champagnelombardi.com\/nos-champagnes\/hymenee\/#primaryimage\"},\"image\":{\"@id\":\"https:\/\/www.champagnelombardi.com\/nos-champagnes\/hymenee\/#primaryimage\"},\"thumbnailUrl\":\"https:\/\/www.champagnelombardi.com\/wp-content\/uploads\/2022\/02\/Hymenee-2.jpg\",\"datePublished\":\"2017-10-31T18:12:29+00:00\",\"dateModified\":\"2025-11-06T13:21:39+00:00\",\"description\":\"{:en}The mythical Greek god of marriage, signs this balanced association of two grape varietals contributing equal shares {:fr}La Cuv\u00e9e Hym\u00e9n\u00e9e pr\u00e9sente un bouquet tr\u00e8s clair, profond, riche, pr\u00e9cis et \u00e9l\u00e9gant. Il lib\u00e8re des ar\u00f4mes min\u00e9raux, d\u2019herbes, d\u2019amandes, de fruits jaunes et de brioche. Ce champagne est cors\u00e9 et rond, mais pur, droit, frais avec une pleine finesse au palet.{:}\",\"breadcrumb\":{\"@id\":\"https:\/\/www.champagnelombardi.com\/nos-champagnes\/hymenee\/#breadcrumb\"},\"inLanguage\":\"en-US\",\"potentialAction\":[{\"@type\":\"ReadAction\",\"target\":[\"https:\/\/www.champagnelombardi.com\/nos-champagnes\/hymenee\/\"]}]},{\"@type\":\"ImageObject\",\"inLanguage\":\"en-US\",\"@id\":\"https:\/\/www.champagnelombardi.com\/nos-champagnes\/hymenee\/#primaryimage\",\"url\":\"https:\/\/www.champagnelombardi.com\/wp-content\/uploads\/2022\/02\/Hymenee-2.jpg\",\"contentUrl\":\"https:\/\/www.champagnelombardi.com\/wp-content\/uploads\/2022\/02\/Hymenee-2.jpg\",\"width\":2012,\"height\":2470},{\"@type\":\"BreadcrumbList\",\"@id\":\"https:\/\/www.champagnelombardi.com\/nos-champagnes\/hymenee\/#breadcrumb\",\"itemListElement\":[{\"@type\":\"ListItem\",\"position\":1,\"name\":\"Accueil\",\"item\":\"https:\/\/www.champagnelombardi.com\/\"},{\"@type\":\"ListItem\",\"position\":2,\"name\":\"La boutique\",\"item\":\"https:\/\/www.champagnelombardi.com\/wines\/\"},{\"@type\":\"ListItem\",\"position\":3,\"name\":\"HYM\u00c9N\u00c9E\"}]},{\"@type\":\"WebSite\",\"@id\":\"https:\/\/www.champagnelombardi.com\/fr\/#website\",\"url\":\"https:\/\/www.champagnelombardi.com\/fr\/\",\"name\":\"Champagne Lombardi\",\"description\":\"\",\"publisher\":{\"@id\":\"https:\/\/www.champagnelombardi.com\/fr\/#organization\"},\"potentialAction\":[{\"@type\":\"SearchAction\",\"target\":{\"@type\":\"EntryPoint\",\"urlTemplate\":\"https:\/\/www.champagnelombardi.com\/fr\/?s={search_term_string}\"},\"query-input\":{\"@type\":\"PropertyValueSpecification\",\"valueRequired\":true,\"valueName\":\"search_term_string\"}}],\"inLanguage\":\"en-US\"},{\"@type\":\"Organization\",\"@id\":\"https:\/\/www.champagnelombardi.com\/fr\/#organization\",\"name\":\"Champagne Lombardi\",\"url\":\"https:\/\/www.champagnelombardi.com\/fr\/\",\"logo\":{\"@type\":\"ImageObject\",\"inLanguage\":\"en-US\",\"@id\":\"https:\/\/www.champagnelombardi.com\/fr\/#\/schema\/logo\/image\/\",\"url\":\"https:\/\/www.champagnelombardi.com\/wp-content\/uploads\/2017\/10\/logo_footer.png\",\"contentUrl\":\"https:\/\/www.champagnelombardi.com\/wp-content\/uploads\/2017\/10\/logo_footer.png\",\"width\":714,\"height\":552,\"caption\":\"Champagne Lombardi\"},\"image\":{\"@id\":\"https:\/\/www.champagnelombardi.com\/fr\/#\/schema\/logo\/image\/\"}}]}<\/script>\n<!-- \/ Yoast SEO plugin. -->","yoast_head_json":{"title":"Cuv\u00e9e Hym\u00e9n\u00e9e - Champagnes Lombardi eshop","description":"The mythical Greek god of marriage, signs this balanced association of two grape varietals contributing equal shares","robots":{"index":"index","follow":"follow","max-snippet":"max-snippet:-1","max-image-preview":"max-image-preview:large","max-video-preview":"max-video-preview:-1"},"canonical":"https:\/\/www.champagnelombardi.com\/nos-champagnes\/hymenee\/","og_locale":"en_US","og_type":"article","og_title":"[:en]Cuv\u00e9e Hym\u00e9n\u00e9e - Champagnes Lombardi eshop[:fr]Cuv\u00e9e HYM\u00c9N\u00c9E - Champagne Lombardi[:]","og_description":"{:en}The mythical Greek god of marriage, signs this balanced association of two grape varietals contributing equal shares {:fr}La Cuv\u00e9e Hym\u00e9n\u00e9e pr\u00e9sente un bouquet tr\u00e8s clair, profond, riche, pr\u00e9cis et \u00e9l\u00e9gant. Il lib\u00e8re des ar\u00f4mes min\u00e9raux, d\u2019herbes, d\u2019amandes, de fruits jaunes et de brioche. Ce champagne est cors\u00e9 et rond, mais pur, droit, frais avec une pleine finesse au palet.{:}","og_url":"https:\/\/www.champagnelombardi.com\/nos-champagnes\/hymenee\/","og_site_name":"Champagne Lombardi","article_modified_time":"2025-11-06T13:21:39+00:00","og_image":[{"width":2012,"height":2470,"url":"https:\/\/www.champagnelombardi.com\/wp-content\/uploads\/2022\/02\/Hymenee-2.jpg","type":"image\/jpeg"}],"twitter_card":"summary_large_image","twitter_misc":{"Est. reading time":"2 minutes"},"schema":{"@context":"https:\/\/schema.org","@graph":[{"@type":"WebPage","@id":"https:\/\/www.champagnelombardi.com\/nos-champagnes\/hymenee\/","url":"https:\/\/www.champagnelombardi.com\/nos-champagnes\/hymenee\/","name":"[:en]Cuv\u00e9e Hym\u00e9n\u00e9e - Champagnes Lombardi eshop[:fr]Cuv\u00e9e HYM\u00c9N\u00c9E - Champagne Lombardi[:]","isPartOf":{"@id":"https:\/\/www.champagnelombardi.com\/fr\/#website"},"primaryImageOfPage":{"@id":"https:\/\/www.champagnelombardi.com\/nos-champagnes\/hymenee\/#primaryimage"},"image":{"@id":"https:\/\/www.champagnelombardi.com\/nos-champagnes\/hymenee\/#primaryimage"},"thumbnailUrl":"https:\/\/www.champagnelombardi.com\/wp-content\/uploads\/2022\/02\/Hymenee-2.jpg","datePublished":"2017-10-31T18:12:29+00:00","dateModified":"2025-11-06T13:21:39+00:00","description":"{:en}The mythical Greek god of marriage, signs this balanced association of two grape varietals contributing equal shares {:fr}La Cuv\u00e9e Hym\u00e9n\u00e9e pr\u00e9sente un bouquet tr\u00e8s clair, profond, riche, pr\u00e9cis et \u00e9l\u00e9gant. Il lib\u00e8re des ar\u00f4mes min\u00e9raux, d\u2019herbes, d\u2019amandes, de fruits jaunes et de brioche. Ce champagne est cors\u00e9 et rond, mais pur, droit, frais avec une pleine finesse au palet.{:}","breadcrumb":{"@id":"https:\/\/www.champagnelombardi.com\/nos-champagnes\/hymenee\/#breadcrumb"},"inLanguage":"en-US","potentialAction":[{"@type":"ReadAction","target":["https:\/\/www.champagnelombardi.com\/nos-champagnes\/hymenee\/"]}]},{"@type":"ImageObject","inLanguage":"en-US","@id":"https:\/\/www.champagnelombardi.com\/nos-champagnes\/hymenee\/#primaryimage","url":"https:\/\/www.champagnelombardi.com\/wp-content\/uploads\/2022\/02\/Hymenee-2.jpg","contentUrl":"https:\/\/www.champagnelombardi.com\/wp-content\/uploads\/2022\/02\/Hymenee-2.jpg","width":2012,"height":2470},{"@type":"BreadcrumbList","@id":"https:\/\/www.champagnelombardi.com\/nos-champagnes\/hymenee\/#breadcrumb","itemListElement":[{"@type":"ListItem","position":1,"name":"Accueil","item":"https:\/\/www.champagnelombardi.com\/"},{"@type":"ListItem","position":2,"name":"La boutique","item":"https:\/\/www.champagnelombardi.com\/wines\/"},{"@type":"ListItem","position":3,"name":"HYM\u00c9N\u00c9E"}]},{"@type":"WebSite","@id":"https:\/\/www.champagnelombardi.com\/fr\/#website","url":"https:\/\/www.champagnelombardi.com\/fr\/","name":"Champagne Lombardi","description":"","publisher":{"@id":"https:\/\/www.champagnelombardi.com\/fr\/#organization"},"potentialAction":[{"@type":"SearchAction","target":{"@type":"EntryPoint","urlTemplate":"https:\/\/www.champagnelombardi.com\/fr\/?s={search_term_string}"},"query-input":{"@type":"PropertyValueSpecification","valueRequired":true,"valueName":"search_term_string"}}],"inLanguage":"en-US"},{"@type":"Organization","@id":"https:\/\/www.champagnelombardi.com\/fr\/#organization","name":"Champagne Lombardi","url":"https:\/\/www.champagnelombardi.com\/fr\/","logo":{"@type":"ImageObject","inLanguage":"en-US","@id":"https:\/\/www.champagnelombardi.com\/fr\/#\/schema\/logo\/image\/","url":"https:\/\/www.champagnelombardi.com\/wp-content\/uploads\/2017\/10\/logo_footer.png","contentUrl":"https:\/\/www.champagnelombardi.com\/wp-content\/uploads\/2017\/10\/logo_footer.png","width":714,"height":552,"caption":"Champagne Lombardi"},"image":{"@id":"https:\/\/www.champagnelombardi.com\/fr\/#\/schema\/logo\/image\/"}}]}},"_links":{"self":[{"href":"https:\/\/www.champagnelombardi.com\/en\/wp-json\/wp\/v2\/product\/1449","targetHints":{"allow":["GET"]}}],"collection":[{"href":"https:\/\/www.champagnelombardi.com\/en\/wp-json\/wp\/v2\/product"}],"about":[{"href":"https:\/\/www.champagnelombardi.com\/en\/wp-json\/wp\/v2\/types\/product"}],"replies":[{"embeddable":true,"href":"https:\/\/www.champagnelombardi.com\/en\/wp-json\/wp\/v2\/comments?post=1449"}],"wp:featuredmedia":[{"embeddable":true,"href":"https:\/\/www.champagnelombardi.com\/en\/wp-json\/wp\/v2\/media\/5618"}],"wp:attachment":[{"href":"https:\/\/www.champagnelombardi.com\/en\/wp-json\/wp\/v2\/media?parent=1449"}],"wp:term":[{"taxonomy":"product_brand","embeddable":true,"href":"https:\/\/www.champagnelombardi.com\/en\/wp-json\/wp\/v2\/product_brand?post=1449"},{"taxonomy":"product_cat","embeddable":true,"href":"https:\/\/www.champagnelombardi.com\/en\/wp-json\/wp\/v2\/product_cat?post=1449"},{"taxonomy":"product_tag","embeddable":true,"href":"https:\/\/www.champagnelombardi.com\/en\/wp-json\/wp\/v2\/product_tag?post=1449"}],"curies":[{"name":"wp","href":"https:\/\/api.w.org\/{rel}","templated":true}]}}