{"id":1442,"date":"2017-10-31T17:35:54","date_gmt":"2017-10-31T17:35:54","guid":{"rendered":"https:\/\/www.champagnelombardi.com\/?post_type=product&#038;p=1442"},"modified":"2025-11-06T16:07:25","modified_gmt":"2025-11-06T13:07:25","slug":"anthese","status":"publish","type":"product","link":"https:\/\/www.champagnelombardi.com\/en\/nos-champagnes\/anthese\/","title":{"rendered":"ANTH\u00c8SE"},"content":{"rendered":"<p>[vc_row content_placement=&#8221;middle&#8221; css=&#8221;.vc_custom_1460727920666{padding-top: 0px !important;padding-bottom: 0px !important;background-color: #f2f2f2 !important;}&#8221;][vc_column css=&#8221;.vc_custom_1460636569719{padding: 20% !important;}&#8221; offset=&#8221;vc_col-lg-6 vc_col-md-6&#8243;]\n\t<div class=\"title-subtitle-box \" style=\" text-align: left;\">\n\t\t<h1 style=\" font-weight: normal;\" >Tasting notes<\/h1>\n\t<\/div> [vc_column_text css=&#8221;.vc_custom_1588261427597{margin-bottom: 0px !important;}&#8221;]The intense flavors of ripe raspberries and peaches are combined with a zest of candied lemon that ends in a juicy and pleasant acidity resulting in a lip-smacking finish. Anth\u00e8se is very well-balanced and approachable; its bubbles are fine and light.[\/vc_column_text][\/vc_column][vc_column css=&#8221;.vc_custom_1460635864072{padding-top: 0px !important;padding-right: 0px !important;padding-bottom: 0px !important;padding-left: 0px !important;}&#8221; offset=&#8221;vc_col-lg-6 vc_col-md-6 vc_hidden-sm vc_hidden-xs&#8221;][vc_single_image image=&#8221;1977&#8243; img_size=&#8221;full&#8221; css=&#8221;.vc_custom_1589980244762{margin-bottom: 0px !important;}&#8221;][\/vc_column][\/vc_row][vc_row content_placement=&#8221;middle&#8221; css=&#8221;.vc_custom_1460727927848{padding-top: 0px !important;padding-bottom: 0px !important;background-color: #f2f2f2 !important;}&#8221;][vc_column css=&#8221;.vc_custom_1460635871252{padding-top: 0px !important;padding-right: 0px !important;padding-bottom: 0px !important;padding-left: 0px !important;}&#8221; offset=&#8221;vc_col-lg-6 vc_col-md-6 vc_hidden-sm vc_hidden-xs&#8221;][vc_single_image image=&#8221;1783&#8243; img_size=&#8221;full&#8221; css=&#8221;.vc_custom_1516658543730{margin-bottom: 0px !important;}&#8221;][\/vc_column][vc_column css=&#8221;.vc_custom_1460636579755{padding: 20% !important;}&#8221; offset=&#8221;vc_col-lg-6 vc_col-md-6&#8243;]\n\t<div class=\"title-subtitle-box \" style=\" text-align: left;\">\n\t\t<h1 style=\" font-weight: normal;\" >Food pairing notes<\/h1>\n\t<\/div> [vc_column_text]<strong>Marocan Tajines or indian dishes including a <\/strong>mixture of mild herbs and spices<strong>(nutmeg, cardamom, saffron, cumin, coriander) <\/strong><\/p>\n<p>Try a Madras and Colombo curry powder, garam-massala.[\/vc_column_text][\/vc_column][\/vc_row][vc_row content_placement=&#8221;middle&#8221; css=&#8221;.vc_custom_1460727935440{padding-top: 0px !important;padding-bottom: 0px !important;background-color: #f2f2f2 !important;}&#8221;][vc_column css=&#8221;.vc_custom_1460636587092{padding: 20% !important;}&#8221; offset=&#8221;vc_col-lg-6 vc_col-md-6&#8243;]\n\t<div class=\"title-subtitle-box \" style=\" text-align: left;\">\n\t\t<h1 style=\" font-weight: normal;\" >Advice from St\u00e9phane Lombardi<\/h1>\n\t<\/div> [vc_column_text]Please avoid hot fiery spices and if you want to share the cuvee Anth\u00e8se for dessert, you need to avoid too sweet desserts and bitter chocolates, go for fruit desserts with a hint of citrus.<\/p>\n<p><strong>Find this bottle at:<br \/>\n<\/strong>Restaurant Le 9\u00e8me Art &#8211; France &#8211; 2** Michelin[\/vc_column_text][\/vc_column][vc_column css=&#8221;.vc_custom_1460635878309{padding-top: 0px !important;padding-right: 0px !important;padding-bottom: 0px !important;padding-left: 0px !important;}&#8221; offset=&#8221;vc_col-lg-6 vc_col-md-6 vc_hidden-sm vc_hidden-xs&#8221;][vc_single_image image=&#8221;1782&#8243; img_size=&#8221;full&#8221; css=&#8221;.vc_custom_1516658551014{margin-bottom: 0px !important;}&#8221;][\/vc_column][\/vc_row]<\/p>","protected":false},"excerpt":{"rendered":"<p>Your appreciation of our rose Champagne will depend on the time of year and food it will accompany.<\/p>\n<p>It could be shared with a group of friends enjoying a summer garden party, firing grilled fish and sharing little mezze, or an intimate dinner discovering oriental dishes.<\/p>\n<p><strong>100% first press juice<\/strong><\/p>\n<p><strong>Good to know:<\/strong> All our champagnes are said to be &#8220;cuv\u00e9es&#8221; because they are exclusively made with first-press juices. As the name suggests, these most qualitative juices are obtained from the first pressing. Less qualitative size juices (second and third press) do not enter into the production of our champagnes.<\/p>\n","protected":false},"featured_media":5616,"comment_status":"closed","ping_status":"closed","template":"","meta":[],"product_brand":[],"product_cat":[62],"product_tag":[],"class_list":{"0":"post-1442","1":"product","2":"type-product","3":"status-publish","4":"has-post-thumbnail","6":"product_cat-non-classe","8":"first","9":"instock","10":"shipping-taxable","11":"purchasable","12":"product-type-simple"},"yoast_head":"<!-- This site is optimized with the Yoast SEO plugin v27.2 - https:\/\/yoast.com\/product\/yoast-seo-wordpress\/ -->\n<title>Cuv\u00e9e ANTHESE - Champagnes Lombardi Eshop<\/title>\n<meta name=\"description\" content=\"Your appreciation of our rose Champagne will depend on the time of year and food it will accompany. It could be shared with a group of friends enjoying a summer garden party, firing grilled fish and sharing little mezze, or an intimate dinner discovering oriental dishes.\" \/>\n<meta name=\"robots\" content=\"index, follow, max-snippet:-1, max-image-preview:large, max-video-preview:-1\" \/>\n<link rel=\"canonical\" href=\"https:\/\/www.champagnelombardi.com\/nos-champagnes\/anthese\/\" \/>\n<meta property=\"og:locale\" content=\"en_US\" \/>\n<meta property=\"og:type\" content=\"article\" \/>\n<meta property=\"og:title\" content=\"[:en]Cuv\u00e9e ANTHESE - Champagnes Lombardi Eshop[:fr]ANTH\u00c8SE - Cuv\u00e9e ros\u00e9e - Champagne Lombardi [:]\" \/>\n<meta property=\"og:description\" content=\"{:en}Your appreciation of our rose Champagne will depend on the time of year and food it will accompany. It could be shared with a group of friends enjoying a summer garden party, firing grilled fish and sharing little mezze, or an intimate dinner discovering oriental dishes. {:fr}Notre cuv\u00e9e ros\u00e9e d\u2019assemblage est telle une fleur arriv\u00e9e \u00e0 maturit\u00e9 : pleinement \u00e9panouie, de structure et de couleur parfaites. Un assemblage donnant la part belle au Pinot noir face au Chardonnay. Jus de premi\u00e8re presse auquel s\u2019ajoutent 20% de vin de r\u00e9serve.{:}\" \/>\n<meta property=\"og:url\" content=\"https:\/\/www.champagnelombardi.com\/nos-champagnes\/anthese\/\" \/>\n<meta property=\"og:site_name\" content=\"Champagne Lombardi\" \/>\n<meta property=\"article:modified_time\" content=\"2025-11-06T13:07:25+00:00\" \/>\n<meta property=\"og:image\" content=\"https:\/\/www.champagnelombardi.com\/wp-content\/uploads\/2022\/02\/Anthese-site3.jpg\" \/>\n\t<meta property=\"og:image:width\" content=\"2012\" \/>\n\t<meta property=\"og:image:height\" content=\"2470\" \/>\n\t<meta property=\"og:image:type\" content=\"image\/jpeg\" \/>\n<meta name=\"twitter:card\" content=\"summary_large_image\" \/>\n<meta name=\"twitter:label1\" content=\"Est. reading time\" \/>\n\t<meta name=\"twitter:data1\" content=\"2 minutes\" \/>\n<script type=\"application\/ld+json\" class=\"yoast-schema-graph\">{\"@context\":\"https:\/\/schema.org\",\"@graph\":[{\"@type\":\"WebPage\",\"@id\":\"https:\/\/www.champagnelombardi.com\/nos-champagnes\/anthese\/\",\"url\":\"https:\/\/www.champagnelombardi.com\/nos-champagnes\/anthese\/\",\"name\":\"[:en]Cuv\u00e9e ANTHESE - Champagnes Lombardi Eshop[:fr]ANTH\u00c8SE - Cuv\u00e9e ros\u00e9e - Champagne Lombardi [:]\",\"isPartOf\":{\"@id\":\"https:\/\/www.champagnelombardi.com\/fr\/#website\"},\"primaryImageOfPage\":{\"@id\":\"https:\/\/www.champagnelombardi.com\/nos-champagnes\/anthese\/#primaryimage\"},\"image\":{\"@id\":\"https:\/\/www.champagnelombardi.com\/nos-champagnes\/anthese\/#primaryimage\"},\"thumbnailUrl\":\"https:\/\/www.champagnelombardi.com\/wp-content\/uploads\/2022\/02\/Anthese-site3.jpg\",\"datePublished\":\"2017-10-31T17:35:54+00:00\",\"dateModified\":\"2025-11-06T13:07:25+00:00\",\"description\":\"{:en}Your appreciation of our rose Champagne will depend on the time of year and food it will accompany. It could be shared with a group of friends enjoying a summer garden party, firing grilled fish and sharing little mezze, or an intimate dinner discovering oriental dishes. {:fr}Notre cuv\u00e9e ros\u00e9e d\u2019assemblage est telle une fleur arriv\u00e9e \u00e0 maturit\u00e9 : pleinement \u00e9panouie, de structure et de couleur parfaites. Un assemblage donnant la part belle au Pinot noir face au Chardonnay. Jus de premi\u00e8re presse auquel s\u2019ajoutent 20% de vin de r\u00e9serve.{:}\",\"breadcrumb\":{\"@id\":\"https:\/\/www.champagnelombardi.com\/nos-champagnes\/anthese\/#breadcrumb\"},\"inLanguage\":\"en-US\",\"potentialAction\":[{\"@type\":\"ReadAction\",\"target\":[\"https:\/\/www.champagnelombardi.com\/nos-champagnes\/anthese\/\"]}]},{\"@type\":\"ImageObject\",\"inLanguage\":\"en-US\",\"@id\":\"https:\/\/www.champagnelombardi.com\/nos-champagnes\/anthese\/#primaryimage\",\"url\":\"https:\/\/www.champagnelombardi.com\/wp-content\/uploads\/2022\/02\/Anthese-site3.jpg\",\"contentUrl\":\"https:\/\/www.champagnelombardi.com\/wp-content\/uploads\/2022\/02\/Anthese-site3.jpg\",\"width\":2012,\"height\":2470,\"caption\":\"Cuvee Rose Anth\u00e8se\"},{\"@type\":\"BreadcrumbList\",\"@id\":\"https:\/\/www.champagnelombardi.com\/nos-champagnes\/anthese\/#breadcrumb\",\"itemListElement\":[{\"@type\":\"ListItem\",\"position\":1,\"name\":\"Accueil\",\"item\":\"https:\/\/www.champagnelombardi.com\/\"},{\"@type\":\"ListItem\",\"position\":2,\"name\":\"La boutique\",\"item\":\"https:\/\/www.champagnelombardi.com\/wines\/\"},{\"@type\":\"ListItem\",\"position\":3,\"name\":\"ANTH\u00c8SE\"}]},{\"@type\":\"WebSite\",\"@id\":\"https:\/\/www.champagnelombardi.com\/fr\/#website\",\"url\":\"https:\/\/www.champagnelombardi.com\/fr\/\",\"name\":\"Champagne Lombardi\",\"description\":\"\",\"publisher\":{\"@id\":\"https:\/\/www.champagnelombardi.com\/fr\/#organization\"},\"potentialAction\":[{\"@type\":\"SearchAction\",\"target\":{\"@type\":\"EntryPoint\",\"urlTemplate\":\"https:\/\/www.champagnelombardi.com\/fr\/?s={search_term_string}\"},\"query-input\":{\"@type\":\"PropertyValueSpecification\",\"valueRequired\":true,\"valueName\":\"search_term_string\"}}],\"inLanguage\":\"en-US\"},{\"@type\":\"Organization\",\"@id\":\"https:\/\/www.champagnelombardi.com\/fr\/#organization\",\"name\":\"Champagne Lombardi\",\"url\":\"https:\/\/www.champagnelombardi.com\/fr\/\",\"logo\":{\"@type\":\"ImageObject\",\"inLanguage\":\"en-US\",\"@id\":\"https:\/\/www.champagnelombardi.com\/fr\/#\/schema\/logo\/image\/\",\"url\":\"https:\/\/www.champagnelombardi.com\/wp-content\/uploads\/2017\/10\/logo_footer.png\",\"contentUrl\":\"https:\/\/www.champagnelombardi.com\/wp-content\/uploads\/2017\/10\/logo_footer.png\",\"width\":714,\"height\":552,\"caption\":\"Champagne Lombardi\"},\"image\":{\"@id\":\"https:\/\/www.champagnelombardi.com\/fr\/#\/schema\/logo\/image\/\"}}]}<\/script>\n<!-- \/ Yoast SEO plugin. -->","yoast_head_json":{"title":"Cuv\u00e9e ANTHESE - Champagnes Lombardi Eshop","description":"Your appreciation of our rose Champagne will depend on the time of year and food it will accompany. It could be shared with a group of friends enjoying a summer garden party, firing grilled fish and sharing little mezze, or an intimate dinner discovering oriental dishes.","robots":{"index":"index","follow":"follow","max-snippet":"max-snippet:-1","max-image-preview":"max-image-preview:large","max-video-preview":"max-video-preview:-1"},"canonical":"https:\/\/www.champagnelombardi.com\/nos-champagnes\/anthese\/","og_locale":"en_US","og_type":"article","og_title":"[:en]Cuv\u00e9e ANTHESE - Champagnes Lombardi Eshop[:fr]ANTH\u00c8SE - Cuv\u00e9e ros\u00e9e - Champagne Lombardi [:]","og_description":"{:en}Your appreciation of our rose Champagne will depend on the time of year and food it will accompany. It could be shared with a group of friends enjoying a summer garden party, firing grilled fish and sharing little mezze, or an intimate dinner discovering oriental dishes. {:fr}Notre cuv\u00e9e ros\u00e9e d\u2019assemblage est telle une fleur arriv\u00e9e \u00e0 maturit\u00e9 : pleinement \u00e9panouie, de structure et de couleur parfaites. Un assemblage donnant la part belle au Pinot noir face au Chardonnay. Jus de premi\u00e8re presse auquel s\u2019ajoutent 20% de vin de r\u00e9serve.{:}","og_url":"https:\/\/www.champagnelombardi.com\/nos-champagnes\/anthese\/","og_site_name":"Champagne Lombardi","article_modified_time":"2025-11-06T13:07:25+00:00","og_image":[{"width":2012,"height":2470,"url":"https:\/\/www.champagnelombardi.com\/wp-content\/uploads\/2022\/02\/Anthese-site3.jpg","type":"image\/jpeg"}],"twitter_card":"summary_large_image","twitter_misc":{"Est. reading time":"2 minutes"},"schema":{"@context":"https:\/\/schema.org","@graph":[{"@type":"WebPage","@id":"https:\/\/www.champagnelombardi.com\/nos-champagnes\/anthese\/","url":"https:\/\/www.champagnelombardi.com\/nos-champagnes\/anthese\/","name":"[:en]Cuv\u00e9e ANTHESE - Champagnes Lombardi Eshop[:fr]ANTH\u00c8SE - Cuv\u00e9e ros\u00e9e - Champagne Lombardi [:]","isPartOf":{"@id":"https:\/\/www.champagnelombardi.com\/fr\/#website"},"primaryImageOfPage":{"@id":"https:\/\/www.champagnelombardi.com\/nos-champagnes\/anthese\/#primaryimage"},"image":{"@id":"https:\/\/www.champagnelombardi.com\/nos-champagnes\/anthese\/#primaryimage"},"thumbnailUrl":"https:\/\/www.champagnelombardi.com\/wp-content\/uploads\/2022\/02\/Anthese-site3.jpg","datePublished":"2017-10-31T17:35:54+00:00","dateModified":"2025-11-06T13:07:25+00:00","description":"{:en}Your appreciation of our rose Champagne will depend on the time of year and food it will accompany. It could be shared with a group of friends enjoying a summer garden party, firing grilled fish and sharing little mezze, or an intimate dinner discovering oriental dishes. {:fr}Notre cuv\u00e9e ros\u00e9e d\u2019assemblage est telle une fleur arriv\u00e9e \u00e0 maturit\u00e9 : pleinement \u00e9panouie, de structure et de couleur parfaites. Un assemblage donnant la part belle au Pinot noir face au Chardonnay. Jus de premi\u00e8re presse auquel s\u2019ajoutent 20% de vin de r\u00e9serve.{:}","breadcrumb":{"@id":"https:\/\/www.champagnelombardi.com\/nos-champagnes\/anthese\/#breadcrumb"},"inLanguage":"en-US","potentialAction":[{"@type":"ReadAction","target":["https:\/\/www.champagnelombardi.com\/nos-champagnes\/anthese\/"]}]},{"@type":"ImageObject","inLanguage":"en-US","@id":"https:\/\/www.champagnelombardi.com\/nos-champagnes\/anthese\/#primaryimage","url":"https:\/\/www.champagnelombardi.com\/wp-content\/uploads\/2022\/02\/Anthese-site3.jpg","contentUrl":"https:\/\/www.champagnelombardi.com\/wp-content\/uploads\/2022\/02\/Anthese-site3.jpg","width":2012,"height":2470,"caption":"Cuvee Rose Anth\u00e8se"},{"@type":"BreadcrumbList","@id":"https:\/\/www.champagnelombardi.com\/nos-champagnes\/anthese\/#breadcrumb","itemListElement":[{"@type":"ListItem","position":1,"name":"Accueil","item":"https:\/\/www.champagnelombardi.com\/"},{"@type":"ListItem","position":2,"name":"La boutique","item":"https:\/\/www.champagnelombardi.com\/wines\/"},{"@type":"ListItem","position":3,"name":"ANTH\u00c8SE"}]},{"@type":"WebSite","@id":"https:\/\/www.champagnelombardi.com\/fr\/#website","url":"https:\/\/www.champagnelombardi.com\/fr\/","name":"Champagne Lombardi","description":"","publisher":{"@id":"https:\/\/www.champagnelombardi.com\/fr\/#organization"},"potentialAction":[{"@type":"SearchAction","target":{"@type":"EntryPoint","urlTemplate":"https:\/\/www.champagnelombardi.com\/fr\/?s={search_term_string}"},"query-input":{"@type":"PropertyValueSpecification","valueRequired":true,"valueName":"search_term_string"}}],"inLanguage":"en-US"},{"@type":"Organization","@id":"https:\/\/www.champagnelombardi.com\/fr\/#organization","name":"Champagne Lombardi","url":"https:\/\/www.champagnelombardi.com\/fr\/","logo":{"@type":"ImageObject","inLanguage":"en-US","@id":"https:\/\/www.champagnelombardi.com\/fr\/#\/schema\/logo\/image\/","url":"https:\/\/www.champagnelombardi.com\/wp-content\/uploads\/2017\/10\/logo_footer.png","contentUrl":"https:\/\/www.champagnelombardi.com\/wp-content\/uploads\/2017\/10\/logo_footer.png","width":714,"height":552,"caption":"Champagne Lombardi"},"image":{"@id":"https:\/\/www.champagnelombardi.com\/fr\/#\/schema\/logo\/image\/"}}]}},"_links":{"self":[{"href":"https:\/\/www.champagnelombardi.com\/en\/wp-json\/wp\/v2\/product\/1442","targetHints":{"allow":["GET"]}}],"collection":[{"href":"https:\/\/www.champagnelombardi.com\/en\/wp-json\/wp\/v2\/product"}],"about":[{"href":"https:\/\/www.champagnelombardi.com\/en\/wp-json\/wp\/v2\/types\/product"}],"replies":[{"embeddable":true,"href":"https:\/\/www.champagnelombardi.com\/en\/wp-json\/wp\/v2\/comments?post=1442"}],"wp:featuredmedia":[{"embeddable":true,"href":"https:\/\/www.champagnelombardi.com\/en\/wp-json\/wp\/v2\/media\/5616"}],"wp:attachment":[{"href":"https:\/\/www.champagnelombardi.com\/en\/wp-json\/wp\/v2\/media?parent=1442"}],"wp:term":[{"taxonomy":"product_brand","embeddable":true,"href":"https:\/\/www.champagnelombardi.com\/en\/wp-json\/wp\/v2\/product_brand?post=1442"},{"taxonomy":"product_cat","embeddable":true,"href":"https:\/\/www.champagnelombardi.com\/en\/wp-json\/wp\/v2\/product_cat?post=1442"},{"taxonomy":"product_tag","embeddable":true,"href":"https:\/\/www.champagnelombardi.com\/en\/wp-json\/wp\/v2\/product_tag?post=1442"}],"curies":[{"name":"wp","href":"https:\/\/api.w.org\/{rel}","templated":true}]}}