{"id":1439,"date":"2017-10-31T16:33:03","date_gmt":"2017-10-31T16:33:03","guid":{"rendered":"https:\/\/www.champagnelombardi.com\/?post_type=product&#038;p=1439"},"modified":"2025-11-06T16:05:48","modified_gmt":"2025-11-06T13:05:48","slug":"axiome","status":"publish","type":"product","link":"https:\/\/www.champagnelombardi.com\/en\/nos-champagnes\/axiome\/","title":{"rendered":"AXIOME"},"content":{"rendered":"<p>[vc_row content_placement=&#8221;middle&#8221; css=&#8221;.vc_custom_1460727920666{padding-top: 0px !important;padding-bottom: 0px !important;background-color: #f2f2f2 !important;}&#8221;][vc_column css=&#8221;.vc_custom_1460636569719{padding: 20% !important;}&#8221; offset=&#8221;vc_col-lg-6 vc_col-md-6&#8243;]\n\t<div class=\"title-subtitle-box \" style=\" text-align: left;\">\n\t\t<h1 style=\" font-weight: normal;\" >Tasting notes<\/h1>\n\t<\/div> [vc_column_text css=&#8221;.vc_custom_1510596575854{margin-bottom: 0px !important;}&#8221;]<\/p>\n<p style=\"text-align: justify;\">Axiome reveals a nose with notes of peaches and pears with a touch of lemony fruit. These same flavors of fruit are found in the mouth and are accompanied by a very nice refreshing acidity coupled with toasty notes and refined spices. Axiome is a very well-balanced champagne, with fine and persistent bubbles.<\/p>\n<p>[\/vc_column_text][\/vc_column][vc_column css=&#8221;.vc_custom_1460635864072{padding-top: 0px !important;padding-right: 0px !important;padding-bottom: 0px !important;padding-left: 0px !important;}&#8221; offset=&#8221;vc_col-lg-6 vc_col-md-6 vc_hidden-sm vc_hidden-xs&#8221;][vc_single_image image=&#8221;1784&#8243; img_size=&#8221;full&#8221; css=&#8221;.vc_custom_1516658569443{margin-bottom: 0px !important;}&#8221;][\/vc_column][\/vc_row][vc_row content_placement=&#8221;middle&#8221; css=&#8221;.vc_custom_1460727927848{padding-top: 0px !important;padding-bottom: 0px !important;background-color: #f2f2f2 !important;}&#8221;][vc_column css=&#8221;.vc_custom_1460635871252{padding-top: 0px !important;padding-right: 0px !important;padding-bottom: 0px !important;padding-left: 0px !important;}&#8221; offset=&#8221;vc_col-lg-6 vc_col-md-6 vc_hidden-sm vc_hidden-xs&#8221;][vc_single_image image=&#8221;2107&#8243; img_size=&#8221;full&#8221; css=&#8221;.vc_custom_1593526611325{margin-bottom: 0px !important;}&#8221;][\/vc_column][vc_column css=&#8221;.vc_custom_1460636579755{padding: 20% !important;}&#8221; offset=&#8221;vc_col-lg-6 vc_col-md-6&#8243;]\n\t<div class=\"title-subtitle-box \" style=\" text-align: left;\">\n\t\t<h1 style=\" font-weight: normal;\" >Food pairing notes<\/h1>\n\t<\/div> [vc_column_text]<\/p>\n<p style=\"text-align: justify;\">Axiome is an approachable wine that can be enjoyed on all occasions. It will marry easily with appetizers, stimulating all your taste buds at once for a perfect start to your meal.\u00a0Like a white wine, this champagne combines perfectly with stand-alone foods such as oysters or saut\u00e9ed scallops.<\/p>\n<p>[\/vc_column_text][\/vc_column][\/vc_row][vc_row content_placement=&#8221;middle&#8221; css=&#8221;.vc_custom_1460727935440{padding-top: 0px !important;padding-bottom: 0px !important;background-color: #f2f2f2 !important;}&#8221;][vc_column css=&#8221;.vc_custom_1460636587092{padding: 20% !important;}&#8221; offset=&#8221;vc_col-lg-6 vc_col-md-6&#8243;]\n\t<div class=\"title-subtitle-box \" style=\" text-align: left;\">\n\t\t<h1 style=\" font-weight: normal;\" >Advice from St\u00e9phane Lombardi<\/h1>\n\t<\/div> [vc_column_text]This cuvee can be enjoyed on all occasions. Serve it chilled but not ice cold.<\/p>\n<p><strong>Find this bottle at:<br \/>\n<\/strong>Intercontinental 5* H\u00f4tel- France[\/vc_column_text][\/vc_column][vc_column css=&#8221;.vc_custom_1460635878309{padding-top: 0px !important;padding-right: 0px !important;padding-bottom: 0px !important;padding-left: 0px !important;}&#8221; offset=&#8221;vc_col-lg-6 vc_col-md-6 vc_hidden-sm vc_hidden-xs&#8221;][vc_single_image image=&#8221;1782&#8243; img_size=&#8221;full&#8221; css=&#8221;.vc_custom_1516658584259{margin-bottom: 0px !important;}&#8221;][\/vc_column][\/vc_row]<\/p>","protected":false},"excerpt":{"rendered":"<p>The aperitif is an important start and, if successful, announces exceptional moments. The cuvee Axiome will marry easily with appetizers, stimulating all your taste buds at once for a perfect start to your meal.<\/p>\n<p><strong>100% first press juice<\/strong><\/p>\n<p><strong><em>\u201cVivino.com:\u00a0 Among top 8% of all wines in the world\u201d<\/em><\/strong><\/p>\n<p><strong>Good to know:<\/strong> All our champagnes are said to be &#8220;cuv\u00e9es&#8221; because they are exclusively made with first-press juices. As the name suggests, these most qualitative juices are obtained from the first pressing. Less qualitative size juices (second and third press) do not enter into the production of our champagnes.<\/p>\n<p><strong>\u00a0<\/strong><\/p>\n","protected":false},"featured_media":5676,"comment_status":"closed","ping_status":"closed","template":"","meta":[],"product_brand":[],"product_cat":[61],"product_tag":[],"class_list":{"0":"post-1439","1":"product","2":"type-product","3":"status-publish","4":"has-post-thumbnail","6":"product_cat-champagne","8":"first","9":"instock","10":"shipping-taxable","11":"purchasable","12":"product-type-simple"},"yoast_head":"<!-- This site is optimized with the Yoast SEO plugin v27.2 - https:\/\/yoast.com\/product\/yoast-seo-wordpress\/ -->\n<title>(Fran\u00e7ais) AXIOME - Cuv\u00e9e Brut - Champagne Lombardi<\/title>\n<meta name=\"description\" content=\"(Fran\u00e7ais) Axiome: notre Cuv\u00e9e Brut est le champagne de la Maison, sa signature, son style. Un assemblage traditionnel de Pinot noir majoritaire et de Chardonnay. Jus de premi\u00e8re presse auquel s\u2019ajoutent 20% de vin de r\u00e9serve. Vieillissement de 24 mois sur lies puis \u00e9levage de 6 mois \u00e0 12 mois apr\u00e8s d\u00e9gorgement.\" \/>\n<meta name=\"robots\" content=\"index, follow, max-snippet:-1, max-image-preview:large, max-video-preview:-1\" \/>\n<link rel=\"canonical\" href=\"https:\/\/www.champagnelombardi.com\/nos-champagnes\/axiome\/\" \/>\n<meta property=\"og:locale\" content=\"en_US\" \/>\n<meta property=\"og:type\" content=\"article\" \/>\n<meta property=\"og:title\" content=\"[:fr]AXIOME - Cuv\u00e9e Brut - Champagne Lombardi [:]\" \/>\n<meta property=\"og:description\" content=\"{:fr}Axiome: notre Cuv\u00e9e Brut est le champagne de la Maison, sa signature, son style. Un assemblage traditionnel de Pinot noir majoritaire et de Chardonnay. Jus de premi\u00e8re presse auquel s\u2019ajoutent 20% de vin de r\u00e9serve. Vieillissement de 24 mois sur lies puis \u00e9levage de 6 mois \u00e0 12 mois apr\u00e8s d\u00e9gorgement.{:}\" \/>\n<meta property=\"og:url\" content=\"https:\/\/www.champagnelombardi.com\/nos-champagnes\/axiome\/\" \/>\n<meta property=\"og:site_name\" content=\"Champagne Lombardi\" \/>\n<meta property=\"article:modified_time\" content=\"2025-11-06T13:05:48+00:00\" \/>\n<meta property=\"og:image\" content=\"https:\/\/www.champagnelombardi.com\/wp-content\/uploads\/2017\/10\/AXIOME-3.jpg\" \/>\n\t<meta property=\"og:image:width\" content=\"2012\" \/>\n\t<meta property=\"og:image:height\" content=\"2470\" \/>\n\t<meta property=\"og:image:type\" content=\"image\/jpeg\" \/>\n<meta name=\"twitter:card\" content=\"summary_large_image\" \/>\n<meta name=\"twitter:label1\" content=\"Est. reading time\" \/>\n\t<meta name=\"twitter:data1\" content=\"2 minutes\" \/>\n<script type=\"application\/ld+json\" class=\"yoast-schema-graph\">{\"@context\":\"https:\/\/schema.org\",\"@graph\":[{\"@type\":\"WebPage\",\"@id\":\"https:\/\/www.champagnelombardi.com\/nos-champagnes\/axiome\/\",\"url\":\"https:\/\/www.champagnelombardi.com\/nos-champagnes\/axiome\/\",\"name\":\"[:fr]AXIOME - Cuv\u00e9e Brut - Champagne Lombardi [:]\",\"isPartOf\":{\"@id\":\"https:\/\/www.champagnelombardi.com\/fr\/#website\"},\"primaryImageOfPage\":{\"@id\":\"https:\/\/www.champagnelombardi.com\/nos-champagnes\/axiome\/#primaryimage\"},\"image\":{\"@id\":\"https:\/\/www.champagnelombardi.com\/nos-champagnes\/axiome\/#primaryimage\"},\"thumbnailUrl\":\"https:\/\/www.champagnelombardi.com\/wp-content\/uploads\/2017\/10\/AXIOME-3.jpg\",\"datePublished\":\"2017-10-31T16:33:03+00:00\",\"dateModified\":\"2025-11-06T13:05:48+00:00\",\"description\":\"{:fr}Axiome: notre Cuv\u00e9e Brut est le champagne de la Maison, sa signature, son style. Un assemblage traditionnel de Pinot noir majoritaire et de Chardonnay. Jus de premi\u00e8re presse auquel s\u2019ajoutent 20% de vin de r\u00e9serve. Vieillissement de 24 mois sur lies puis \u00e9levage de 6 mois \u00e0 12 mois apr\u00e8s d\u00e9gorgement.{:}\",\"breadcrumb\":{\"@id\":\"https:\/\/www.champagnelombardi.com\/nos-champagnes\/axiome\/#breadcrumb\"},\"inLanguage\":\"en-US\",\"potentialAction\":[{\"@type\":\"ReadAction\",\"target\":[\"https:\/\/www.champagnelombardi.com\/nos-champagnes\/axiome\/\"]}]},{\"@type\":\"ImageObject\",\"inLanguage\":\"en-US\",\"@id\":\"https:\/\/www.champagnelombardi.com\/nos-champagnes\/axiome\/#primaryimage\",\"url\":\"https:\/\/www.champagnelombardi.com\/wp-content\/uploads\/2017\/10\/AXIOME-3.jpg\",\"contentUrl\":\"https:\/\/www.champagnelombardi.com\/wp-content\/uploads\/2017\/10\/AXIOME-3.jpg\",\"width\":2012,\"height\":2470},{\"@type\":\"BreadcrumbList\",\"@id\":\"https:\/\/www.champagnelombardi.com\/nos-champagnes\/axiome\/#breadcrumb\",\"itemListElement\":[{\"@type\":\"ListItem\",\"position\":1,\"name\":\"Accueil\",\"item\":\"https:\/\/www.champagnelombardi.com\/\"},{\"@type\":\"ListItem\",\"position\":2,\"name\":\"La boutique\",\"item\":\"https:\/\/www.champagnelombardi.com\/wines\/\"},{\"@type\":\"ListItem\",\"position\":3,\"name\":\"AXIOME\"}]},{\"@type\":\"WebSite\",\"@id\":\"https:\/\/www.champagnelombardi.com\/fr\/#website\",\"url\":\"https:\/\/www.champagnelombardi.com\/fr\/\",\"name\":\"Champagne Lombardi\",\"description\":\"\",\"publisher\":{\"@id\":\"https:\/\/www.champagnelombardi.com\/fr\/#organization\"},\"potentialAction\":[{\"@type\":\"SearchAction\",\"target\":{\"@type\":\"EntryPoint\",\"urlTemplate\":\"https:\/\/www.champagnelombardi.com\/fr\/?s={search_term_string}\"},\"query-input\":{\"@type\":\"PropertyValueSpecification\",\"valueRequired\":true,\"valueName\":\"search_term_string\"}}],\"inLanguage\":\"en-US\"},{\"@type\":\"Organization\",\"@id\":\"https:\/\/www.champagnelombardi.com\/fr\/#organization\",\"name\":\"Champagne Lombardi\",\"url\":\"https:\/\/www.champagnelombardi.com\/fr\/\",\"logo\":{\"@type\":\"ImageObject\",\"inLanguage\":\"en-US\",\"@id\":\"https:\/\/www.champagnelombardi.com\/fr\/#\/schema\/logo\/image\/\",\"url\":\"https:\/\/www.champagnelombardi.com\/wp-content\/uploads\/2017\/10\/logo_footer.png\",\"contentUrl\":\"https:\/\/www.champagnelombardi.com\/wp-content\/uploads\/2017\/10\/logo_footer.png\",\"width\":714,\"height\":552,\"caption\":\"Champagne Lombardi\"},\"image\":{\"@id\":\"https:\/\/www.champagnelombardi.com\/fr\/#\/schema\/logo\/image\/\"}}]}<\/script>\n<!-- \/ Yoast SEO plugin. -->","yoast_head_json":{"title":"(Fran\u00e7ais) AXIOME - Cuv\u00e9e Brut - Champagne Lombardi","description":"(Fran\u00e7ais) Axiome: notre Cuv\u00e9e Brut est le champagne de la Maison, sa signature, son style. Un assemblage traditionnel de Pinot noir majoritaire et de Chardonnay. Jus de premi\u00e8re presse auquel s\u2019ajoutent 20% de vin de r\u00e9serve. Vieillissement de 24 mois sur lies puis \u00e9levage de 6 mois \u00e0 12 mois apr\u00e8s d\u00e9gorgement.","robots":{"index":"index","follow":"follow","max-snippet":"max-snippet:-1","max-image-preview":"max-image-preview:large","max-video-preview":"max-video-preview:-1"},"canonical":"https:\/\/www.champagnelombardi.com\/nos-champagnes\/axiome\/","og_locale":"en_US","og_type":"article","og_title":"[:fr]AXIOME - Cuv\u00e9e Brut - Champagne Lombardi [:]","og_description":"{:fr}Axiome: notre Cuv\u00e9e Brut est le champagne de la Maison, sa signature, son style. Un assemblage traditionnel de Pinot noir majoritaire et de Chardonnay. Jus de premi\u00e8re presse auquel s\u2019ajoutent 20% de vin de r\u00e9serve. Vieillissement de 24 mois sur lies puis \u00e9levage de 6 mois \u00e0 12 mois apr\u00e8s d\u00e9gorgement.{:}","og_url":"https:\/\/www.champagnelombardi.com\/nos-champagnes\/axiome\/","og_site_name":"Champagne Lombardi","article_modified_time":"2025-11-06T13:05:48+00:00","og_image":[{"width":2012,"height":2470,"url":"https:\/\/www.champagnelombardi.com\/wp-content\/uploads\/2017\/10\/AXIOME-3.jpg","type":"image\/jpeg"}],"twitter_card":"summary_large_image","twitter_misc":{"Est. reading time":"2 minutes"},"schema":{"@context":"https:\/\/schema.org","@graph":[{"@type":"WebPage","@id":"https:\/\/www.champagnelombardi.com\/nos-champagnes\/axiome\/","url":"https:\/\/www.champagnelombardi.com\/nos-champagnes\/axiome\/","name":"[:fr]AXIOME - Cuv\u00e9e Brut - Champagne Lombardi [:]","isPartOf":{"@id":"https:\/\/www.champagnelombardi.com\/fr\/#website"},"primaryImageOfPage":{"@id":"https:\/\/www.champagnelombardi.com\/nos-champagnes\/axiome\/#primaryimage"},"image":{"@id":"https:\/\/www.champagnelombardi.com\/nos-champagnes\/axiome\/#primaryimage"},"thumbnailUrl":"https:\/\/www.champagnelombardi.com\/wp-content\/uploads\/2017\/10\/AXIOME-3.jpg","datePublished":"2017-10-31T16:33:03+00:00","dateModified":"2025-11-06T13:05:48+00:00","description":"{:fr}Axiome: notre Cuv\u00e9e Brut est le champagne de la Maison, sa signature, son style. Un assemblage traditionnel de Pinot noir majoritaire et de Chardonnay. Jus de premi\u00e8re presse auquel s\u2019ajoutent 20% de vin de r\u00e9serve. Vieillissement de 24 mois sur lies puis \u00e9levage de 6 mois \u00e0 12 mois apr\u00e8s d\u00e9gorgement.{:}","breadcrumb":{"@id":"https:\/\/www.champagnelombardi.com\/nos-champagnes\/axiome\/#breadcrumb"},"inLanguage":"en-US","potentialAction":[{"@type":"ReadAction","target":["https:\/\/www.champagnelombardi.com\/nos-champagnes\/axiome\/"]}]},{"@type":"ImageObject","inLanguage":"en-US","@id":"https:\/\/www.champagnelombardi.com\/nos-champagnes\/axiome\/#primaryimage","url":"https:\/\/www.champagnelombardi.com\/wp-content\/uploads\/2017\/10\/AXIOME-3.jpg","contentUrl":"https:\/\/www.champagnelombardi.com\/wp-content\/uploads\/2017\/10\/AXIOME-3.jpg","width":2012,"height":2470},{"@type":"BreadcrumbList","@id":"https:\/\/www.champagnelombardi.com\/nos-champagnes\/axiome\/#breadcrumb","itemListElement":[{"@type":"ListItem","position":1,"name":"Accueil","item":"https:\/\/www.champagnelombardi.com\/"},{"@type":"ListItem","position":2,"name":"La boutique","item":"https:\/\/www.champagnelombardi.com\/wines\/"},{"@type":"ListItem","position":3,"name":"AXIOME"}]},{"@type":"WebSite","@id":"https:\/\/www.champagnelombardi.com\/fr\/#website","url":"https:\/\/www.champagnelombardi.com\/fr\/","name":"Champagne Lombardi","description":"","publisher":{"@id":"https:\/\/www.champagnelombardi.com\/fr\/#organization"},"potentialAction":[{"@type":"SearchAction","target":{"@type":"EntryPoint","urlTemplate":"https:\/\/www.champagnelombardi.com\/fr\/?s={search_term_string}"},"query-input":{"@type":"PropertyValueSpecification","valueRequired":true,"valueName":"search_term_string"}}],"inLanguage":"en-US"},{"@type":"Organization","@id":"https:\/\/www.champagnelombardi.com\/fr\/#organization","name":"Champagne Lombardi","url":"https:\/\/www.champagnelombardi.com\/fr\/","logo":{"@type":"ImageObject","inLanguage":"en-US","@id":"https:\/\/www.champagnelombardi.com\/fr\/#\/schema\/logo\/image\/","url":"https:\/\/www.champagnelombardi.com\/wp-content\/uploads\/2017\/10\/logo_footer.png","contentUrl":"https:\/\/www.champagnelombardi.com\/wp-content\/uploads\/2017\/10\/logo_footer.png","width":714,"height":552,"caption":"Champagne Lombardi"},"image":{"@id":"https:\/\/www.champagnelombardi.com\/fr\/#\/schema\/logo\/image\/"}}]}},"_links":{"self":[{"href":"https:\/\/www.champagnelombardi.com\/en\/wp-json\/wp\/v2\/product\/1439","targetHints":{"allow":["GET"]}}],"collection":[{"href":"https:\/\/www.champagnelombardi.com\/en\/wp-json\/wp\/v2\/product"}],"about":[{"href":"https:\/\/www.champagnelombardi.com\/en\/wp-json\/wp\/v2\/types\/product"}],"replies":[{"embeddable":true,"href":"https:\/\/www.champagnelombardi.com\/en\/wp-json\/wp\/v2\/comments?post=1439"}],"wp:featuredmedia":[{"embeddable":true,"href":"https:\/\/www.champagnelombardi.com\/en\/wp-json\/wp\/v2\/media\/5676"}],"wp:attachment":[{"href":"https:\/\/www.champagnelombardi.com\/en\/wp-json\/wp\/v2\/media?parent=1439"}],"wp:term":[{"taxonomy":"product_brand","embeddable":true,"href":"https:\/\/www.champagnelombardi.com\/en\/wp-json\/wp\/v2\/product_brand?post=1439"},{"taxonomy":"product_cat","embeddable":true,"href":"https:\/\/www.champagnelombardi.com\/en\/wp-json\/wp\/v2\/product_cat?post=1439"},{"taxonomy":"product_tag","embeddable":true,"href":"https:\/\/www.champagnelombardi.com\/en\/wp-json\/wp\/v2\/product_tag?post=1439"}],"curies":[{"name":"wp","href":"https:\/\/api.w.org\/{rel}","templated":true}]}}