{"id":448,"date":"2016-03-21T09:58:31","date_gmt":"2016-03-21T09:58:31","guid":{"rendered":"http:\/\/okthemes.com\/villenoirdemo\/?page_id=448"},"modified":"2022-04-12T17:13:48","modified_gmt":"2022-04-12T14:13:48","slug":"la-maison","status":"publish","type":"page","link":"https:\/\/www.champagnelombardi.com\/en\/la-maison\/","title":{"rendered":"The estate"},"content":{"rendered":"<p>[vc_row full_width=&#8221;stretch_row_content_no_spaces&#8221; css=&#8221;.vc_custom_1509817309127{padding-top: 0px !important;padding-bottom: 0px !important;}&#8221;][vc_column][vc_gallery interval=&#8221;3&#8243; images=&#8221;1179,1649,1650&#8243; img_size=&#8221;full&#8221; onclick=&#8221;&#8221;][\/vc_column][\/vc_row][vc_row full_width=&#8221;stretch_row&#8221; css=&#8221;.vc_custom_1509817551645{background-color: #f2f2f2 !important;}&#8221;][vc_column][vc_row_inner][vc_column_inner][vc_column_text]The C\u00f4te des Bars offers a landscape quite different from that of the north. The vines are planted on hills with steep slopes enjoying lots of sunshine and efficient evacuation of rainwater. [\/vc_column_text][\/vc_column_inner][\/vc_row_inner][\/vc_column][\/vc_row][vc_row full_width=&#8221;stretch_row&#8221; css=&#8221;.vc_custom_1469108420952{padding-top: 60px !important;background-image: url(https:\/\/www.champagnelombardi.com\/wp-content\/uploads\/2016\/03\/the-estate-background-11.jpg?id=1077) !important;background-position: center !important;background-repeat: no-repeat !important;background-size: cover !important;}&#8221;][vc_column][vc_row_inner equal_height=&#8221;yes&#8221; gap=&#8221;30&#8243;][vc_column_inner width=&#8221;1\/2&#8243; css=&#8221;.vc_custom_1460628751680{padding-top: 15% !important;padding-right: 15% !important;padding-bottom: 15% !important;padding-left: 15% !important;background-color: #b0976d !important;}&#8221; offset=&#8221;vc_col-lg-offset-0 vc_col-lg-4 vc_col-md-offset-0 vc_col-md-4 vc_col-sm-offset-3&#8243;][vc_icon type=&#8221;openiconic&#8221; icon_openiconic=&#8221;vc-oi vc-oi-layers-alt&#8221; color=&#8221;white&#8221;][vc_column_text]<\/p>\n<h2>The soil<\/h2>\n<p>Our soil is mostly limestone (chalky marl and limestone) and clay, which promotes drainage and gives champagne its very particular minerality. The C\u00f4te des Bar soil (Bar-sur-Aube and Bar-sur-Seine) is ideal for the cultivation of Pinot Noir.[\/vc_column_text][\/vc_column_inner][vc_column_inner width=&#8221;1\/2&#8243; css=&#8221;.vc_custom_1460628787670{padding-top: 15% !important;padding-right: 15% !important;padding-bottom: 15% !important;padding-left: 15% !important;background-color: #ffffff !important;}&#8221; offset=&#8221;vc_col-lg-offset-0 vc_col-lg-4 vc_col-md-offset-0 vc_col-md-4 vc_col-sm-offset-3&#8243;][vc_icon type=&#8221;openiconic&#8221; icon_openiconic=&#8221;vc-oi vc-oi-cloud&#8221; color=&#8221;custom&#8221; custom_color=&#8221;#b0976d&#8221;][vc_column_text]<\/p>\n<h2>The topography<\/h2>\n<p>At 150-180 meters above sea level, our rolling hillsides formerly known as &#8220;Les C\u00f4tes \u00e0 Bras&#8221; offer ideal sun exposition. Their slopes facilitate the flow of excess water.[\/vc_column_text][\/vc_column_inner][vc_column_inner width=&#8221;1\/2&#8243; css=&#8221;.vc_custom_1460628881427{padding-top: 15% !important;padding-right: 15% !important;padding-bottom: 15% !important;padding-left: 15% !important;background-color: #b0976d !important;}&#8221; offset=&#8221;vc_col-lg-offset-0 vc_col-lg-4 vc_col-md-offset-0 vc_col-md-4 vc_col-sm-offset-3&#8243;][vc_icon type=&#8221;openiconic&#8221; icon_openiconic=&#8221;vc-oi vc-oi-share&#8221; color=&#8221;white&#8221;][vc_column_text]<\/p>\n<h2>The grape varietals<\/h2>\n<p>True to our terroir and our preferences, we reserve the place of honor for the Pinot Noir grape, which covers most of our vine parcels.[\/vc_column_text][\/vc_column_inner][\/vc_row_inner][vc_row_inner equal_height=&#8221;yes&#8221; gap=&#8221;30&#8243;][vc_column_inner width=&#8221;1\/2&#8243; css=&#8221;.vc_custom_1460628891183{padding-top: 15% !important;padding-right: 15% !important;padding-bottom: 15% !important;padding-left: 15% !important;background-color: #ffffff !important;}&#8221; offset=&#8221;vc_col-lg-offset-0 vc_col-lg-4 vc_col-md-offset-0 vc_col-md-4 vc_col-sm-offset-3&#8243;][vc_icon type=&#8221;openiconic&#8221; icon_openiconic=&#8221;vc-oi vc-oi-sun&#8221; color=&#8221;custom&#8221; custom_color=&#8221;#b0976d&#8221;][vc_column_text]<\/p>\n<h2>The sun exposure<\/h2>\n<p>Our hillsides have always been ideal for planting vines because their slopes benefit from rays of sunlight superior to that of the surrounding plains. In addition, the majority of these enjoy a south\/south-east exposition. In the seventeenth century, Champagne was also called &#8220;wine of the hillsides&#8221;.[\/vc_column_text][\/vc_column_inner][vc_column_inner width=&#8221;1\/2&#8243; css=&#8221;.vc_custom_1460628903037{padding-top: 15% !important;padding-right: 15% !important;padding-bottom: 15% !important;padding-left: 15% !important;background-color: #b0976d !important;}&#8221; offset=&#8221;vc_col-lg-offset-0 vc_col-lg-4 vc_col-md-offset-0 vc_col-md-4 vc_col-sm-offset-3&#8243;][vc_icon type=&#8221;openiconic&#8221; icon_openiconic=&#8221;vc-oi vc-oi-cd&#8221; color=&#8221;white&#8221;][vc_column_text]<\/p>\n<h2>Vineyard<\/h2>\n<p>In this southernmost part of Champagne, not far from the vineyards of Burgundy, the climate is oceanic-temperate, the calcareous brown soils are rich and the steep topography affords a full ripening of the typical grape of this region, the Pinot Noir.[\/vc_column_text][\/vc_column_inner][vc_column_inner width=&#8221;1\/2&#8243; css=&#8221;.vc_custom_1460628914502{padding-top: 15% !important;padding-right: 15% !important;padding-bottom: 15% !important;padding-left: 15% !important;background-color: #ffffff !important;}&#8221; offset=&#8221;vc_col-lg-offset-0 vc_col-lg-4 vc_col-md-offset-0 vc_col-md-4 vc_col-sm-offset-3&#8243;][vc_icon type=&#8221;openiconic&#8221; icon_openiconic=&#8221;vc-oi vc-oi-calendar-alt&#8221; color=&#8221;custom&#8221; custom_color=&#8221;#b0976d&#8221;][vc_column_text]<\/p>\n<h2>Winery<\/h2>\n<p>Owner of plots of vines in the heart of the C\u00f4te des Bar, St\u00e9phane Lombardi, N\u00e9gociant Manipulant, ensures that from blending to bottling his cuv\u00e9es will respect the style of champagnes he likes to share.[\/vc_column_text][\/vc_column_inner][\/vc_row_inner][\/vc_column][\/vc_row][vc_row][vc_column offset=&#8221;vc_col-lg-4 vc_col-md-4&#8243;]\n\t<div class=\"title-subtitle-box \" style=\" text-align: left;\">\n\t\t<p style=\"\">Champagne Lombardi<\/p>\n\t\t<h1 style=\" font-weight: normal;\" >Grande rue, 10110 Balnot sur Laignes<\/h1>\n\t<\/div> [\/vc_column][vc_column width=&#8221;1\/2&#8243; offset=&#8221;vc_col-lg-4 vc_col-md-4&#8243;][vc_single_image image=&#8221;1185&#8243; img_size=&#8221;full&#8221; alignment=&#8221;center&#8221;][\/vc_column][vc_column width=&#8221;1\/2&#8243; offset=&#8221;vc_col-lg-4 vc_col-md-4&#8243;][\/vc_column][\/vc_row]<\/p>","protected":false},"excerpt":{"rendered":"<p>[vc_row full_width=&#8221;stretch_row_content_no_spaces&#8221; css=&#8221;.vc_custom_1509817309127{padding-top: 0px !important;padding-bottom: 0px !important;}&#8221;][vc_column][vc_gallery interval=&#8221;3&#8243; images=&#8221;1179,1649,1650&#8243; img_size=&#8221;full&#8221; onclick=&#8221;&#8221;][\/vc_column][\/vc_row][vc_row full_width=&#8221;stretch_row&#8221; css=&#8221;.vc_custom_1509817551645{background-color: #f2f2f2 !important;}&#8221;][vc_column][vc_row_inner][vc_column_inner][vc_column_text]The C\u00f4te des Bars offers a landscape quite different from that of the north. The vines are planted on hills with steep slopes enjoying lots of sunshine and efficient evacuation of rainwater. [\/vc_column_text][\/vc_column_inner][\/vc_row_inner][\/vc_column][\/vc_row][vc_row full_width=&#8221;stretch_row&#8221; css=&#8221;.vc_custom_1469108420952{padding-top: 60px !important;background-image: url(https:\/\/www.champagnelombardi.com\/wp-content\/uploads\/2016\/03\/the-estate-background-11.jpg?id=1077) !important;background-position: center !important;background-repeat:<br class=\"read-more-spacer\"> <a class=\"more-link\" href=\"https:\/\/www.champagnelombardi.com\/en\/la-maison\/\">Read More<\/a><\/p>\n","protected":false},"author":1,"featured_media":0,"parent":0,"menu_order":0,"comment_status":"closed","ping_status":"closed","template":"","meta":{"footnotes":""},"class_list":["post-448","page","type-page","status-publish","hentry"],"yoast_head":"<!-- This site is optimized with the Yoast SEO plugin v27.2 - https:\/\/yoast.com\/product\/yoast-seo-wordpress\/ -->\n<title>(Fran\u00e7ais) The estate - Champagne Lombardi in the heart od the C\u00f4te des Bar<\/title>\n<meta name=\"description\" content=\"(Fran\u00e7ais) Le vignoble Lombardi se situe au c\u0153ur de l&#039;Aube, sur la C\u00f4te des Bar. Cette r\u00e9gion viticole appel\u00e9e la \u00ab Champagne humide \u00bb est \u00e0 une centaine de kilom\u00e8tres au sud-est d&#039;Epernay. Class\u00e9e en A.O.C. Champagne, cette zone s\u2019\u00e9tend du Pays Bars\u00e9quanais (Bar-sur-Seine) au Pays Baralbin (Bar-sur-Aube).\" \/>\n<meta name=\"robots\" content=\"index, follow, max-snippet:-1, max-image-preview:large, max-video-preview:-1\" \/>\n<link rel=\"canonical\" href=\"https:\/\/www.champagnelombardi.com\/la-maison\/\" \/>\n<meta property=\"og:locale\" content=\"en_US\" \/>\n<meta property=\"og:type\" content=\"article\" \/>\n<meta property=\"og:title\" content=\"[:fr]The estate - Champagne Lombardi in the heart od the C\u00f4te des Bar[:]\" \/>\n<meta property=\"og:description\" content=\"{:fr}Le vignoble Lombardi se situe au c\u0153ur de l&#039;Aube, sur la C\u00f4te des Bar. Cette r\u00e9gion viticole appel\u00e9e la \u00ab Champagne humide \u00bb est \u00e0 une centaine de kilom\u00e8tres au sud-est d&#039;Epernay. Class\u00e9e en A.O.C. Champagne, cette zone s\u2019\u00e9tend du Pays Bars\u00e9quanais (Bar-sur-Seine) au Pays Baralbin (Bar-sur-Aube).{:}\" \/>\n<meta property=\"og:url\" content=\"https:\/\/www.champagnelombardi.com\/la-maison\/\" \/>\n<meta property=\"og:site_name\" content=\"Champagne Lombardi\" \/>\n<meta property=\"article:modified_time\" content=\"2022-04-12T14:13:48+00:00\" \/>\n<meta name=\"twitter:card\" content=\"summary_large_image\" \/>\n<meta name=\"twitter:label1\" content=\"Est. reading time\" \/>\n\t<meta name=\"twitter:data1\" content=\"2 minutes\" \/>\n<script type=\"application\/ld+json\" class=\"yoast-schema-graph\">{\"@context\":\"https:\/\/schema.org\",\"@graph\":[{\"@type\":\"WebPage\",\"@id\":\"https:\/\/www.champagnelombardi.com\/la-maison\/\",\"url\":\"https:\/\/www.champagnelombardi.com\/la-maison\/\",\"name\":\"[:fr]The estate - Champagne Lombardi in the heart od the C\u00f4te des Bar[:]\",\"isPartOf\":{\"@id\":\"https:\/\/www.champagnelombardi.com\/fr\/#website\"},\"datePublished\":\"2016-03-21T09:58:31+00:00\",\"dateModified\":\"2022-04-12T14:13:48+00:00\",\"description\":\"{:fr}Le vignoble Lombardi se situe au c\u0153ur de l'Aube, sur la C\u00f4te des Bar. Cette r\u00e9gion viticole appel\u00e9e la \u00ab Champagne humide \u00bb est \u00e0 une centaine de kilom\u00e8tres au sud-est d'Epernay. Class\u00e9e en A.O.C. Champagne, cette zone s\u2019\u00e9tend du Pays Bars\u00e9quanais (Bar-sur-Seine) au Pays Baralbin (Bar-sur-Aube).{:}\",\"breadcrumb\":{\"@id\":\"https:\/\/www.champagnelombardi.com\/la-maison\/#breadcrumb\"},\"inLanguage\":\"en-US\",\"potentialAction\":[{\"@type\":\"ReadAction\",\"target\":[\"https:\/\/www.champagnelombardi.com\/la-maison\/\"]}]},{\"@type\":\"BreadcrumbList\",\"@id\":\"https:\/\/www.champagnelombardi.com\/la-maison\/#breadcrumb\",\"itemListElement\":[{\"@type\":\"ListItem\",\"position\":1,\"name\":\"Accueil\",\"item\":\"https:\/\/www.champagnelombardi.com\/\"},{\"@type\":\"ListItem\",\"position\":2,\"name\":\"The estate\"}]},{\"@type\":\"WebSite\",\"@id\":\"https:\/\/www.champagnelombardi.com\/fr\/#website\",\"url\":\"https:\/\/www.champagnelombardi.com\/fr\/\",\"name\":\"Champagne Lombardi\",\"description\":\"\",\"publisher\":{\"@id\":\"https:\/\/www.champagnelombardi.com\/fr\/#organization\"},\"potentialAction\":[{\"@type\":\"SearchAction\",\"target\":{\"@type\":\"EntryPoint\",\"urlTemplate\":\"https:\/\/www.champagnelombardi.com\/fr\/?s={search_term_string}\"},\"query-input\":{\"@type\":\"PropertyValueSpecification\",\"valueRequired\":true,\"valueName\":\"search_term_string\"}}],\"inLanguage\":\"en-US\"},{\"@type\":\"Organization\",\"@id\":\"https:\/\/www.champagnelombardi.com\/fr\/#organization\",\"name\":\"Champagne Lombardi\",\"url\":\"https:\/\/www.champagnelombardi.com\/fr\/\",\"logo\":{\"@type\":\"ImageObject\",\"inLanguage\":\"en-US\",\"@id\":\"https:\/\/www.champagnelombardi.com\/fr\/#\/schema\/logo\/image\/\",\"url\":\"https:\/\/www.champagnelombardi.com\/wp-content\/uploads\/2017\/10\/logo_footer.png\",\"contentUrl\":\"https:\/\/www.champagnelombardi.com\/wp-content\/uploads\/2017\/10\/logo_footer.png\",\"width\":714,\"height\":552,\"caption\":\"Champagne Lombardi\"},\"image\":{\"@id\":\"https:\/\/www.champagnelombardi.com\/fr\/#\/schema\/logo\/image\/\"}}]}<\/script>\n<!-- \/ Yoast SEO plugin. -->","yoast_head_json":{"title":"(Fran\u00e7ais) The estate - Champagne Lombardi in the heart od the C\u00f4te des Bar","description":"(Fran\u00e7ais) Le vignoble Lombardi se situe au c\u0153ur de l'Aube, sur la C\u00f4te des Bar. Cette r\u00e9gion viticole appel\u00e9e la \u00ab Champagne humide \u00bb est \u00e0 une centaine de kilom\u00e8tres au sud-est d'Epernay. Class\u00e9e en A.O.C. Champagne, cette zone s\u2019\u00e9tend du Pays Bars\u00e9quanais (Bar-sur-Seine) au Pays Baralbin (Bar-sur-Aube).","robots":{"index":"index","follow":"follow","max-snippet":"max-snippet:-1","max-image-preview":"max-image-preview:large","max-video-preview":"max-video-preview:-1"},"canonical":"https:\/\/www.champagnelombardi.com\/la-maison\/","og_locale":"en_US","og_type":"article","og_title":"[:fr]The estate - Champagne Lombardi in the heart od the C\u00f4te des Bar[:]","og_description":"{:fr}Le vignoble Lombardi se situe au c\u0153ur de l'Aube, sur la C\u00f4te des Bar. Cette r\u00e9gion viticole appel\u00e9e la \u00ab Champagne humide \u00bb est \u00e0 une centaine de kilom\u00e8tres au sud-est d'Epernay. Class\u00e9e en A.O.C. Champagne, cette zone s\u2019\u00e9tend du Pays Bars\u00e9quanais (Bar-sur-Seine) au Pays Baralbin (Bar-sur-Aube).{:}","og_url":"https:\/\/www.champagnelombardi.com\/la-maison\/","og_site_name":"Champagne Lombardi","article_modified_time":"2022-04-12T14:13:48+00:00","twitter_card":"summary_large_image","twitter_misc":{"Est. reading time":"2 minutes"},"schema":{"@context":"https:\/\/schema.org","@graph":[{"@type":"WebPage","@id":"https:\/\/www.champagnelombardi.com\/la-maison\/","url":"https:\/\/www.champagnelombardi.com\/la-maison\/","name":"[:fr]The estate - Champagne Lombardi in the heart od the C\u00f4te des Bar[:]","isPartOf":{"@id":"https:\/\/www.champagnelombardi.com\/fr\/#website"},"datePublished":"2016-03-21T09:58:31+00:00","dateModified":"2022-04-12T14:13:48+00:00","description":"{:fr}Le vignoble Lombardi se situe au c\u0153ur de l'Aube, sur la C\u00f4te des Bar. Cette r\u00e9gion viticole appel\u00e9e la \u00ab Champagne humide \u00bb est \u00e0 une centaine de kilom\u00e8tres au sud-est d'Epernay. Class\u00e9e en A.O.C. Champagne, cette zone s\u2019\u00e9tend du Pays Bars\u00e9quanais (Bar-sur-Seine) au Pays Baralbin (Bar-sur-Aube).{:}","breadcrumb":{"@id":"https:\/\/www.champagnelombardi.com\/la-maison\/#breadcrumb"},"inLanguage":"en-US","potentialAction":[{"@type":"ReadAction","target":["https:\/\/www.champagnelombardi.com\/la-maison\/"]}]},{"@type":"BreadcrumbList","@id":"https:\/\/www.champagnelombardi.com\/la-maison\/#breadcrumb","itemListElement":[{"@type":"ListItem","position":1,"name":"Accueil","item":"https:\/\/www.champagnelombardi.com\/"},{"@type":"ListItem","position":2,"name":"The estate"}]},{"@type":"WebSite","@id":"https:\/\/www.champagnelombardi.com\/fr\/#website","url":"https:\/\/www.champagnelombardi.com\/fr\/","name":"Champagne Lombardi","description":"","publisher":{"@id":"https:\/\/www.champagnelombardi.com\/fr\/#organization"},"potentialAction":[{"@type":"SearchAction","target":{"@type":"EntryPoint","urlTemplate":"https:\/\/www.champagnelombardi.com\/fr\/?s={search_term_string}"},"query-input":{"@type":"PropertyValueSpecification","valueRequired":true,"valueName":"search_term_string"}}],"inLanguage":"en-US"},{"@type":"Organization","@id":"https:\/\/www.champagnelombardi.com\/fr\/#organization","name":"Champagne Lombardi","url":"https:\/\/www.champagnelombardi.com\/fr\/","logo":{"@type":"ImageObject","inLanguage":"en-US","@id":"https:\/\/www.champagnelombardi.com\/fr\/#\/schema\/logo\/image\/","url":"https:\/\/www.champagnelombardi.com\/wp-content\/uploads\/2017\/10\/logo_footer.png","contentUrl":"https:\/\/www.champagnelombardi.com\/wp-content\/uploads\/2017\/10\/logo_footer.png","width":714,"height":552,"caption":"Champagne Lombardi"},"image":{"@id":"https:\/\/www.champagnelombardi.com\/fr\/#\/schema\/logo\/image\/"}}]}},"_links":{"self":[{"href":"https:\/\/www.champagnelombardi.com\/en\/wp-json\/wp\/v2\/pages\/448","targetHints":{"allow":["GET"]}}],"collection":[{"href":"https:\/\/www.champagnelombardi.com\/en\/wp-json\/wp\/v2\/pages"}],"about":[{"href":"https:\/\/www.champagnelombardi.com\/en\/wp-json\/wp\/v2\/types\/page"}],"author":[{"embeddable":true,"href":"https:\/\/www.champagnelombardi.com\/en\/wp-json\/wp\/v2\/users\/1"}],"replies":[{"embeddable":true,"href":"https:\/\/www.champagnelombardi.com\/en\/wp-json\/wp\/v2\/comments?post=448"}],"version-history":[{"count":51,"href":"https:\/\/www.champagnelombardi.com\/en\/wp-json\/wp\/v2\/pages\/448\/revisions"}],"predecessor-version":[{"id":5632,"href":"https:\/\/www.champagnelombardi.com\/en\/wp-json\/wp\/v2\/pages\/448\/revisions\/5632"}],"wp:attachment":[{"href":"https:\/\/www.champagnelombardi.com\/en\/wp-json\/wp\/v2\/media?parent=448"}],"curies":[{"name":"wp","href":"https:\/\/api.w.org\/{rel}","templated":true}]}}