{"id":375,"date":"2016-03-18T14:14:52","date_gmt":"2016-03-18T14:14:52","guid":{"rendered":"http:\/\/okthemes.com\/villenoirdemo\/?page_id=375"},"modified":"2020-06-26T16:53:47","modified_gmt":"2020-06-26T13:53:47","slug":"nos-champagnes","status":"publish","type":"page","link":"https:\/\/www.champagnelombardi.com\/en\/nos-champagnes\/","title":{"rendered":"Our Champagnes"},"content":{"rendered":"<p>[vc_row full_width=&#8221;stretch_row&#8221; equal_height=&#8221;yes&#8221; content_placement=&#8221;middle&#8221; css=&#8221;.vc_custom_1510671440400{margin-top: 100px !important;padding-bottom: 0px !important;background-color: #f1f1f1 !important;}&#8221; el_id=&#8221;traditionnels&#8221;][vc_column width=&#8221;7\/12&#8243; offset=&#8221;vc_col-lg-8 vc_col-md-8&#8243;][vc_single_image image=&#8221;1213&#8243; img_size=&#8221;full&#8221;][\/vc_column][vc_column width=&#8221;5\/12&#8243; css=&#8221;.vc_custom_1460371798588{padding: 20% !important;background: #ffffff url(https:\/\/www.champagnelombardi.com\/wp-content\/uploads\/2016\/03\/triangles-icn.png?id=315) !important;background-position: 0 0 !important;background-repeat: no-repeat !important;}&#8221; offset=&#8221;vc_col-lg-4 vc_col-md-4&#8243;]\n\t<div class=\"title-subtitle-box \" style=\" text-align: left;\">\n\t\t<h2 style=\" font-weight: normal;\" >Axiome<\/h2>\n\t<\/div> \n\t<div class=\"gg_list list_style_line  \">\n<ul>\n<li>70% Pinot Noir<\/li>\n<li>30% Chardonnay<\/li>\n<\/ul>\n<\/div>[vc_btn title=&#8221;D\u00e9couvrir&#8221; style=&#8221;custom&#8221; custom_background=&#8221;#000000&#8243; custom_text=&#8221;#ffffff&#8221; shape=&#8221;square&#8221; link=&#8221;url:http%3A%2F%2Fwww.champagnelombardi.com%2Fproduit%2Faxiome%2F|||&#8221; css=&#8221;.vc_custom_1516639496332{margin-bottom: 0px !important;}&#8221;][\/vc_column][\/vc_row][vc_row full_width=&#8221;stretch_row&#8221; equal_height=&#8221;yes&#8221; content_placement=&#8221;middle&#8221; css=&#8221;.vc_custom_1510671452130{padding-top: 0px !important;padding-bottom: 0px !important;background-color: #f1f1f1 !important;}&#8221;][vc_column width=&#8221;5\/12&#8243; css=&#8221;.vc_custom_1460371824474{padding: 20% !important;background: #ffffff url(https:\/\/www.champagnelombardi.com\/wp-content\/uploads\/2016\/03\/triangles-icn.png?id=315) !important;background-position: 0 0 !important;background-repeat: no-repeat !important;}&#8221;]\n\t<div class=\"title-subtitle-box \" style=\" text-align: left;\">\n\t\t<h2 style=\" font-weight: normal;\" >Anth\u00e8se<\/h2>\n\t<\/div> \n\t<div class=\"gg_list list_style_line  \">\n<ul>\n<li>80% Pinot Noir<\/li>\n<li>20% Chardonnay<\/li>\n<\/ul>\n<\/div>[vc_btn title=&#8221;D\u00e9couvrir&#8221; style=&#8221;custom&#8221; custom_background=&#8221;#000000&#8243; custom_text=&#8221;#ffffff&#8221; shape=&#8221;square&#8221; link=&#8221;url:http%3A%2F%2Fwww.champagnelombardi.com%2Fproduit%2Fanthese%2F|||&#8221; css=&#8221;.vc_custom_1516639503977{margin-bottom: 0px !important;}&#8221;][\/vc_column][vc_column width=&#8221;7\/12&#8243;][vc_single_image image=&#8221;1214&#8243; img_size=&#8221;full&#8221; alignment=&#8221;right&#8221;][\/vc_column][\/vc_row][vc_row full_width=&#8221;stretch_row&#8221; equal_height=&#8221;yes&#8221; content_placement=&#8221;middle&#8221; css=&#8221;.vc_custom_1510671459828{padding-top: 0px !important;padding-bottom: 0px !important;background-color: #f1f1f1 !important;}&#8221; el_id=&#8221;specialites&#8221;][vc_column width=&#8221;7\/12&#8243; offset=&#8221;vc_col-lg-8 vc_col-md-8&#8243;][vc_single_image image=&#8221;1218&#8243; img_size=&#8221;full&#8221;][\/vc_column][vc_column width=&#8221;5\/12&#8243; css=&#8221;.vc_custom_1460371798588{padding: 20% !important;background: #ffffff url(https:\/\/www.champagnelombardi.com\/wp-content\/uploads\/2016\/03\/triangles-icn.png?id=315) !important;background-position: 0 0 !important;background-repeat: no-repeat !important;}&#8221; offset=&#8221;vc_col-lg-4 vc_col-md-4&#8243;]\n\t<div class=\"title-subtitle-box \" style=\" text-align: left;\">\n\t\t<h2 style=\" font-weight: normal;\" >Cuv\u00e9e Blanc de Blancs<\/h2>\n\t<\/div> \n\t<div class=\"gg_list list_style_line  \">\n<ul>\n<li>100% Chardonnay<\/li>\n<\/ul>\n<\/div>[vc_btn title=&#8221;D\u00e9couvrir&#8221; style=&#8221;custom&#8221; custom_background=&#8221;#000000&#8243; custom_text=&#8221;#ffffff&#8221; shape=&#8221;square&#8221; link=&#8221;url:http%3A%2F%2Fwww.champagnelombardi.com%2Fproduit%2Fblanc-de-blanc%2F|||&#8221; css=&#8221;.vc_custom_1516639510403{margin-bottom: 0px !important;}&#8221;][\/vc_column][\/vc_row][vc_row full_width=&#8221;stretch_row&#8221; equal_height=&#8221;yes&#8221; content_placement=&#8221;middle&#8221; css=&#8221;.vc_custom_1510671468736{padding-top: 0px !important;padding-bottom: 0px !important;background-color: #f1f1f1 !important;}&#8221;][vc_column width=&#8221;5\/12&#8243; css=&#8221;.vc_custom_1460371824474{padding: 20% !important;background: #ffffff url(https:\/\/www.champagnelombardi.com\/wp-content\/uploads\/2016\/03\/triangles-icn.png?id=315) !important;background-position: 0 0 !important;background-repeat: no-repeat !important;}&#8221;]\n\t<div class=\"title-subtitle-box \" style=\" text-align: left;\">\n\t\t<h2 style=\" font-weight: normal;\" >Cuv\u00e9e Blanc de Noir<\/h2>\n\t<\/div> \n\t<div class=\"gg_list list_style_line  \">\n<ul>\n<li>100% Pinot Noir<\/li>\n<\/ul>\n<\/div>[vc_btn title=&#8221;D\u00e9couvrir&#8221; style=&#8221;custom&#8221; custom_background=&#8221;#000000&#8243; custom_text=&#8221;#ffffff&#8221; shape=&#8221;square&#8221; link=&#8221;url:http%3A%2F%2Fwww.champagnelombardi.com%2Fproduit%2Fle-blanc-de-noirs%2F|||&#8221; css=&#8221;.vc_custom_1516639517331{margin-bottom: 0px !important;}&#8221;][\/vc_column][vc_column width=&#8221;7\/12&#8243;][vc_single_image image=&#8221;1219&#8243; img_size=&#8221;full&#8221; alignment=&#8221;right&#8221;][\/vc_column][\/vc_row][vc_row full_width=&#8221;stretch_row&#8221; equal_height=&#8221;yes&#8221; content_placement=&#8221;middle&#8221; css=&#8221;.vc_custom_1510671475160{padding-top: 0px !important;padding-bottom: 0px !important;background-color: #f1f1f1 !important;}&#8221; el_id=&#8221;grandes-cuvees&#8221;][vc_column width=&#8221;7\/12&#8243; offset=&#8221;vc_col-lg-8 vc_col-md-8&#8243;][vc_single_image image=&#8221;1220&#8243; img_size=&#8221;full&#8221;][\/vc_column][vc_column width=&#8221;5\/12&#8243; css=&#8221;.vc_custom_1460371798588{padding: 20% !important;background: #ffffff url(https:\/\/www.champagnelombardi.com\/wp-content\/uploads\/2016\/03\/triangles-icn.png?id=315) !important;background-position: 0 0 !important;background-repeat: no-repeat !important;}&#8221; offset=&#8221;vc_col-lg-4 vc_col-md-4&#8243;]\n\t<div class=\"title-subtitle-box \" style=\" text-align: left;\">\n\t\t<h2 style=\" font-weight: normal;\" >Hym\u00e9n\u00e9e<\/h2>\n\t<\/div> \n\t<div class=\"gg_list list_style_line  \">\n<ul>\n<li>50% Pinot Noir<\/li>\n<li>50% Chardonnay<\/li>\n<\/ul>\n<\/div>[vc_btn title=&#8221;D\u00e9couvrir&#8221; style=&#8221;custom&#8221; custom_background=&#8221;#000000&#8243; custom_text=&#8221;#ffffff&#8221; shape=&#8221;square&#8221; link=&#8221;url:http%3A%2F%2Fwww.champagnelombardi.com%2Fproduit%2Fhymenee%2F|||&#8221; css=&#8221;.vc_custom_1516639523306{margin-bottom: 0px !important;}&#8221;][\/vc_column][\/vc_row][vc_row full_width=&#8221;stretch_row&#8221; equal_height=&#8221;yes&#8221; content_placement=&#8221;middle&#8221; css=&#8221;.vc_custom_1510671510228{padding-top: 0px !important;background-color: #f1f1f1 !important;}&#8221;][vc_column width=&#8221;5\/12&#8243; css=&#8221;.vc_custom_1460371824474{padding: 20% !important;background: #ffffff url(https:\/\/www.champagnelombardi.com\/wp-content\/uploads\/2016\/03\/triangles-icn.png?id=315) !important;background-position: 0 0 !important;background-repeat: no-repeat !important;}&#8221;]\n\t<div class=\"title-subtitle-box \" style=\" text-align: left;\">\n\t\t<h2 style=\" font-weight: normal;\" >Blanc de Noir Extra Brut<\/h2>\n\t<\/div> \n\t<div class=\"gg_list list_style_line  \">\n<ul>\n<li>100% Pinot Noir<\/li>\n<\/ul>\n<\/div>[vc_btn title=&#8221;D\u00e9couvrir&#8221; style=&#8221;custom&#8221; custom_background=&#8221;#000000&#8243; custom_text=&#8221;#ffffff&#8221; shape=&#8221;square&#8221; link=&#8221;url:http%3A%2F%2Fwww.champagnelombardi.com%2Fproduit%2Fblanc-de-noirs-millesime-2009%2F|||&#8221; css=&#8221;.vc_custom_1516639528840{margin-bottom: 0px !important;}&#8221;][\/vc_column][vc_column width=&#8221;7\/12&#8243;][vc_single_image image=&#8221;1221&#8243; img_size=&#8221;full&#8221; alignment=&#8221;right&#8221;][\/vc_column][\/vc_row][vc_row css=&#8221;.vc_custom_1507980519468{padding-top: 0px !important;padding-bottom: 0px !important;}&#8221;][vc_column][vc_column_text css=&#8221;.vc_custom_1508482245786{margin-top: 0px !important;margin-bottom: 0px !important;}&#8221;]<\/p>\n<div class=\"index_age_verify\">\n<p>L\u2019abus d\u2019alcool est dangereux pour la sant\u00e9, \u00e0 consommer avec mod\u00e9ration<\/p>\n<\/div>\n<p>[\/vc_column_text][\/vc_column][\/vc_row]<\/p>","protected":false},"excerpt":{"rendered":"<p>[vc_row full_width=&#8221;stretch_row&#8221; equal_height=&#8221;yes&#8221; content_placement=&#8221;middle&#8221; css=&#8221;.vc_custom_1510671440400{margin-top: 100px !important;padding-bottom: 0px !important;background-color: #f1f1f1 !important;}&#8221; el_id=&#8221;traditionnels&#8221;][vc_column width=&#8221;7\/12&#8243; offset=&#8221;vc_col-lg-8 vc_col-md-8&#8243;][vc_single_image image=&#8221;1213&#8243; img_size=&#8221;full&#8221;][\/vc_column][vc_column width=&#8221;5\/12&#8243; css=&#8221;.vc_custom_1460371798588{padding: 20% !important;background: #ffffff url(https:\/\/www.champagnelombardi.com\/wp-content\/uploads\/2016\/03\/triangles-icn.png?id=315) !important;background-position: 0 0 !important;background-repeat: no-repeat !important;}&#8221; offset=&#8221;vc_col-lg-4 vc_col-md-4&#8243;][vc_btn title=&#8221;D\u00e9couvrir&#8221; style=&#8221;custom&#8221; custom_background=&#8221;#000000&#8243; custom_text=&#8221;#ffffff&#8221; shape=&#8221;square&#8221; link=&#8221;url:http%3A%2F%2Fwww.champagnelombardi.com%2Fproduit%2Faxiome%2F|||&#8221; css=&#8221;.vc_custom_1516639496332{margin-bottom: 0px !important;}&#8221;][\/vc_column][\/vc_row][vc_row full_width=&#8221;stretch_row&#8221; equal_height=&#8221;yes&#8221; content_placement=&#8221;middle&#8221; css=&#8221;.vc_custom_1510671452130{padding-top: 0px !important;padding-bottom: 0px !important;background-color: #f1f1f1 !important;}&#8221;][vc_column width=&#8221;5\/12&#8243; css=&#8221;.vc_custom_1460371824474{padding: 20% !important;background: #ffffff<br class=\"read-more-spacer\"> <a class=\"more-link\" href=\"https:\/\/www.champagnelombardi.com\/en\/nos-champagnes\/\">Read More<\/a><\/p>\n","protected":false},"author":1,"featured_media":0,"parent":0,"menu_order":0,"comment_status":"closed","ping_status":"closed","template":"","meta":{"footnotes":""},"class_list":["post-375","page","type-page","status-publish","hentry"],"yoast_head":"<!-- This site is optimized with the Yoast SEO plugin v27.2 - https:\/\/yoast.com\/product\/yoast-seo-wordpress\/ -->\n<title>(Fran\u00e7ais) Nos Champagnes - Champagne Lombardi<\/title>\n<meta name=\"description\" content=\"(Fran\u00e7ais) Decouvrez nos champagnes. Les champagnes Lombardi s\u2019inscrivent dans une philosophie puriste, o\u00f9 seuls les jus de premi\u00e8re presse sont s\u00e9lectionn\u00e9s pour la production .\" \/>\n<meta name=\"robots\" content=\"index, follow, max-snippet:-1, max-image-preview:large, max-video-preview:-1\" \/>\n<link rel=\"canonical\" href=\"https:\/\/www.champagnelombardi.com\/nos-champagnes\/\" \/>\n<meta property=\"og:locale\" content=\"en_US\" \/>\n<meta property=\"og:type\" content=\"article\" \/>\n<meta property=\"og:title\" content=\"(Fran\u00e7ais) Nos Champagnes - Champagne Lombardi\" \/>\n<meta property=\"og:description\" content=\"(Fran\u00e7ais) Decouvrez nos champagnes. Les champagnes Lombardi s\u2019inscrivent dans une philosophie puriste, o\u00f9 seuls les jus de premi\u00e8re presse sont s\u00e9lectionn\u00e9s pour la production .\" \/>\n<meta property=\"og:url\" content=\"https:\/\/www.champagnelombardi.com\/nos-champagnes\/\" \/>\n<meta property=\"og:site_name\" content=\"Champagne Lombardi\" \/>\n<meta property=\"article:modified_time\" content=\"2020-06-26T13:53:47+00:00\" \/>\n<meta name=\"twitter:card\" content=\"summary_large_image\" \/>\n<meta name=\"twitter:label1\" content=\"Est. reading time\" \/>\n\t<meta name=\"twitter:data1\" content=\"8 minutes\" \/>\n<script type=\"application\/ld+json\" class=\"yoast-schema-graph\">{\"@context\":\"https:\/\/schema.org\",\"@graph\":[{\"@type\":\"WebPage\",\"@id\":\"https:\/\/www.champagnelombardi.com\/nos-champagnes\/\",\"url\":\"https:\/\/www.champagnelombardi.com\/nos-champagnes\/\",\"name\":\"(Fran\u00e7ais) Nos Champagnes - Champagne Lombardi\",\"isPartOf\":{\"@id\":\"https:\/\/www.champagnelombardi.com\/fr\/#website\"},\"datePublished\":\"2016-03-18T14:14:52+00:00\",\"dateModified\":\"2020-06-26T13:53:47+00:00\",\"description\":\"(Fran\u00e7ais) Decouvrez nos champagnes. Les champagnes Lombardi s\u2019inscrivent dans une philosophie puriste, o\u00f9 seuls les jus de premi\u00e8re presse sont s\u00e9lectionn\u00e9s pour la production .\",\"breadcrumb\":{\"@id\":\"https:\/\/www.champagnelombardi.com\/nos-champagnes\/#breadcrumb\"},\"inLanguage\":\"en-US\",\"potentialAction\":[{\"@type\":\"ReadAction\",\"target\":[\"https:\/\/www.champagnelombardi.com\/nos-champagnes\/\"]}]},{\"@type\":\"BreadcrumbList\",\"@id\":\"https:\/\/www.champagnelombardi.com\/nos-champagnes\/#breadcrumb\",\"itemListElement\":[{\"@type\":\"ListItem\",\"position\":1,\"name\":\"Accueil\",\"item\":\"https:\/\/www.champagnelombardi.com\/\"},{\"@type\":\"ListItem\",\"position\":2,\"name\":\"Our Champagnes\"}]},{\"@type\":\"WebSite\",\"@id\":\"https:\/\/www.champagnelombardi.com\/fr\/#website\",\"url\":\"https:\/\/www.champagnelombardi.com\/fr\/\",\"name\":\"Champagne Lombardi\",\"description\":\"\",\"publisher\":{\"@id\":\"https:\/\/www.champagnelombardi.com\/fr\/#organization\"},\"potentialAction\":[{\"@type\":\"SearchAction\",\"target\":{\"@type\":\"EntryPoint\",\"urlTemplate\":\"https:\/\/www.champagnelombardi.com\/fr\/?s={search_term_string}\"},\"query-input\":{\"@type\":\"PropertyValueSpecification\",\"valueRequired\":true,\"valueName\":\"search_term_string\"}}],\"inLanguage\":\"en-US\"},{\"@type\":\"Organization\",\"@id\":\"https:\/\/www.champagnelombardi.com\/fr\/#organization\",\"name\":\"Champagne Lombardi\",\"url\":\"https:\/\/www.champagnelombardi.com\/fr\/\",\"logo\":{\"@type\":\"ImageObject\",\"inLanguage\":\"en-US\",\"@id\":\"https:\/\/www.champagnelombardi.com\/fr\/#\/schema\/logo\/image\/\",\"url\":\"https:\/\/www.champagnelombardi.com\/wp-content\/uploads\/2017\/10\/logo_footer.png\",\"contentUrl\":\"https:\/\/www.champagnelombardi.com\/wp-content\/uploads\/2017\/10\/logo_footer.png\",\"width\":714,\"height\":552,\"caption\":\"Champagne Lombardi\"},\"image\":{\"@id\":\"https:\/\/www.champagnelombardi.com\/fr\/#\/schema\/logo\/image\/\"}}]}<\/script>\n<!-- \/ Yoast SEO plugin. -->","yoast_head_json":{"title":"(Fran\u00e7ais) Nos Champagnes - Champagne Lombardi","description":"(Fran\u00e7ais) Decouvrez nos champagnes. Les champagnes Lombardi s\u2019inscrivent dans une philosophie puriste, o\u00f9 seuls les jus de premi\u00e8re presse sont s\u00e9lectionn\u00e9s pour la production .","robots":{"index":"index","follow":"follow","max-snippet":"max-snippet:-1","max-image-preview":"max-image-preview:large","max-video-preview":"max-video-preview:-1"},"canonical":"https:\/\/www.champagnelombardi.com\/nos-champagnes\/","og_locale":"en_US","og_type":"article","og_title":"(Fran\u00e7ais) Nos Champagnes - Champagne Lombardi","og_description":"(Fran\u00e7ais) Decouvrez nos champagnes. Les champagnes Lombardi s\u2019inscrivent dans une philosophie puriste, o\u00f9 seuls les jus de premi\u00e8re presse sont s\u00e9lectionn\u00e9s pour la production .","og_url":"https:\/\/www.champagnelombardi.com\/nos-champagnes\/","og_site_name":"Champagne Lombardi","article_modified_time":"2020-06-26T13:53:47+00:00","twitter_card":"summary_large_image","twitter_misc":{"Est. reading time":"8 minutes"},"schema":{"@context":"https:\/\/schema.org","@graph":[{"@type":"WebPage","@id":"https:\/\/www.champagnelombardi.com\/nos-champagnes\/","url":"https:\/\/www.champagnelombardi.com\/nos-champagnes\/","name":"(Fran\u00e7ais) Nos Champagnes - Champagne Lombardi","isPartOf":{"@id":"https:\/\/www.champagnelombardi.com\/fr\/#website"},"datePublished":"2016-03-18T14:14:52+00:00","dateModified":"2020-06-26T13:53:47+00:00","description":"(Fran\u00e7ais) Decouvrez nos champagnes. Les champagnes Lombardi s\u2019inscrivent dans une philosophie puriste, o\u00f9 seuls les jus de premi\u00e8re presse sont s\u00e9lectionn\u00e9s pour la production .","breadcrumb":{"@id":"https:\/\/www.champagnelombardi.com\/nos-champagnes\/#breadcrumb"},"inLanguage":"en-US","potentialAction":[{"@type":"ReadAction","target":["https:\/\/www.champagnelombardi.com\/nos-champagnes\/"]}]},{"@type":"BreadcrumbList","@id":"https:\/\/www.champagnelombardi.com\/nos-champagnes\/#breadcrumb","itemListElement":[{"@type":"ListItem","position":1,"name":"Accueil","item":"https:\/\/www.champagnelombardi.com\/"},{"@type":"ListItem","position":2,"name":"Our Champagnes"}]},{"@type":"WebSite","@id":"https:\/\/www.champagnelombardi.com\/fr\/#website","url":"https:\/\/www.champagnelombardi.com\/fr\/","name":"Champagne Lombardi","description":"","publisher":{"@id":"https:\/\/www.champagnelombardi.com\/fr\/#organization"},"potentialAction":[{"@type":"SearchAction","target":{"@type":"EntryPoint","urlTemplate":"https:\/\/www.champagnelombardi.com\/fr\/?s={search_term_string}"},"query-input":{"@type":"PropertyValueSpecification","valueRequired":true,"valueName":"search_term_string"}}],"inLanguage":"en-US"},{"@type":"Organization","@id":"https:\/\/www.champagnelombardi.com\/fr\/#organization","name":"Champagne Lombardi","url":"https:\/\/www.champagnelombardi.com\/fr\/","logo":{"@type":"ImageObject","inLanguage":"en-US","@id":"https:\/\/www.champagnelombardi.com\/fr\/#\/schema\/logo\/image\/","url":"https:\/\/www.champagnelombardi.com\/wp-content\/uploads\/2017\/10\/logo_footer.png","contentUrl":"https:\/\/www.champagnelombardi.com\/wp-content\/uploads\/2017\/10\/logo_footer.png","width":714,"height":552,"caption":"Champagne Lombardi"},"image":{"@id":"https:\/\/www.champagnelombardi.com\/fr\/#\/schema\/logo\/image\/"}}]}},"_links":{"self":[{"href":"https:\/\/www.champagnelombardi.com\/en\/wp-json\/wp\/v2\/pages\/375","targetHints":{"allow":["GET"]}}],"collection":[{"href":"https:\/\/www.champagnelombardi.com\/en\/wp-json\/wp\/v2\/pages"}],"about":[{"href":"https:\/\/www.champagnelombardi.com\/en\/wp-json\/wp\/v2\/types\/page"}],"author":[{"embeddable":true,"href":"https:\/\/www.champagnelombardi.com\/en\/wp-json\/wp\/v2\/users\/1"}],"replies":[{"embeddable":true,"href":"https:\/\/www.champagnelombardi.com\/en\/wp-json\/wp\/v2\/comments?post=375"}],"version-history":[{"count":64,"href":"https:\/\/www.champagnelombardi.com\/en\/wp-json\/wp\/v2\/pages\/375\/revisions"}],"predecessor-version":[{"id":2027,"href":"https:\/\/www.champagnelombardi.com\/en\/wp-json\/wp\/v2\/pages\/375\/revisions\/2027"}],"wp:attachment":[{"href":"https:\/\/www.champagnelombardi.com\/en\/wp-json\/wp\/v2\/media?parent=375"}],"curies":[{"name":"wp","href":"https:\/\/api.w.org\/{rel}","templated":true}]}}