{"id":341,"date":"2016-03-15T14:31:38","date_gmt":"2016-03-15T14:31:38","guid":{"rendered":"http:\/\/okthemes.com\/villenoirdemo\/?page_id=341"},"modified":"2024-12-12T17:28:11","modified_gmt":"2024-12-12T14:28:11","slug":"presentation","status":"publish","type":"page","link":"https:\/\/www.champagnelombardi.com\/en\/presentation\/","title":{"rendered":"Our story"},"content":{"rendered":"<p>[vc_row full_width=&#8221;stretch_row&#8221; css=&#8221;.vc_custom_1509930927931{padding-top: 120px !important;background-image: url(https:\/\/www.champagnelombardi.com\/wp-content\/uploads\/2016\/03\/presentation1.jpg?id=1544) !important;background-position: 0 0 !important;background-repeat: no-repeat !important;}&#8221; el_class=&#8221;gg-force-background-bottom eng&#8221;][vc_column width=&#8221;1\/2&#8243;][vc_column_text]Freshness, precision and purity are the signature of Lombardi Champagnes. We only make use of the first press juice, whose essence is expressed only after maturing on the lees for at least 24 months, then resting in the bottle for 6 to 18 months after disgorgement. This prolonged aging process gives our wines great finesse. It brings sophisticated and complex aromas with a delicate and pure finish. Our passion for Pinot Noir, the typical grape of the region, is illustrated in our Blancs de Noirs, champagnes of character which unfold in an infinitely aromatic richness. Amateur or connoisseur, you will be seduced by the range of flavor offered in our cuv\u00e9es to be enjoyed on all occasions, during an aperitif with friends or with a gourmet meal.[\/vc_column_text][\/vc_column][vc_column width=&#8221;1\/2&#8243;]\n\t<div class=\"title-subtitle-box \" style=\" padding: 90px 0 0 0px; text-align: center;\">\n\t\t<h1 style=\" font-weight: normal;\" >The taste of simplicity, the art of sophistication<\/h1>\n\t<\/div> [\/vc_column][\/vc_row][vc_row full_width=&#8221;stretch_row&#8221; css=&#8221;.vc_custom_1509965299501{background-image: url(https:\/\/www.champagnelombardi.com\/wp-content\/uploads\/2016\/03\/presentation2.jpg?id=1188) !important;background-position: 0 0 !important;background-repeat: no-repeat !important;}&#8221; el_class=&#8221;gg-force-background-bottom-no-cover bg_full_width&#8221;][vc_column width=&#8221;1\/3&#8243;]\n\t<div class=\"title-subtitle-box \" style=\" padding: 90px 0 0 0px; text-align: left;\">\n\t\t<p style=\"\">CHAMPAGNE LOMBARDI<\/p>\n\t\t<h1 style=\" font-weight: normal;\" >Our story<\/h1>\n\t<\/div> [\/vc_column][vc_column width=&#8221;1\/3&#8243; css=&#8221;.vc_custom_1458310150528{padding-right: 5% !important;padding-left: 5% !important;}&#8221;][vc_column_text]St\u00e9phane Lombardi embarked on creating his first cuv\u00e9e, which was eventually released in 2011, a symbolic year as it also marks the birth of his daughter, Camille. His gamble paid off! The professional press quickly became enamored, with Wine Spectator even awarding scores of 92\/100. This recognition, or rite of passage, encouraged him to stay the course.[\/vc_column_text][\/vc_column][vc_column width=&#8221;1\/3&#8243;][vc_column_text]<\/p>\n<div class=\"wpb_text_column wpb_content_element \">\n<div class=\"wpb_wrapper\">\n<p>Soon after, a full range of Champagnes was launched, including a Blanc de Noirs, Blanc de Blancs, Brut, Ros\u00e9, and a vintage Blanc de Noirs. Creative and innovative, St\u00e9phane Lombardi prefers to work at blending the Pinot Noir wine, a grape variety typical of his region. He particularly appreciates this grape for the endless range of wines it allows him to create, including several of his impressive Blancs de Noirs, achieved through subtle variations in dosage and cultivation.<\/p>\n<\/div>\n<\/div>\n<div class=\"wpb_text_column wpb_content_element \">\n<div class=\"wpb_wrapper\">\n<p>The last born is the <a href=\"https:\/\/www.champagnelombardi.com\/nos-champagnes\/blanc-de-noirs-extra-brut\/\" target=\"_blank\" rel=\"noopener\">Blancs de Noirs Extra Brut<\/a> with a dosage below 4 grams of sugar per liter.<\/p>\n<\/div>\n<\/div>\n<p>[\/vc_column_text][vc_empty_space height=&#8221;200px&#8221;][\/vc_column][\/vc_row][vc_row full_width=&#8221;stretch_row&#8221; css=&#8221;.vc_custom_1509972688569{padding-top: 120px !important;background-image: url(https:\/\/www.champagnelombardi.com\/wp-content\/uploads\/2016\/03\/presentation7.jpg?id=1580) !important;background-position: 0 0 !important;background-repeat: no-repeat !important;}&#8221; el_class=&#8221;gg-force-background-bottom eng&#8221;][vc_column width=&#8221;1\/2&#8243;]\n\t<div class=\"title-subtitle-box \" style=\" padding: 90px 0 0 0px; text-align: center;\">\n\t\t<h1 style=\" font-weight: normal;\" >Passionate purist and convivial wine enthusiast<\/h1>\n\t<\/div> [\/vc_column][vc_column width=&#8221;1\/2&#8243;][vc_column_text]It has been more than fifteen years since the Champagne adventure started for St\u00e9phane Lombardi. After having worked in major international groups specializing in wines and spirits, traveling the globe and discovering some of the finest terroirs and varietals, he naturally focused his attention on Champagne. This &#8220;elegant and precious&#8221; wine, as he describes it, is particularly interesting to him for its complex development, which he compares to pastry: &#8220;a mixture of technique and know-how, of chemical reactions, of patience and methodology\u2026 a blend that aims for a certain perfection in taste, offering sweetness to both the palate and the spirit\u201d.[\/vc_column_text][\/vc_column][\/vc_row][vc_row full_width=&#8221;stretch_row&#8221; css=&#8221;.vc_custom_1460974692501{background-color: #f1f1f1 !important;}&#8221;][vc_column]\n\t<div class=\"title-subtitle-box \" style=\" margin-bottom:90px; text-align: left;\">\n\t\t<p style=\"\">Champagne Lombardi<\/p>\n\t\t<h1 style=\" font-weight: normal;\" >Our Timeline<\/h1>\n\t<\/div> <section id=\"cd-timeline\" class=\"cd-container horizontal\">\n\t<div class=\"cd-timeline-block\">\n\t\t<div class=\"cd-timeline-img cd-picture\">\n\t\t<img decoding=\"async\" src=\"https:\/\/www.champagnelombardi.com\/wp-content\/themes\/villenoir\/images\/cd-icon-location.svg\" alt=\"Location\">\n\t\t<\/div>\n\t\t<div class=\"cd-timeline-content\">\n\t\t <img decoding=\"async\" class=\"wp-post-image \" src=\"https:\/\/www.champagnelombardi.com\/wp-content\/uploads\/2016\/03\/2007.png\" alt=\"\" \/> \n\t\t<div class=\"cd-timeline-content-wrapper\">\n\t\t<p class=\"cd-title\">Creation of Champagne Lombardi<\/p>\n\t\t<p><\/p>\n\t\t<h4 class=\"cd-date\">2007<\/h4>\n\t\t<\/div>\n\t\t<\/div>\n\t<\/div>\n\t<div class=\"cd-timeline-block\">\n\t\t<div class=\"cd-timeline-img cd-picture\">\n\t\t<img decoding=\"async\" src=\"https:\/\/www.champagnelombardi.com\/wp-content\/themes\/villenoir\/images\/cd-icon-location.svg\" alt=\"Location\">\n\t\t<\/div>\n\t\t<div class=\"cd-timeline-content\">\n\t\t <img decoding=\"async\" class=\"wp-post-image \" src=\"https:\/\/www.champagnelombardi.com\/wp-content\/uploads\/2016\/03\/2011.png\" alt=\"\" \/> \n\t\t<div class=\"cd-timeline-content-wrapper\">\n\t\t<p class=\"cd-title\">First cuv\u00e9es, Blanc de Noirs and Blanc de Blancs<\/p>\n\t\t<p><\/p>\n\t\t<h4 class=\"cd-date\">2011<\/h4>\n\t\t<\/div>\n\t\t<\/div>\n\t<\/div>\n\t<div class=\"cd-timeline-block\">\n\t\t<div class=\"cd-timeline-img cd-picture\">\n\t\t<img decoding=\"async\" src=\"https:\/\/www.champagnelombardi.com\/wp-content\/themes\/villenoir\/images\/cd-icon-location.svg\" alt=\"Location\">\n\t\t<\/div>\n\t\t<div class=\"cd-timeline-content\">\n\t\t <img decoding=\"async\" class=\"wp-post-image \" src=\"https:\/\/www.champagnelombardi.com\/wp-content\/uploads\/2016\/03\/2013.png\" alt=\"\" \/> \n\t\t<div class=\"cd-timeline-content-wrapper\">\n\t\t<p class=\"cd-title\">Cuv\u00e9es Hym\u00e9n\u00e9e and Anth\u00e8se<\/p>\n\t\t<p><\/p>\n\t\t<h4 class=\"cd-date\">2013<\/h4>\n\t\t<\/div>\n\t\t<\/div>\n\t<\/div>\n\t<div class=\"cd-timeline-block\">\n\t\t<div class=\"cd-timeline-img cd-picture\">\n\t\t<img decoding=\"async\" src=\"https:\/\/www.champagnelombardi.com\/wp-content\/themes\/villenoir\/images\/cd-icon-location.svg\" alt=\"Location\">\n\t\t<\/div>\n\t\t<div class=\"cd-timeline-content\">\n\t\t <img decoding=\"async\" class=\"wp-post-image \" src=\"https:\/\/www.champagnelombardi.com\/wp-content\/uploads\/2016\/03\/2014.png\" alt=\"\" \/> \n\t\t<div class=\"cd-timeline-content-wrapper\">\n\t\t<p class=\"cd-title\">Cuv\u00e9e Axiome<\/p>\n\t\t<p><\/p>\n\t\t<h4 class=\"cd-date\">2014<\/h4>\n\t\t<\/div>\n\t\t<\/div>\n\t<\/div>\n\t<div class=\"cd-timeline-block\">\n\t\t<div class=\"cd-timeline-img cd-picture\">\n\t\t<img decoding=\"async\" src=\"https:\/\/www.champagnelombardi.com\/wp-content\/themes\/villenoir\/images\/cd-icon-location.svg\" alt=\"Location\">\n\t\t<\/div>\n\t\t<div class=\"cd-timeline-content\">\n\t\t <img decoding=\"async\" class=\"wp-post-image \" src=\"https:\/\/www.champagnelombardi.com\/wp-content\/uploads\/2016\/03\/2015.png\" alt=\"\" \/> \n\t\t<div class=\"cd-timeline-content-wrapper\">\n\t\t<p class=\"cd-title\">Cuv\u00e9e Blanc de Noirs Extra Brut<\/p>\n\t\t<p><\/p>\n\t\t<h4 class=\"cd-date\">2015<\/h4>\n\t\t<\/div>\n\t\t<\/div>\n\t<\/div>\n\t<div class=\"cd-timeline-block\">\n\t\t<div class=\"cd-timeline-img cd-picture\">\n\t\t<img decoding=\"async\" src=\"https:\/\/www.champagnelombardi.com\/wp-content\/themes\/villenoir\/images\/cd-icon-location.svg\" alt=\"Location\">\n\t\t<\/div>\n\t\t<div class=\"cd-timeline-content\">\n\t\t <img decoding=\"async\" class=\"wp-post-image \" src=\"https:\/\/www.champagnelombardi.com\/wp-content\/uploads\/2016\/03\/2016.png\" alt=\"\" \/> \n\t\t<div class=\"cd-timeline-content-wrapper\">\n\t\t<p class=\"cd-title\">Acquisition of vine parcels in the C\u00f4te des Bar region<\/p>\n\t\t<p><\/p>\n\t\t<h4 class=\"cd-date\">2016<\/h4>\n\t\t<\/div>\n\t\t<\/div>\n\t<\/div>\n\t<div class=\"cd-timeline-block\">\n\t\t<div class=\"cd-timeline-img cd-picture\">\n\t\t<img decoding=\"async\" src=\"https:\/\/www.champagnelombardi.com\/wp-content\/themes\/villenoir\/images\/cd-icon-location.svg\" alt=\"Location\">\n\t\t<\/div>\n\t\t<div class=\"cd-timeline-content\">\n\t\t <img decoding=\"async\" class=\"wp-post-image \" src=\"https:\/\/www.champagnelombardi.com\/wp-content\/uploads\/2016\/03\/2017.jpg\" alt=\"\" \/> \n\t\t<div class=\"cd-timeline-content-wrapper\">\n\t\t<p class=\"cd-title\">Opening of Chai Lombardi in Lyon<\/p>\n\t\t<p><\/p>\n\t\t<h4 class=\"cd-date\">2017<\/h4>\n\t\t<\/div>\n\t\t<\/div>\n\t<\/div>\n\t<div class=\"cd-timeline-block\">\n\t\t<div class=\"cd-timeline-img cd-picture\">\n\t\t<img decoding=\"async\" src=\"https:\/\/www.champagnelombardi.com\/wp-content\/themes\/villenoir\/images\/cd-icon-location.svg\" alt=\"Location\">\n\t\t<\/div>\n\t\t<div class=\"cd-timeline-content\">\n\t\t <img decoding=\"async\" class=\"wp-post-image \" src=\"https:\/\/www.champagnelombardi.com\/wp-content\/uploads\/2021\/04\/DSC_0404-scaled-e1617552616995.jpg\" alt=\"\" \/> \n\t\t<div class=\"cd-timeline-content-wrapper\">\n\t\t<p class=\"cd-title\">Opening of the Villa Lombardi, our 4-star vacation rental in Champagne<\/p>\n\t\t<p><\/p>\n\t\t<h4 class=\"cd-date\">2019<\/h4>\n\t\t<\/div>\n\t\t<\/div>\n\t<\/div><\/section>[\/vc_column][\/vc_row]<\/p>","protected":false},"excerpt":{"rendered":"<p>[vc_row full_width=&#8221;stretch_row&#8221; css=&#8221;.vc_custom_1509930927931{padding-top: 120px !important;background-image: url(https:\/\/www.champagnelombardi.com\/wp-content\/uploads\/2016\/03\/presentation1.jpg?id=1544) !important;background-position: 0 0 !important;background-repeat: no-repeat !important;}&#8221; el_class=&#8221;gg-force-background-bottom eng&#8221;][vc_column width=&#8221;1\/2&#8243;][vc_column_text]Freshness, precision and purity are the signature of Lombardi Champagnes. We only make use of the first press juice, whose essence is expressed only after maturing on the lees for at least 24 months, then resting in the bottle for 6<br class=\"read-more-spacer\"> <a class=\"more-link\" href=\"https:\/\/www.champagnelombardi.com\/en\/presentation\/\">Read More<\/a><\/p>\n","protected":false},"author":1,"featured_media":0,"parent":0,"menu_order":0,"comment_status":"closed","ping_status":"closed","template":"","meta":{"footnotes":""},"class_list":["post-341","page","type-page","status-publish","hentry"],"yoast_head":"<!-- This site is optimized with the Yoast SEO plugin v27.2 - https:\/\/yoast.com\/product\/yoast-seo-wordpress\/ -->\n<title>(Fran\u00e7ais) Producteur de champagne - Pr\u00e9sentation - Champagne Lombardi<\/title>\n<meta name=\"description\" content=\"(Fran\u00e7ais) Producteur de champagne puriste et \u00e9picurien, voil\u00e0 plus de dix ans aujourd\u2019hui que l\u2019aventure champenoise a commenc\u00e9 pour St\u00e9phane Lombardi.\" \/>\n<meta name=\"robots\" content=\"index, follow, max-snippet:-1, max-image-preview:large, max-video-preview:-1\" \/>\n<link rel=\"canonical\" href=\"https:\/\/www.champagnelombardi.com\/presentation\/\" \/>\n<meta property=\"og:locale\" content=\"en_US\" \/>\n<meta property=\"og:type\" content=\"article\" \/>\n<meta property=\"og:title\" content=\"[:fr]Producteur de champagne - Pr\u00e9sentation - Champagne Lombardi[:]\" \/>\n<meta property=\"og:description\" content=\"{:fr}Producteur de champagne puriste et \u00e9picurien, voil\u00e0 plus de dix ans aujourd\u2019hui que l\u2019aventure champenoise a commenc\u00e9 pour St\u00e9phane Lombardi.{:}\" \/>\n<meta property=\"og:url\" content=\"https:\/\/www.champagnelombardi.com\/presentation\/\" \/>\n<meta property=\"og:site_name\" content=\"Champagne Lombardi\" \/>\n<meta property=\"article:modified_time\" content=\"2024-12-12T14:28:11+00:00\" \/>\n<meta name=\"twitter:card\" content=\"summary_large_image\" \/>\n<meta name=\"twitter:label1\" content=\"Est. reading time\" \/>\n\t<meta name=\"twitter:data1\" content=\"3 minutes\" \/>\n<script type=\"application\/ld+json\" class=\"yoast-schema-graph\">{\"@context\":\"https:\/\/schema.org\",\"@graph\":[{\"@type\":\"WebPage\",\"@id\":\"https:\/\/www.champagnelombardi.com\/presentation\/\",\"url\":\"https:\/\/www.champagnelombardi.com\/presentation\/\",\"name\":\"[:fr]Producteur de champagne - Pr\u00e9sentation - Champagne Lombardi[:]\",\"isPartOf\":{\"@id\":\"https:\/\/www.champagnelombardi.com\/fr\/#website\"},\"datePublished\":\"2016-03-15T14:31:38+00:00\",\"dateModified\":\"2024-12-12T14:28:11+00:00\",\"description\":\"{:fr}Producteur de champagne puriste et \u00e9picurien, voil\u00e0 plus de dix ans aujourd\u2019hui que l\u2019aventure champenoise a commenc\u00e9 pour St\u00e9phane Lombardi.{:}\",\"breadcrumb\":{\"@id\":\"https:\/\/www.champagnelombardi.com\/presentation\/#breadcrumb\"},\"inLanguage\":\"en-US\",\"potentialAction\":[{\"@type\":\"ReadAction\",\"target\":[\"https:\/\/www.champagnelombardi.com\/presentation\/\"]}]},{\"@type\":\"BreadcrumbList\",\"@id\":\"https:\/\/www.champagnelombardi.com\/presentation\/#breadcrumb\",\"itemListElement\":[{\"@type\":\"ListItem\",\"position\":1,\"name\":\"Accueil\",\"item\":\"https:\/\/www.champagnelombardi.com\/\"},{\"@type\":\"ListItem\",\"position\":2,\"name\":\"Pr\u00e9sentation\"}]},{\"@type\":\"WebSite\",\"@id\":\"https:\/\/www.champagnelombardi.com\/fr\/#website\",\"url\":\"https:\/\/www.champagnelombardi.com\/fr\/\",\"name\":\"Champagne Lombardi\",\"description\":\"\",\"publisher\":{\"@id\":\"https:\/\/www.champagnelombardi.com\/fr\/#organization\"},\"potentialAction\":[{\"@type\":\"SearchAction\",\"target\":{\"@type\":\"EntryPoint\",\"urlTemplate\":\"https:\/\/www.champagnelombardi.com\/fr\/?s={search_term_string}\"},\"query-input\":{\"@type\":\"PropertyValueSpecification\",\"valueRequired\":true,\"valueName\":\"search_term_string\"}}],\"inLanguage\":\"en-US\"},{\"@type\":\"Organization\",\"@id\":\"https:\/\/www.champagnelombardi.com\/fr\/#organization\",\"name\":\"Champagne Lombardi\",\"url\":\"https:\/\/www.champagnelombardi.com\/fr\/\",\"logo\":{\"@type\":\"ImageObject\",\"inLanguage\":\"en-US\",\"@id\":\"https:\/\/www.champagnelombardi.com\/fr\/#\/schema\/logo\/image\/\",\"url\":\"https:\/\/www.champagnelombardi.com\/wp-content\/uploads\/2017\/10\/logo_footer.png\",\"contentUrl\":\"https:\/\/www.champagnelombardi.com\/wp-content\/uploads\/2017\/10\/logo_footer.png\",\"width\":714,\"height\":552,\"caption\":\"Champagne Lombardi\"},\"image\":{\"@id\":\"https:\/\/www.champagnelombardi.com\/fr\/#\/schema\/logo\/image\/\"}}]}<\/script>\n<!-- \/ Yoast SEO plugin. -->","yoast_head_json":{"title":"(Fran\u00e7ais) Producteur de champagne - Pr\u00e9sentation - Champagne Lombardi","description":"(Fran\u00e7ais) Producteur de champagne puriste et \u00e9picurien, voil\u00e0 plus de dix ans aujourd\u2019hui que l\u2019aventure champenoise a commenc\u00e9 pour St\u00e9phane Lombardi.","robots":{"index":"index","follow":"follow","max-snippet":"max-snippet:-1","max-image-preview":"max-image-preview:large","max-video-preview":"max-video-preview:-1"},"canonical":"https:\/\/www.champagnelombardi.com\/presentation\/","og_locale":"en_US","og_type":"article","og_title":"[:fr]Producteur de champagne - Pr\u00e9sentation - Champagne Lombardi[:]","og_description":"{:fr}Producteur de champagne puriste et \u00e9picurien, voil\u00e0 plus de dix ans aujourd\u2019hui que l\u2019aventure champenoise a commenc\u00e9 pour St\u00e9phane Lombardi.{:}","og_url":"https:\/\/www.champagnelombardi.com\/presentation\/","og_site_name":"Champagne Lombardi","article_modified_time":"2024-12-12T14:28:11+00:00","twitter_card":"summary_large_image","twitter_misc":{"Est. reading time":"3 minutes"},"schema":{"@context":"https:\/\/schema.org","@graph":[{"@type":"WebPage","@id":"https:\/\/www.champagnelombardi.com\/presentation\/","url":"https:\/\/www.champagnelombardi.com\/presentation\/","name":"[:fr]Producteur de champagne - Pr\u00e9sentation - Champagne Lombardi[:]","isPartOf":{"@id":"https:\/\/www.champagnelombardi.com\/fr\/#website"},"datePublished":"2016-03-15T14:31:38+00:00","dateModified":"2024-12-12T14:28:11+00:00","description":"{:fr}Producteur de champagne puriste et \u00e9picurien, voil\u00e0 plus de dix ans aujourd\u2019hui que l\u2019aventure champenoise a commenc\u00e9 pour St\u00e9phane Lombardi.{:}","breadcrumb":{"@id":"https:\/\/www.champagnelombardi.com\/presentation\/#breadcrumb"},"inLanguage":"en-US","potentialAction":[{"@type":"ReadAction","target":["https:\/\/www.champagnelombardi.com\/presentation\/"]}]},{"@type":"BreadcrumbList","@id":"https:\/\/www.champagnelombardi.com\/presentation\/#breadcrumb","itemListElement":[{"@type":"ListItem","position":1,"name":"Accueil","item":"https:\/\/www.champagnelombardi.com\/"},{"@type":"ListItem","position":2,"name":"Pr\u00e9sentation"}]},{"@type":"WebSite","@id":"https:\/\/www.champagnelombardi.com\/fr\/#website","url":"https:\/\/www.champagnelombardi.com\/fr\/","name":"Champagne Lombardi","description":"","publisher":{"@id":"https:\/\/www.champagnelombardi.com\/fr\/#organization"},"potentialAction":[{"@type":"SearchAction","target":{"@type":"EntryPoint","urlTemplate":"https:\/\/www.champagnelombardi.com\/fr\/?s={search_term_string}"},"query-input":{"@type":"PropertyValueSpecification","valueRequired":true,"valueName":"search_term_string"}}],"inLanguage":"en-US"},{"@type":"Organization","@id":"https:\/\/www.champagnelombardi.com\/fr\/#organization","name":"Champagne Lombardi","url":"https:\/\/www.champagnelombardi.com\/fr\/","logo":{"@type":"ImageObject","inLanguage":"en-US","@id":"https:\/\/www.champagnelombardi.com\/fr\/#\/schema\/logo\/image\/","url":"https:\/\/www.champagnelombardi.com\/wp-content\/uploads\/2017\/10\/logo_footer.png","contentUrl":"https:\/\/www.champagnelombardi.com\/wp-content\/uploads\/2017\/10\/logo_footer.png","width":714,"height":552,"caption":"Champagne Lombardi"},"image":{"@id":"https:\/\/www.champagnelombardi.com\/fr\/#\/schema\/logo\/image\/"}}]}},"_links":{"self":[{"href":"https:\/\/www.champagnelombardi.com\/en\/wp-json\/wp\/v2\/pages\/341","targetHints":{"allow":["GET"]}}],"collection":[{"href":"https:\/\/www.champagnelombardi.com\/en\/wp-json\/wp\/v2\/pages"}],"about":[{"href":"https:\/\/www.champagnelombardi.com\/en\/wp-json\/wp\/v2\/types\/page"}],"author":[{"embeddable":true,"href":"https:\/\/www.champagnelombardi.com\/en\/wp-json\/wp\/v2\/users\/1"}],"replies":[{"embeddable":true,"href":"https:\/\/www.champagnelombardi.com\/en\/wp-json\/wp\/v2\/comments?post=341"}],"version-history":[{"count":75,"href":"https:\/\/www.champagnelombardi.com\/en\/wp-json\/wp\/v2\/pages\/341\/revisions"}],"predecessor-version":[{"id":5679,"href":"https:\/\/www.champagnelombardi.com\/en\/wp-json\/wp\/v2\/pages\/341\/revisions\/5679"}],"wp:attachment":[{"href":"https:\/\/www.champagnelombardi.com\/en\/wp-json\/wp\/v2\/media?parent=341"}],"curies":[{"name":"wp","href":"https:\/\/api.w.org\/{rel}","templated":true}]}}