{"id":193,"date":"2016-03-10T10:44:30","date_gmt":"2016-03-10T10:44:30","guid":{"rendered":"http:\/\/okthemes.com\/villenoirdemo\/?page_id=193"},"modified":"2025-04-08T15:27:51","modified_gmt":"2025-04-08T12:27:51","slug":"accueil","status":"publish","type":"page","link":"https:\/\/www.champagnelombardi.com\/en\/","title":{"rendered":"Homepage"},"content":{"rendered":"<p>[vc_row full_width=&#8221;stretch_row_content_no_spaces&#8221; equal_height=&#8221;yes&#8221; content_placement=&#8221;middle&#8221; css=&#8221;.vc_custom_1460549184095{padding-top: 0px !important;padding-bottom: 0px !important;background-position: center !important;background-repeat: no-repeat !important;background-size: contain !important;}&#8221; el_class=&#8221;gg-force-background-left&#8221;][vc_column offset=&#8221;vc_col-lg-6 vc_col-md-6&#8243;][vc_single_image image=&#8221;1158&#8243; img_size=&#8221;full&#8221; css=&#8221;.vc_custom_1619709499809{margin-bottom: 0px !important;}&#8221;][\/vc_column][vc_column css=&#8221;.vc_custom_1460549807462{margin-bottom: 0px !important;padding-top: 20% !important;padding-right: 20% !important;padding-bottom: 20% !important;padding-left: 30px !important;}&#8221; offset=&#8221;vc_col-lg-6 vc_col-md-6&#8243;]\n\t<div class=\"title-subtitle-box \" style=\" margin-bottom:90px; text-align: left;\">\n\t\t<h1 style=\" font-weight: normal;\" >Champagne Lombardi<br \/>\nThe taste of simplicity, the art of sophistication<\/h1>\n\t<\/div> [vc_column_text]<\/p>\n<div id=\"KnM9nf\"><\/div>\n<div class=\"DHcWmd\">Lombardi Champagnes are the result of precision and patience which gives our wines their unique signature. Purity, freshness and typicity characterize our six vintages from the diversity of our terroir and our grape varieties. Welcome to our universe &#8230;<\/div>\n<p>[\/vc_column_text][vc_btn title=&#8221;our story&#8221; style=&#8221;custom&#8221; custom_background=&#8221;#b0976d&#8221; custom_text=&#8221;#ffffff&#8221; shape=&#8221;square&#8221; link=&#8221;url:https%3A%2F%2Fwww.champagnelombardi.com%2Fpresentation%2F&#8221; css=&#8221;.vc_custom_1655209402549{margin-right: 30px !important;margin-bottom: 0px !important;}&#8221;][vc_btn title=&#8221;the house&#8221; style=&#8221;custom&#8221; custom_background=&#8221;#000000&#8243; custom_text=&#8221;#ffffff&#8221; shape=&#8221;square&#8221; link=&#8221;url:https%3A%2F%2Fwww.champagnelombardi.com%2Fle-domaine%2F&#8221;][\/vc_column][\/vc_row][vc_row full_width=&#8221;stretch_row&#8221; css=&#8221;.vc_custom_1458035087061{padding-bottom: 35px !important;background-color: #f1f1f1 !important;}&#8221;][vc_column css=&#8221;.vc_custom_1460628359633{margin-top: 0px !important;margin-right: 0px !important;margin-bottom: 0px !important;margin-left: 0px !important;padding-top: 0px !important;padding-right: 0px !important;padding-bottom: 0px !important;padding-left: 0px !important;}&#8221; offset=&#8221;vc_col-lg-6 vc_col-md-6&#8243;][vc_single_image image=&#8221;2583&#8243; img_size=&#8221;full&#8221; alignment=&#8221;center&#8221; onclick=&#8221;custom_link&#8221; css=&#8221;.vc_custom_1619709441456{margin-top: 0px !important;margin-right: 0px !important;margin-bottom: 0px !important;margin-left: 0px !important;padding-top: 0px !important;padding-right: 0px !important;padding-bottom: 0px !important;padding-left: 0px !important;}&#8221; link=&#8221;https:\/\/www.champagnelombardi.com\/wines&#8221;][\/vc_column][vc_column css=&#8221;.vc_custom_1460628348165{padding-right: 15% !important;padding-left: 30px !important;}&#8221; offset=&#8221;vc_col-lg-6 vc_col-md-6&#8243;]\n\t<div class=\"title-subtitle-box \" style=\" margin-bottom:5px; text-align: left;\">\n\t<\/div> \n\t<div class=\"title-subtitle-box \" style=\" margin-bottom:90px; text-align: left;\">\n\t\t<p style=\"\">Champagne Extra Brut<\/p>\n\t\t<h1 style=\" font-weight: normal;\" >Cuv\u00e9e Hym\u00e9n\u00e9e 2012<\/h1>\n\t<\/div> [vc_column_text css=&#8221;.vc_custom_1617644556043{margin-bottom: 90px !important;}&#8221;]<\/p>\n<p id=\"tw-target-text\" class=\"tw-data-text tw-text-large XcVN5d tw-ta\" dir=\"ltr\" data-placeholder=\"Traduction\">Presenting a rich bouquet of yellow fruit flavors and discrete bouquet of warm bread, lily pollen and beeswax, the 2012 extra Brut Hym\u00e9n\u00e9e is full bodied and firm, with a refine and elegant frothy mousse and well-structured profile.<\/p>\n<p>[\/vc_column_text][vc_btn title=&#8221;Buy this cuv\u00e9e&#8221; style=&#8221;custom&#8221; custom_background=&#8221;#b0976d&#8221; custom_text=&#8221;#ffffff&#8221; shape=&#8221;square&#8221; link=&#8221;url:https%3A%2F%2Fwww.champagnelombardi.com%2Fnos-champagnes%2Fhymenee-12%2F|title:%5B%3Aen%5DHYM%C3%89N%C3%89E%20%202012%20%5B%3Afr%5DHYM%C3%89N%C3%89E%2012%5B%3A%5D&#8221; css=&#8221;.vc_custom_1619713039235{margin-right: 30px !important;margin-bottom: 0px !important;}&#8221;][\/vc_column][\/vc_row][vc_row full_width=&#8221;stretch_row&#8221; content_placement=&#8221;middle&#8221; css=&#8221;.vc_custom_1627053228321{background-image: url(https:\/\/www.champagnelombardi.com\/wp-content\/uploads\/2021\/07\/Espace-degustation-scaled-e1627052379119.jpg?id=3312) !important;background-position: center !important;background-repeat: no-repeat !important;background-size: cover !important;border-radius: 10px !important;}&#8221; el_class=&#8221;center-text&#8221;][vc_column css=&#8221;.vc_custom_1460548154083{padding-top: 0px !important;}&#8221; offset=&#8221;vc_col-lg-offset-3 vc_col-lg-6 vc_col-md-12&#8243;]\n\t<div class=\"title-subtitle-box \" style=\" text-align: left;\">\n\t<\/div> [vc_column_text][\/vc_column_text][vc_btn title=&#8221;Visit our tasting room&#8221; style=&#8221;custom&#8221; custom_background=&#8221;#b0976d&#8221; custom_text=&#8221;#ffffff&#8221; shape=&#8221;square&#8221; link=&#8221;url:https%3A%2F%2Fwww.leclosdesriceys.com%2F|target:_blank&#8221; css=&#8221;.vc_custom_1708608254135{margin-right: 30px !important;margin-bottom: 0px !important;}&#8221;][\/vc_column][\/vc_row]<\/p>","protected":false},"excerpt":{"rendered":"<p>[vc_row full_width=&#8221;stretch_row_content_no_spaces&#8221; equal_height=&#8221;yes&#8221; content_placement=&#8221;middle&#8221; css=&#8221;.vc_custom_1460549184095{padding-top: 0px !important;padding-bottom: 0px !important;background-position: center !important;background-repeat: no-repeat !important;background-size: contain !important;}&#8221; el_class=&#8221;gg-force-background-left&#8221;][vc_column offset=&#8221;vc_col-lg-6 vc_col-md-6&#8243;][vc_single_image image=&#8221;1158&#8243; img_size=&#8221;full&#8221; css=&#8221;.vc_custom_1619709499809{margin-bottom: 0px !important;}&#8221;][\/vc_column][vc_column css=&#8221;.vc_custom_1460549807462{margin-bottom: 0px !important;padding-top: 20% !important;padding-right: 20% !important;padding-bottom: 20% !important;padding-left: 30px !important;}&#8221; offset=&#8221;vc_col-lg-6 vc_col-md-6&#8243;][vc_column_text] Lombardi Champagnes are the result of precision and patience which gives our wines their unique signature. Purity, freshness and<br class=\"read-more-spacer\"> <a class=\"more-link\" href=\"https:\/\/www.champagnelombardi.com\/en\/\">Read More<\/a><\/p>\n","protected":false},"author":1,"featured_media":0,"parent":0,"menu_order":0,"comment_status":"closed","ping_status":"closed","template":"page-homepage.php","meta":{"footnotes":""},"class_list":["post-193","page","type-page","status-publish","hentry"],"yoast_head":"<!-- This site is optimized with the Yoast SEO plugin v27.2 - https:\/\/yoast.com\/product\/yoast-seo-wordpress\/ -->\n<title>Champagne Lombardi | Vente directe producteur aux Riceys - C\u00f4te des Bar<\/title>\n<meta name=\"robots\" content=\"index, follow, max-snippet:-1, max-image-preview:large, max-video-preview:-1\" \/>\n<link rel=\"canonical\" href=\"https:\/\/www.champagnelombardi.com\/\" \/>\n<meta property=\"og:locale\" content=\"en_US\" \/>\n<meta property=\"og:type\" content=\"article\" \/>\n<meta property=\"og:title\" content=\"[:en]Champagne Lombardi | Vente directe producteur aux Riceys - C\u00f4te des Bar[:fr]Champagne Lombardi | Vente directe aux Riceys \u2013 C\u00f4te des Bar[:]\" \/>\n<meta property=\"og:description\" content=\"[vc_row full_width=&#8221;stretch_row_content_no_spaces&#8221; equal_height=&#8221;yes&#8221; content_placement=&#8221;middle&#8221; css=&#8221;.vc_custom_1460549184095{padding-top: 0px !important;padding-bottom: 0px !important;background-position: center !important;background-repeat: no-repeat !important;background-size: contain !important;}&#8221; el_class=&#8221;gg-force-background-left&#8221;][vc_column offset=&#8221;vc_col-lg-6 vc_col-md-6&#8243;][vc_single_image image=&#8221;1158&#8243; img_size=&#8221;full&#8221; css=&#8221;.vc_custom_1619709499809{margin-bottom: 0px !important;}&#8221;][\/vc_column][vc_column css=&#8221;.vc_custom_1460549807462{margin-bottom: 0px !important;padding-top: 20% !important;padding-right: 20% !important;padding-bottom: 20% !important;padding-left: 30px !important;}&#8221; offset=&#8221;vc_col-lg-6 vc_col-md-6&#8243;][vc_column_text] Lombardi Champagnes are the result of precision and patience which gives our wines their unique signature. Purity, freshness and Read More\" \/>\n<meta property=\"og:url\" content=\"https:\/\/www.champagnelombardi.com\/\" \/>\n<meta property=\"og:site_name\" content=\"Champagne Lombardi\" \/>\n<meta property=\"article:modified_time\" content=\"2025-04-08T12:27:51+00:00\" \/>\n<meta name=\"twitter:card\" content=\"summary_large_image\" \/>\n<meta name=\"twitter:label1\" content=\"Est. reading time\" \/>\n\t<meta name=\"twitter:data1\" content=\"2 minutes\" \/>\n<script type=\"application\/ld+json\" class=\"yoast-schema-graph\">{\"@context\":\"https:\/\/schema.org\",\"@graph\":[{\"@type\":\"WebPage\",\"@id\":\"https:\/\/www.champagnelombardi.com\/\",\"url\":\"https:\/\/www.champagnelombardi.com\/\",\"name\":\"[:en]Champagne Lombardi | Vente directe producteur aux Riceys - C\u00f4te des Bar[:fr]Champagne Lombardi | Vente directe aux Riceys \u2013 C\u00f4te des Bar[:]\",\"isPartOf\":{\"@id\":\"https:\/\/www.champagnelombardi.com\/fr\/#website\"},\"datePublished\":\"2016-03-10T10:44:30+00:00\",\"dateModified\":\"2025-04-08T12:27:51+00:00\",\"breadcrumb\":{\"@id\":\"https:\/\/www.champagnelombardi.com\/#breadcrumb\"},\"inLanguage\":\"en-US\",\"potentialAction\":[{\"@type\":\"ReadAction\",\"target\":[\"https:\/\/www.champagnelombardi.com\/\"]}]},{\"@type\":\"BreadcrumbList\",\"@id\":\"https:\/\/www.champagnelombardi.com\/#breadcrumb\",\"itemListElement\":[{\"@type\":\"ListItem\",\"position\":1,\"name\":\"Accueil\",\"item\":\"https:\/\/www.champagnelombardi.com\/\"},{\"@type\":\"ListItem\",\"position\":2,\"name\":\"Accueil\"}]},{\"@type\":\"WebSite\",\"@id\":\"https:\/\/www.champagnelombardi.com\/fr\/#website\",\"url\":\"https:\/\/www.champagnelombardi.com\/fr\/\",\"name\":\"Champagne Lombardi\",\"description\":\"\",\"publisher\":{\"@id\":\"https:\/\/www.champagnelombardi.com\/fr\/#organization\"},\"potentialAction\":[{\"@type\":\"SearchAction\",\"target\":{\"@type\":\"EntryPoint\",\"urlTemplate\":\"https:\/\/www.champagnelombardi.com\/fr\/?s={search_term_string}\"},\"query-input\":{\"@type\":\"PropertyValueSpecification\",\"valueRequired\":true,\"valueName\":\"search_term_string\"}}],\"inLanguage\":\"en-US\"},{\"@type\":\"Organization\",\"@id\":\"https:\/\/www.champagnelombardi.com\/fr\/#organization\",\"name\":\"Champagne Lombardi\",\"url\":\"https:\/\/www.champagnelombardi.com\/fr\/\",\"logo\":{\"@type\":\"ImageObject\",\"inLanguage\":\"en-US\",\"@id\":\"https:\/\/www.champagnelombardi.com\/fr\/#\/schema\/logo\/image\/\",\"url\":\"https:\/\/www.champagnelombardi.com\/wp-content\/uploads\/2017\/10\/logo_footer.png\",\"contentUrl\":\"https:\/\/www.champagnelombardi.com\/wp-content\/uploads\/2017\/10\/logo_footer.png\",\"width\":714,\"height\":552,\"caption\":\"Champagne Lombardi\"},\"image\":{\"@id\":\"https:\/\/www.champagnelombardi.com\/fr\/#\/schema\/logo\/image\/\"}}]}<\/script>\n<!-- \/ Yoast SEO plugin. -->","yoast_head_json":{"title":"Champagne Lombardi | Vente directe producteur aux Riceys - C\u00f4te des Bar","robots":{"index":"index","follow":"follow","max-snippet":"max-snippet:-1","max-image-preview":"max-image-preview:large","max-video-preview":"max-video-preview:-1"},"canonical":"https:\/\/www.champagnelombardi.com\/","og_locale":"en_US","og_type":"article","og_title":"[:en]Champagne Lombardi | Vente directe producteur aux Riceys - C\u00f4te des Bar[:fr]Champagne Lombardi | Vente directe aux Riceys \u2013 C\u00f4te des Bar[:]","og_description":"[vc_row full_width=&#8221;stretch_row_content_no_spaces&#8221; equal_height=&#8221;yes&#8221; content_placement=&#8221;middle&#8221; css=&#8221;.vc_custom_1460549184095{padding-top: 0px !important;padding-bottom: 0px !important;background-position: center !important;background-repeat: no-repeat !important;background-size: contain !important;}&#8221; el_class=&#8221;gg-force-background-left&#8221;][vc_column offset=&#8221;vc_col-lg-6 vc_col-md-6&#8243;][vc_single_image image=&#8221;1158&#8243; img_size=&#8221;full&#8221; css=&#8221;.vc_custom_1619709499809{margin-bottom: 0px !important;}&#8221;][\/vc_column][vc_column css=&#8221;.vc_custom_1460549807462{margin-bottom: 0px !important;padding-top: 20% !important;padding-right: 20% !important;padding-bottom: 20% !important;padding-left: 30px !important;}&#8221; offset=&#8221;vc_col-lg-6 vc_col-md-6&#8243;][vc_column_text] Lombardi Champagnes are the result of precision and patience which gives our wines their unique signature. Purity, freshness and Read More","og_url":"https:\/\/www.champagnelombardi.com\/","og_site_name":"Champagne Lombardi","article_modified_time":"2025-04-08T12:27:51+00:00","twitter_card":"summary_large_image","twitter_misc":{"Est. reading time":"2 minutes"},"schema":{"@context":"https:\/\/schema.org","@graph":[{"@type":"WebPage","@id":"https:\/\/www.champagnelombardi.com\/","url":"https:\/\/www.champagnelombardi.com\/","name":"[:en]Champagne Lombardi | Vente directe producteur aux Riceys - C\u00f4te des Bar[:fr]Champagne Lombardi | Vente directe aux Riceys \u2013 C\u00f4te des Bar[:]","isPartOf":{"@id":"https:\/\/www.champagnelombardi.com\/fr\/#website"},"datePublished":"2016-03-10T10:44:30+00:00","dateModified":"2025-04-08T12:27:51+00:00","breadcrumb":{"@id":"https:\/\/www.champagnelombardi.com\/#breadcrumb"},"inLanguage":"en-US","potentialAction":[{"@type":"ReadAction","target":["https:\/\/www.champagnelombardi.com\/"]}]},{"@type":"BreadcrumbList","@id":"https:\/\/www.champagnelombardi.com\/#breadcrumb","itemListElement":[{"@type":"ListItem","position":1,"name":"Accueil","item":"https:\/\/www.champagnelombardi.com\/"},{"@type":"ListItem","position":2,"name":"Accueil"}]},{"@type":"WebSite","@id":"https:\/\/www.champagnelombardi.com\/fr\/#website","url":"https:\/\/www.champagnelombardi.com\/fr\/","name":"Champagne Lombardi","description":"","publisher":{"@id":"https:\/\/www.champagnelombardi.com\/fr\/#organization"},"potentialAction":[{"@type":"SearchAction","target":{"@type":"EntryPoint","urlTemplate":"https:\/\/www.champagnelombardi.com\/fr\/?s={search_term_string}"},"query-input":{"@type":"PropertyValueSpecification","valueRequired":true,"valueName":"search_term_string"}}],"inLanguage":"en-US"},{"@type":"Organization","@id":"https:\/\/www.champagnelombardi.com\/fr\/#organization","name":"Champagne Lombardi","url":"https:\/\/www.champagnelombardi.com\/fr\/","logo":{"@type":"ImageObject","inLanguage":"en-US","@id":"https:\/\/www.champagnelombardi.com\/fr\/#\/schema\/logo\/image\/","url":"https:\/\/www.champagnelombardi.com\/wp-content\/uploads\/2017\/10\/logo_footer.png","contentUrl":"https:\/\/www.champagnelombardi.com\/wp-content\/uploads\/2017\/10\/logo_footer.png","width":714,"height":552,"caption":"Champagne Lombardi"},"image":{"@id":"https:\/\/www.champagnelombardi.com\/fr\/#\/schema\/logo\/image\/"}}]}},"_links":{"self":[{"href":"https:\/\/www.champagnelombardi.com\/en\/wp-json\/wp\/v2\/pages\/193","targetHints":{"allow":["GET"]}}],"collection":[{"href":"https:\/\/www.champagnelombardi.com\/en\/wp-json\/wp\/v2\/pages"}],"about":[{"href":"https:\/\/www.champagnelombardi.com\/en\/wp-json\/wp\/v2\/types\/page"}],"author":[{"embeddable":true,"href":"https:\/\/www.champagnelombardi.com\/en\/wp-json\/wp\/v2\/users\/1"}],"replies":[{"embeddable":true,"href":"https:\/\/www.champagnelombardi.com\/en\/wp-json\/wp\/v2\/comments?post=193"}],"version-history":[{"count":108,"href":"https:\/\/www.champagnelombardi.com\/en\/wp-json\/wp\/v2\/pages\/193\/revisions"}],"predecessor-version":[{"id":3321,"href":"https:\/\/www.champagnelombardi.com\/en\/wp-json\/wp\/v2\/pages\/193\/revisions\/3321"}],"wp:attachment":[{"href":"https:\/\/www.champagnelombardi.com\/en\/wp-json\/wp\/v2\/media?parent=193"}],"curies":[{"name":"wp","href":"https:\/\/api.w.org\/{rel}","templated":true}]}}